{"id":14,"date":"2022-03-09T13:03:55","date_gmt":"2022-03-09T16:03:55","guid":{"rendered":"https:\/\/www.bu.ufmg.br\/catalogacao\/?page_id=14"},"modified":"2025-03-13T17:59:48","modified_gmt":"2025-03-13T20:59:48","slug":"manuais","status":"publish","type":"page","link":"https:\/\/www.bu.ufmg.br\/catalogacao\/manuais\/","title":{"rendered":"Manuais"},"content":{"rendered":"\n<p class=\"has-colibri-color-6-color has-text-color has-medium-font-size\"><a rel=\"noreferrer noopener\" href=\"https:\/\/www.bu.ufmg.br\/catalogacao\/wp-content\/uploads\/2022\/05\/Autoridade-para-Doador-com-CPF-ou-CNPJ.pdf\" target=\"_blank\"><img loading=\"lazy\" decoding=\"async\" width=\"50\" height=\"47\" class=\"wp-image-1116\" style=\"width: 50px;\" src=\"https:\/\/www.bu.ufmg.br\/catalogacao\/wp-content\/uploads\/2022\/05\/icone-pdf-1.png\" alt=\"\"><\/a> Autoridade para doador com CPF ou CNPJ <\/p>\n\n\n\n<p class=\"has-colibri-color-6-color has-text-color has-medium-font-size\"><a href=\"https:\/\/www.bu.ufmg.br\/catalogacao\/wp-content\/uploads\/2022\/05\/BRAILLE-Ultima-versao.pdf\"><img loading=\"lazy\" decoding=\"async\" width=\"50\" height=\"47\" class=\"wp-image-1116\" style=\"width: 50px;\" src=\"https:\/\/www.bu.ufmg.br\/catalogacao\/wp-content\/uploads\/2022\/05\/icone-pdf-1.png\" alt=\"\"><\/a> Diretrizes para cataloga\u00e7\u00e3o de obras em braille no Sistema de Bibliotecas da UFMG<\/p>\n\n\n\n<p class=\"has-colibri-color-6-color has-text-color has-medium-font-size\"><a href=\"https:\/\/www.bu.ufmg.br\/catalogacao\/wp-content\/uploads\/2022\/05\/Catalogacao-de-livros-eletronicos-versao-atual.pdf\" target=\"_blank\" rel=\"noreferrer noopener\"><img loading=\"lazy\" decoding=\"async\" width=\"50\" height=\"47\" class=\"wp-image-1116\" style=\"width: 50px;\" src=\"https:\/\/www.bu.ufmg.br\/catalogacao\/wp-content\/uploads\/2022\/05\/icone-pdf-1.png\" alt=\"\"><\/a> Diretrizes para cataloga\u00e7\u00e3o de livros eletr\u00f4nicos &#8211; E-books no Sistema de Bibliotecas da UFMG<\/p>\n\n\n\n<p class=\"has-colibri-color-6-color has-text-color has-link-color has-medium-font-size wp-elements-39a9db13e0708d6d7f846b3e3c8d7d60\"><a href=\"https:\/\/www.bu.ufmg.br\/catalogacao\/wp-content\/uploads\/2025\/03\/Diretrizes-versao-final_formatado.pdf\" target=\"_blank\" rel=\"noreferrer noopener\"><img loading=\"lazy\" decoding=\"async\" width=\"50\" height=\"47\" class=\"wp-image-1116\" style=\"width: 50px;\" src=\"https:\/\/www.bu.ufmg.br\/catalogacao\/wp-content\/uploads\/2022\/05\/icone-pdf-1.png\" alt=\"\"><\/a> Diretrizes para inclus\u00e3o dos itens bibliogr\u00e1ficos adaptados pelo N\u00facleo de Acessibilidade e Inclus\u00e3o(NAI) no Pergamum<\/p>\n\n\n\n<p class=\"has-colibri-color-6-color has-text-color has-medium-font-size\"><a href=\"https:\/\/www.bu.ufmg.br\/catalogacao\/wp-content\/uploads\/2022\/05\/Estudo-sobre-a-obra-Library-of-Congress.pdf\" target=\"_blank\" rel=\"noreferrer noopener\"><img loading=\"lazy\" decoding=\"async\" width=\"50\" height=\"47\" class=\"wp-image-1116\" style=\"width: 50px;\" src=\"https:\/\/www.bu.ufmg.br\/catalogacao\/wp-content\/uploads\/2022\/05\/icone-pdf-1.png\" alt=\"\"><\/a> Estudo sobre a obra &#8220;Library os Congress Subject Headings&#8221; e o &#8220;Bibliodata Assunto&#8221;<\/p>\n\n\n\n<p class=\"has-colibri-color-6-color has-text-color has-medium-font-size\"><a href=\"https:\/\/www.bu.ufmg.br\/catalogacao\/wp-content\/uploads\/2022\/05\/Indexacao-Artigos-online.pdf\" target=\"_blank\" rel=\"noreferrer noopener\"><img loading=\"lazy\" decoding=\"async\" width=\"50\" height=\"47\" class=\"wp-image-1116\" style=\"width: 50px;\" src=\"https:\/\/www.bu.ufmg.br\/catalogacao\/wp-content\/uploads\/2022\/05\/icone-pdf-1.png\" alt=\"\"><\/a>  Indexa\u00e7\u00e3o de artigos de peri\u00f3dicos (material online)<\/p>\n\n\n\n<p class=\"has-colibri-color-6-color has-text-color has-medium-font-size\"><a href=\"https:\/\/www.bu.ufmg.br\/catalogacao\/wp-content\/uploads\/2022\/05\/VISUAIS-MARC21-PARTE1-revisado-2013-14.pdf\" target=\"_blank\" rel=\"noreferrer noopener\"><img loading=\"lazy\" decoding=\"async\" width=\"50\" height=\"47\" class=\"wp-image-1116\" style=\"width: 50px;\" src=\"https:\/\/www.bu.ufmg.br\/catalogacao\/wp-content\/uploads\/2022\/05\/icone-pdf-1.png\" alt=\"\"><\/a> Manual para entrada de dados bibliogr\u00e1ficos em formato MARC21 : formato para dados bibliogr\u00e1ficos: Materiais visuais  (parte 1)<\/p>\n\n\n\n<p class=\"has-colibri-color-6-color has-text-color has-medium-font-size\"><a href=\"https:\/\/www.bu.ufmg.br\/catalogacao\/wp-content\/uploads\/2022\/05\/VISUAIS-MARC21B-2013-PARTE2-CC.pdf\" target=\"_blank\" rel=\"noreferrer noopener\"><img loading=\"lazy\" decoding=\"async\" width=\"50\" height=\"47\" class=\"wp-image-1116\" style=\"width: 50px;\" src=\"https:\/\/www.bu.ufmg.br\/catalogacao\/wp-content\/uploads\/2022\/05\/icone-pdf-1.png\" alt=\"\"><\/a> Manual para entrada de dados bibliogr\u00e1ficos em formato MARC21 : formato para dados bibliogr\u00e1ficos: Materiais visuais  (parte 2)<\/p>\n\n\n\n<p class=\"has-colibri-color-6-color has-text-color has-medium-font-size\"><a rel=\"noreferrer noopener\" href=\"https:\/\/www.bu.ufmg.br\/catalogacao\/wp-content\/uploads\/2022\/05\/MARC21-AUTORIDADE-2021-acertado-1.pdf\" target=\"_blank\"><img loading=\"lazy\" decoding=\"async\" width=\"50\" height=\"47\" class=\"wp-image-1116\" style=\"width: 50px;\" src=\"https:\/\/www.bu.ufmg.br\/catalogacao\/wp-content\/uploads\/2022\/05\/icone-pdf-1.png\" alt=\"\"><\/a> MARC 21 : formato para entrada de dados de autoridade<\/p>\n\n\n\n<p class=\"has-colibri-color-6-color has-text-color has-medium-font-size\"><a href=\"https:\/\/www.bu.ufmg.br\/catalogacao\/wp-content\/uploads\/2022\/05\/Manual-de-catalogacao-de-musica-UFMG.pdf\" target=\"_blank\" rel=\"noreferrer noopener\"><img loading=\"lazy\" decoding=\"async\" width=\"50\" height=\"47\" class=\"wp-image-1116\" style=\"width: 50px;\" src=\"https:\/\/www.bu.ufmg.br\/catalogacao\/wp-content\/uploads\/2022\/05\/icone-pdf-1.png\" alt=\"\"><\/a> Manual para entrada de dados bibliogr\u00e1ficos em formato MARC21 : m\u00fasica e grava\u00e7\u00e3o de som<\/p>\n\n\n\n<p class=\"has-colibri-color-6-color has-text-color has-medium-font-size\"><a rel=\"noreferrer noopener\" href=\"https:\/\/www.bu.ufmg.br\/catalogacao\/wp-content\/uploads\/2022\/05\/AACR2_seriados.pdf\" target=\"_blank\"><img loading=\"lazy\" decoding=\"async\" width=\"40\" height=\"38\" class=\"wp-image-1116\" style=\"width: 40px;\" src=\"https:\/\/www.bu.ufmg.br\/catalogacao\/wp-content\/uploads\/2022\/05\/icone-pdf-1.png\" alt=\"\"><\/a>  AACR22002 Cap\u00edtulo 12 \u2013 Recursos Cont\u00ednuos: \u00eanfase seriados<\/p>\n\n\n\n<p class=\"has-colibri-color-6-color has-text-color has-medium-font-size\"><a href=\"https:\/\/www.bu.ufmg.br\/catalogacao\/wp-content\/uploads\/2023\/11\/AACR2-2002-CAPITULO-7-FILMES-CINEMATOGRAFICOS-E-GRAVACOES-DE-VIDEO.pdf\"><img loading=\"lazy\" decoding=\"async\" width=\"50\" height=\"47\" class=\"wp-image-1116\" style=\"width: 50px;\" src=\"https:\/\/www.bu.ufmg.br\/catalogacao\/wp-content\/uploads\/2022\/05\/icone-pdf-1.png\" alt=\"\"><\/a>AACR2 2002 &#8211; Cap\u00edtulo 7 &#8211; Filmes Cinematogr\u00e1ficos e grava\u00e7\u00f5es de v\u00eddeo<\/p>\n\n\n\n<p class=\"has-colibri-color-6-color has-text-color has-medium-font-size\"> <a href=\"https:\/\/www.bu.ufmg.br\/catalogacao\/wp-content\/uploads\/2023\/11\/AACR2-2002-\u2013-CAPITULO-3-\u2013-MATERIAL-CARTOGRAFICO-2.pdf\" data-type=\"link\" data-id=\"https:\/\/www.bu.ufmg.br\/catalogacao\/wp-content\/uploads\/2023\/11\/AACR2-2002-\u2013-CAPITULO-3-\u2013-MATERIAL-CARTOGRAFICO-2.pdf\"><img loading=\"lazy\" decoding=\"async\" width=\"50\" height=\"47\" class=\"wp-image-1116\" style=\"width: 50px;\" src=\"https:\/\/www.bu.ufmg.br\/catalogacao\/wp-content\/uploads\/2022\/05\/icone-pdf-1.png\" alt=\"\"><\/a> AARC2 2002 &#8211; Cap\u00edtulo 3 -Entrada de dados em formato MARC21 &#8211;  Material Cartogr\u00e1fico<\/p>\n\n\n\n<p class=\"has-colibri-color-6-color has-text-color has-medium-font-size\"> <a href=\"https:\/\/www.bu.ufmg.br\/catalogacao\/wp-content\/uploads\/2022\/05\/AACR22002-kit-2.pdf\" target=\"_blank\" rel=\"noreferrer noopener\"><img loading=\"lazy\" decoding=\"async\" width=\"50\" height=\"47\" class=\"wp-image-1116\" style=\"width: 50px;\" src=\"https:\/\/www.bu.ufmg.br\/catalogacao\/wp-content\/uploads\/2022\/05\/icone-pdf-1.png\" alt=\"\"><\/a>AACR2 e MARC21 : Cataloga\u00e7\u00e3o e entrada de dados em MARC21 de conjunto de pe\u00e7as (kit)<\/p>\n\n\n\n<p class=\"has-colibri-color-6-color has-text-color has-medium-font-size\"><a rel=\"noreferrer noopener\" href=\"https:\/\/www.bu.ufmg.br\/catalogacao\/wp-content\/uploads\/2022\/05\/Marc-seriados-v.1.pdf\" target=\"_blank\"><img loading=\"lazy\" decoding=\"async\" width=\"40\" height=\"38\" class=\"wp-image-1116\" style=\"width: 40px;\" src=\"https:\/\/www.bu.ufmg.br\/catalogacao\/wp-content\/uploads\/2022\/05\/icone-pdf-1.png\" alt=\"\"><\/a> AACR2 e MARC21: Formato para dados bibliogr\u00e1ficos: \u00eanfase em seriados &#8211; V.1<\/p>\n\n\n\n<p class=\"has-colibri-color-6-color has-text-color has-medium-font-size\"><a href=\"https:\/\/www.bu.ufmg.br\/catalogacao\/wp-content\/uploads\/2022\/05\/marc-seriados-parte-2.pdf\" target=\"_blank\" rel=\"noreferrer noopener\"><img loading=\"lazy\" decoding=\"async\" width=\"40\" height=\"38\" class=\"wp-image-1116\" style=\"width: 40px;\" src=\"https:\/\/www.bu.ufmg.br\/catalogacao\/wp-content\/uploads\/2022\/05\/icone-pdf-1.png\" alt=\"\"><\/a> AACR2 e MARC21: Formato para dados bibliogr\u00e1ficos: \u00eanfase em seriados &#8211; V.2<\/p>\n\n\n\n<p class=\"has-colibri-color-6-color has-text-color has-medium-font-size\"><a href=\"https:\/\/www.bu.ufmg.br\/catalogacao\/wp-content\/uploads\/2022\/05\/manual-mono-18.pdf\" target=\"_blank\" rel=\"noreferrer noopener\"><img loading=\"lazy\" decoding=\"async\" width=\"40\" height=\"38\" class=\"wp-image-1116\" style=\"width: 40px;\" src=\"https:\/\/www.bu.ufmg.br\/catalogacao\/wp-content\/uploads\/2022\/05\/icone-pdf-1.png\" alt=\"\"><\/a> Manual de Entrada de Dados em Formato MARC: monografias&nbsp;<\/p>\n\n\n\n<p class=\"has-colibri-color-6-color has-text-color has-medium-font-size\"><a href=\"https:\/\/www.bu.ufmg.br\/catalogacao\/wp-content\/uploads\/2022\/05\/MARC21B-pontuao2010.pdf\" target=\"_blank\" rel=\"noreferrer noopener\"><img loading=\"lazy\" decoding=\"async\" width=\"40\" height=\"38\" class=\"wp-image-1116\" style=\"width: 40px;\" src=\"https:\/\/www.bu.ufmg.br\/catalogacao\/wp-content\/uploads\/2022\/05\/icone-pdf-1.png\" alt=\"\"><\/a> MARC 21: &nbsp;Formato para Dados Bibliogr\u00e1ficos: Pontua\u00e7\u00e3o<\/p>\n\n\n\n<p class=\"has-colibri-color-6-color has-text-color has-medium-font-size\"><a href=\"https:\/\/www.bu.ufmg.br\/catalogacao\/wp-content\/uploads\/2022\/05\/campo440-obsoleto.pdf\" target=\"_blank\" rel=\"noreferrer noopener\"><img loading=\"lazy\" decoding=\"async\" width=\"40\" height=\"38\" class=\"wp-image-1116\" style=\"width: 40px;\" src=\"https:\/\/www.bu.ufmg.br\/catalogacao\/wp-content\/uploads\/2022\/05\/icone-pdf-1.png\" alt=\"\"><\/a> Campo 440 obsoleto: implementa\u00e7\u00e3o de uso do campo 490<\/p>\n\n\n\n<p><\/p>\n","protected":false},"excerpt":{"rendered":"<p>Autoridade para doador com CPF ou CNPJ Diretrizes para cataloga\u00e7\u00e3o de obras em braille no Sistema de Bibliotecas da UFMG Diretrizes para cataloga\u00e7\u00e3o de livros eletr\u00f4nicos &#8211; E-books no Sistema de Bibliotecas da UFMG Diretrizes para inclus\u00e3o dos itens bibliogr\u00e1ficos adaptados pelo N\u00facleo de Acessibilidade e Inclus\u00e3o(NAI) no Pergamum Estudo sobre a obra &#8220;Library os [&hellip;]<\/p>\n","protected":false},"author":1,"featured_media":0,"parent":0,"menu_order":0,"comment_status":"closed","ping_status":"closed","template":"","meta":{"footnotes":""},"class_list":["post-14","page","type-page","status-publish","hentry"],"_links":{"self":[{"href":"https:\/\/www.bu.ufmg.br\/catalogacao\/wp-json\/wp\/v2\/pages\/14","targetHints":{"allow":["GET"]}}],"collection":[{"href":"https:\/\/www.bu.ufmg.br\/catalogacao\/wp-json\/wp\/v2\/pages"}],"about":[{"href":"https:\/\/www.bu.ufmg.br\/catalogacao\/wp-json\/wp\/v2\/types\/page"}],"author":[{"embeddable":true,"href":"https:\/\/www.bu.ufmg.br\/catalogacao\/wp-json\/wp\/v2\/users\/1"}],"replies":[{"embeddable":true,"href":"https:\/\/www.bu.ufmg.br\/catalogacao\/wp-json\/wp\/v2\/comments?post=14"}],"version-history":[{"count":0,"href":"https:\/\/www.bu.ufmg.br\/catalogacao\/wp-json\/wp\/v2\/pages\/14\/revisions"}],"wp:attachment":[{"href":"https:\/\/www.bu.ufmg.br\/catalogacao\/wp-json\/wp\/v2\/media?parent=14"}],"curies":[{"name":"wp","href":"https:\/\/api.w.org\/{rel}","templated":true}]}}