{"id":1395,"date":"2022-11-22T21:59:06","date_gmt":"2022-11-23T00:59:06","guid":{"rendered":"https:\/\/www.bu.ufmg.br\/catalogacao\/?page_id=1395"},"modified":"2024-01-23T17:53:54","modified_gmt":"2024-01-23T20:53:54","slug":"atualizacao-catalogacao-campo-lider","status":"publish","type":"page","link":"https:\/\/www.bu.ufmg.br\/catalogacao\/atualizacao-catalogacao-campo-lider\/","title":{"rendered":"Atualiza\u00e7\u00e3o Vers\u00e3o 10 &#8211; Cat\u00e1logo Online"},"content":{"rendered":"\n<h2 class=\"wp-block-heading has-colibri-color-6-color has-text-color\" style=\"font-size:27px;font-style:normal;font-weight:700\">1.\u00a0 CAT\u00c1LOGO <em>ON-LINE<\/em><\/h2>\n\n\n\n<p>O conceito da pesquisa passou por altera\u00e7\u00f5es, de maneira que inicialmente pesquisa-se o que h\u00e1 no cat\u00e1logo para somente ap\u00f3s visualizar os dados recuperados, ser\u00e1 poss\u00edvel refinar a busca ao utilizar os filtros como: Biblioteca, tipo de obra, ano de publica\u00e7\u00e3o, idioma, cole\u00e7\u00e3o, autores, assuntos, entre outros.<\/p>\n\n\n<div class=\"wp-block-image\">\n<figure class=\"aligncenter size-large\"><img loading=\"lazy\" decoding=\"async\" width=\"1024\" height=\"517\" src=\"https:\/\/www.bu.ufmg.br\/catalogacao\/wp-content\/uploads\/2024\/01\/image-9-1024x517.png\" alt=\"\" class=\"wp-image-1502\" srcset=\"https:\/\/www.bu.ufmg.br\/catalogacao\/wp-content\/uploads\/2024\/01\/image-9-1024x517.png 1024w, https:\/\/www.bu.ufmg.br\/catalogacao\/wp-content\/uploads\/2024\/01\/image-9-300x151.png 300w, https:\/\/www.bu.ufmg.br\/catalogacao\/wp-content\/uploads\/2024\/01\/image-9-768x388.png 768w, https:\/\/www.bu.ufmg.br\/catalogacao\/wp-content\/uploads\/2024\/01\/image-9.png 1377w\" sizes=\"auto, (max-width: 1024px) 100vw, 1024px\" \/><figcaption class=\"wp-element-caption\"><strong>Figura: Cat\u00e1logo <em>on-line<\/em><\/strong><\/figcaption><\/figure><\/div>\n\n\n<p><strong>Altera\u00e7\u00f5es gerais<\/strong>:<strong><br><\/strong><span style=\"text-decoration: underline;\">Disposi\u00e7\u00e3o das fun\u00e7\u00f5es e campos<\/span>: Pesquisa Geral; Pesquisa Avan\u00e7ada; Autoridades; E-books; Acessibilidade; Novas aquisi\u00e7\u00f5es.<br><span style=\"text-decoration: underline;\">Cat\u00e1logo configur\u00e1vel<\/span>: Imagem de fundo, abas de Informa\u00e7\u00f5es Gerais, Atendimento; Eventos &amp; Cursos e D\u00favidas frequentes.<\/p>\n\n\n<div class=\"wp-block-image\">\n<figure class=\"aligncenter size-large\"><img loading=\"lazy\" decoding=\"async\" width=\"1024\" height=\"394\" src=\"https:\/\/www.bu.ufmg.br\/catalogacao\/wp-content\/uploads\/2024\/01\/image-10-1024x394.png\" alt=\"\" class=\"wp-image-1503\" srcset=\"https:\/\/www.bu.ufmg.br\/catalogacao\/wp-content\/uploads\/2024\/01\/image-10-1024x394.png 1024w, https:\/\/www.bu.ufmg.br\/catalogacao\/wp-content\/uploads\/2024\/01\/image-10-300x115.png 300w, https:\/\/www.bu.ufmg.br\/catalogacao\/wp-content\/uploads\/2024\/01\/image-10-768x296.png 768w, https:\/\/www.bu.ufmg.br\/catalogacao\/wp-content\/uploads\/2024\/01\/image-10.png 1377w\" sizes=\"auto, (max-width: 1024px) 100vw, 1024px\" \/><figcaption class=\"wp-element-caption\"><strong>Figura: Cat\u00e1logo <em>on-line<\/em><\/strong><\/figcaption><\/figure><\/div>\n\n\n<p><span style=\"text-decoration: underline;\">Modo de exibi\u00e7\u00e3o<\/span>: Padr\u00e3o e formato de Refer\u00eancia.<\/p>\n\n\n<div class=\"wp-block-image\">\n<figure class=\"aligncenter size-full\"><img loading=\"lazy\" decoding=\"async\" width=\"993\" height=\"512\" src=\"https:\/\/www.bu.ufmg.br\/catalogacao\/wp-content\/uploads\/2024\/01\/image-11.png\" alt=\"\" class=\"wp-image-1504\" srcset=\"https:\/\/www.bu.ufmg.br\/catalogacao\/wp-content\/uploads\/2024\/01\/image-11.png 993w, https:\/\/www.bu.ufmg.br\/catalogacao\/wp-content\/uploads\/2024\/01\/image-11-300x155.png 300w, https:\/\/www.bu.ufmg.br\/catalogacao\/wp-content\/uploads\/2024\/01\/image-11-768x396.png 768w\" sizes=\"auto, (max-width: 993px) 100vw, 993px\" \/><figcaption class=\"wp-element-caption\"><strong>Figura: Cat\u00e1logo <em>on-line<\/em><\/strong><\/figcaption><\/figure><\/div>\n\n\n<p>Disposi\u00e7\u00e3o das informa\u00e7\u00f5es da obra na mesma tela, ou seja, sem abrir pop up, a exemplo de Dados do acervo, Informa\u00e7\u00f5es dos exemplares, Refer\u00eancia e outros. Navega\u00e7\u00e3o entre uma obra e outra assim como na imagem abaixo:<\/p>\n\n\n<div class=\"wp-block-image\">\n<figure class=\"aligncenter size-large\"><img loading=\"lazy\" decoding=\"async\" width=\"1024\" height=\"420\" src=\"https:\/\/www.bu.ufmg.br\/catalogacao\/wp-content\/uploads\/2024\/01\/image-12-1024x420.png\" alt=\"\" class=\"wp-image-1505\" srcset=\"https:\/\/www.bu.ufmg.br\/catalogacao\/wp-content\/uploads\/2024\/01\/image-12-1024x420.png 1024w, https:\/\/www.bu.ufmg.br\/catalogacao\/wp-content\/uploads\/2024\/01\/image-12-300x123.png 300w, https:\/\/www.bu.ufmg.br\/catalogacao\/wp-content\/uploads\/2024\/01\/image-12-768x315.png 768w, https:\/\/www.bu.ufmg.br\/catalogacao\/wp-content\/uploads\/2024\/01\/image-12-1536x629.png 1536w, https:\/\/www.bu.ufmg.br\/catalogacao\/wp-content\/uploads\/2024\/01\/image-12.png 1872w\" sizes=\"auto, (max-width: 1024px) 100vw, 1024px\" \/><figcaption class=\"wp-element-caption\"><strong>Figura: Cat\u00e1logo <em>on-line<\/em><\/strong><\/figcaption><\/figure><\/div>\n\n\n<p>Sistema totalmente responsivo e por isso, na vers\u00e3o 10, n\u00e3o h\u00e1 Mobile.<br>Ao acessar o Meu Pergamum, o sistema abrir\u00e1 uma nova janela com os dados do Meu Pergamum. Ao realizar o logoff (deslogar), o usu\u00e1rio ser\u00e1 direcionado para tela de p\u00e1gina inicial da consulta. O Meu Pergamum est\u00e1 em desenvolvimento para nova vers\u00e3o com previs\u00e3o de entrega em dezembro de 2022.<br>Maiores informa\u00e7\u00f5es ser\u00e3o encontradas no manual do Cat\u00e1logo on-line que est\u00e1 em processo de elabora\u00e7\u00e3o.<\/p>\n\n\n\n<h2 class=\"wp-block-heading has-colibri-color-6-color has-text-color\" style=\"font-size:27px;font-style:normal;font-weight:700\">2.\u00a0 LOCALIZA\u00c7\u00c3O DO EXEMPLAR<\/h2>\n\n\n\n<p>Alterado a visualiza\u00e7\u00e3o da localiza\u00e7\u00e3o do exemplar. Agora a informa\u00e7\u00e3o ser\u00e1 apresentada no formato de link, conforme abaixo.<\/p>\n\n\n\n<figure class=\"wp-block-image size-full\"><img loading=\"lazy\" decoding=\"async\" width=\"715\" height=\"187\" src=\"https:\/\/www.bu.ufmg.br\/catalogacao\/wp-content\/uploads\/2024\/01\/image-13.png\" alt=\"\" class=\"wp-image-1506\" srcset=\"https:\/\/www.bu.ufmg.br\/catalogacao\/wp-content\/uploads\/2024\/01\/image-13.png 715w, https:\/\/www.bu.ufmg.br\/catalogacao\/wp-content\/uploads\/2024\/01\/image-13-300x78.png 300w\" sizes=\"auto, (max-width: 715px) 100vw, 715px\" \/><\/figure>\n\n\n\n<p><\/p>\n\n\n\n<h2 class=\"wp-block-heading has-colibri-color-6-color has-text-color\" style=\"font-size:27px;font-style:normal;font-weight:700\">3. RENOVA\u00c7\u00c3O DE VALIDADE &#8211; CADASTRO DE USU\u00c1RIO<\/h2>\n\n\n\n<p>Redefinida a forma de renova\u00e7\u00e3o da validade do cadastro de usu\u00e1rio. De acordo com a parametriza\u00e7\u00e3o, o sistema emitir\u00e1 a mensagem: Seu cadastro est\u00e1 prestes a expirar. Por favor, renove-o agora!<\/p>\n\n\n<div class=\"wp-block-image\">\n<figure class=\"aligncenter size-full\"><img loading=\"lazy\" decoding=\"async\" width=\"329\" height=\"136\" src=\"https:\/\/www.bu.ufmg.br\/catalogacao\/wp-content\/uploads\/2024\/01\/image-14.png\" alt=\"\" class=\"wp-image-1507\" srcset=\"https:\/\/www.bu.ufmg.br\/catalogacao\/wp-content\/uploads\/2024\/01\/image-14.png 329w, https:\/\/www.bu.ufmg.br\/catalogacao\/wp-content\/uploads\/2024\/01\/image-14-300x124.png 300w\" sizes=\"auto, (max-width: 329px) 100vw, 329px\" \/><\/figure><\/div>\n\n\n<p>Ao clicar em SIM, o usu\u00e1rio ser\u00e1 direcionado para a tela de dados pessoais do Meu Pergamum. Clicando em N\u00c3O, fecha o alerta e o usu\u00e1rio \u00e9 direcionado para a tela principal do Meu Pergamum.<\/p>\n\n\n\n<p><\/p>\n\n\n\n<h2 class=\"wp-block-heading has-colibri-color-6-color has-text-color\" style=\"font-size:27px;font-style:normal;font-weight:700\">4. FILTROS DA PESQUISA<\/h2>\n\n\n\n<p>Alterada a op\u00e7\u00e3o de filtros na pesquisa. Ap\u00f3s realizar uma pesquisa agora \u00e9 poss\u00edvel aplicar mais de um filtro do mesmo grupo simultaneamente. Por exemplo filtrar por duas ou mais bibliotecas.<\/p>\n\n\n<div class=\"wp-block-image\">\n<figure class=\"aligncenter size-large\"><img loading=\"lazy\" decoding=\"async\" width=\"1024\" height=\"444\" src=\"https:\/\/www.bu.ufmg.br\/catalogacao\/wp-content\/uploads\/2024\/01\/image-15-1024x444.png\" alt=\"\" class=\"wp-image-1508\" srcset=\"https:\/\/www.bu.ufmg.br\/catalogacao\/wp-content\/uploads\/2024\/01\/image-15-1024x444.png 1024w, https:\/\/www.bu.ufmg.br\/catalogacao\/wp-content\/uploads\/2024\/01\/image-15-300x130.png 300w, https:\/\/www.bu.ufmg.br\/catalogacao\/wp-content\/uploads\/2024\/01\/image-15-768x333.png 768w, https:\/\/www.bu.ufmg.br\/catalogacao\/wp-content\/uploads\/2024\/01\/image-15.png 1350w\" sizes=\"auto, (max-width: 1024px) 100vw, 1024px\" \/><figcaption class=\"wp-element-caption\"><strong>Figura: Filtros da pesquisa<\/strong><\/figcaption><\/figure><\/div>\n\n\n<p><\/p>\n\n\n\n<h2 class=\"wp-block-heading has-colibri-color-6-color has-text-color\" style=\"font-size:27px;font-style:normal;font-weight:700\">5. DETALHES DAS AUTORIDADES<\/h2>\n\n\n\n<p>Melhorada a forma de visualizar os detalhes de uma autoridade, no campo de assunto, no cat\u00e1logo on-line.<\/p>\n\n\n<div class=\"wp-block-image\">\n<figure class=\"aligncenter size-full\"><img loading=\"lazy\" decoding=\"async\" width=\"983\" height=\"517\" src=\"https:\/\/www.bu.ufmg.br\/catalogacao\/wp-content\/uploads\/2024\/01\/image-16.png\" alt=\"\" class=\"wp-image-1509\" srcset=\"https:\/\/www.bu.ufmg.br\/catalogacao\/wp-content\/uploads\/2024\/01\/image-16.png 983w, https:\/\/www.bu.ufmg.br\/catalogacao\/wp-content\/uploads\/2024\/01\/image-16-300x158.png 300w, https:\/\/www.bu.ufmg.br\/catalogacao\/wp-content\/uploads\/2024\/01\/image-16-768x404.png 768w\" sizes=\"auto, (max-width: 983px) 100vw, 983px\" \/><figcaption class=\"wp-element-caption\"><strong>Figura: Detalhes das autoridades<\/strong><\/figcaption><\/figure><\/div>\n\n<div class=\"wp-block-image\">\n<figure class=\"aligncenter size-full\"><img loading=\"lazy\" decoding=\"async\" width=\"976\" height=\"590\" src=\"https:\/\/www.bu.ufmg.br\/catalogacao\/wp-content\/uploads\/2024\/01\/image-17.png\" alt=\"\" class=\"wp-image-1510\" srcset=\"https:\/\/www.bu.ufmg.br\/catalogacao\/wp-content\/uploads\/2024\/01\/image-17.png 976w, https:\/\/www.bu.ufmg.br\/catalogacao\/wp-content\/uploads\/2024\/01\/image-17-300x181.png 300w, https:\/\/www.bu.ufmg.br\/catalogacao\/wp-content\/uploads\/2024\/01\/image-17-768x464.png 768w\" sizes=\"auto, (max-width: 976px) 100vw, 976px\" \/><figcaption class=\"wp-element-caption\"><strong>Figura: Detalhes das autoridades<\/strong><\/figcaption><\/figure><\/div>","protected":false},"excerpt":{"rendered":"<p>1.\u00a0 CAT\u00c1LOGO ON-LINE O conceito da pesquisa passou por altera\u00e7\u00f5es, de maneira que inicialmente pesquisa-se o que h\u00e1 no cat\u00e1logo para somente ap\u00f3s visualizar os dados recuperados, ser\u00e1 poss\u00edvel refinar a busca ao utilizar os filtros como: Biblioteca, tipo de obra, ano de publica\u00e7\u00e3o, idioma, cole\u00e7\u00e3o, autores, assuntos, entre outros. Altera\u00e7\u00f5es gerais:Disposi\u00e7\u00e3o das fun\u00e7\u00f5es e [&hellip;]<\/p>\n","protected":false},"author":2,"featured_media":0,"parent":0,"menu_order":0,"comment_status":"closed","ping_status":"closed","template":"","meta":{"footnotes":""},"class_list":["post-1395","page","type-page","status-publish","hentry"],"_links":{"self":[{"href":"https:\/\/www.bu.ufmg.br\/catalogacao\/wp-json\/wp\/v2\/pages\/1395","targetHints":{"allow":["GET"]}}],"collection":[{"href":"https:\/\/www.bu.ufmg.br\/catalogacao\/wp-json\/wp\/v2\/pages"}],"about":[{"href":"https:\/\/www.bu.ufmg.br\/catalogacao\/wp-json\/wp\/v2\/types\/page"}],"author":[{"embeddable":true,"href":"https:\/\/www.bu.ufmg.br\/catalogacao\/wp-json\/wp\/v2\/users\/2"}],"replies":[{"embeddable":true,"href":"https:\/\/www.bu.ufmg.br\/catalogacao\/wp-json\/wp\/v2\/comments?post=1395"}],"version-history":[{"count":0,"href":"https:\/\/www.bu.ufmg.br\/catalogacao\/wp-json\/wp\/v2\/pages\/1395\/revisions"}],"wp:attachment":[{"href":"https:\/\/www.bu.ufmg.br\/catalogacao\/wp-json\/wp\/v2\/media?parent=1395"}],"curies":[{"name":"wp","href":"https:\/\/api.w.org\/{rel}","templated":true}]}}