{"id":138,"date":"2022-03-29T18:13:12","date_gmt":"2022-03-29T21:13:12","guid":{"rendered":"https:\/\/www.bu.ufmg.br\/catalogacao\/?page_id=138"},"modified":"2022-05-12T21:53:27","modified_gmt":"2022-05-13T00:53:27","slug":"exclusao-de-rbm","status":"publish","type":"page","link":"https:\/\/www.bu.ufmg.br\/catalogacao\/exclusao-de-rbm\/","title":{"rendered":"Exclus\u00e3o de RBM"},"content":{"rendered":"\n<figure class=\"wp-block-table has-medium-font-size\"><table class=\"has-colibri-color-6-color has-text-color has-background\" style=\"background:linear-gradient(100deg,rgb(238,238,238) 0%,rgb(169,184,195) 100%)\"><thead><tr><th class=\"has-text-align-left\" data-align=\"left\">BIBLIOTECA UNIVERSIT\u00c1RIA &#8211; UFMG<br>CENTRAL DE CONTROLE E QUALIDADE DA CATALOGA\u00c7\u00c3O -CCQC<\/th><\/tr><\/thead><tbody><tr><td class=\"has-text-align-left\" data-align=\"left\"><br><\/td><\/tr><tr><td class=\"has-text-align-left\" data-align=\"left\"><strong>COMUNICADO N\u00ba<\/strong> 05\/2006&nbsp;&nbsp;&nbsp;&nbsp;&nbsp;&nbsp;&nbsp;&nbsp;&nbsp;&nbsp;&nbsp;&nbsp;&nbsp;&nbsp;&nbsp;&nbsp;&nbsp;&nbsp;<strong>&nbsp; DATA:<\/strong> 08\/06\/2006<\/td><\/tr><tr><td class=\"has-text-align-left\" data-align=\"left\"><strong>ASSUNTO:&nbsp; <\/strong>Exclus\u00e3o de patrim\u00f4nio, Exclus\u00e3o de RBM<\/td><\/tr><tr><td class=\"has-text-align-left\" data-align=\"left\"><br><strong>Exclus\u00e3o de registro bibliogr\u00e1fico (RBM):<\/strong><br>Quando dizemos, no Pergamum, que estamos excluindo um registro, na verdade estamos limpando a tela, pois o n\u00famero do acervo permanece \u201cem branco\u201d na base.<br>&nbsp;<br><strong>Obs.: N\u00e3o reaproveitar o acervo \u201cexclu\u00eddo\u201d.<\/strong><\/td><\/tr><\/tbody><\/table><\/figure>\n","protected":false},"excerpt":{"rendered":"<p>BIBLIOTECA UNIVERSIT\u00c1RIA &#8211; UFMGCENTRAL DE CONTROLE E QUALIDADE DA CATALOGA\u00c7\u00c3O -CCQC COMUNICADO N\u00ba 05\/2006&nbsp;&nbsp;&nbsp;&nbsp;&nbsp;&nbsp;&nbsp;&nbsp;&nbsp;&nbsp;&nbsp;&nbsp;&nbsp;&nbsp;&nbsp;&nbsp;&nbsp;&nbsp;&nbsp; DATA: 08\/06\/2006 ASSUNTO:&nbsp; Exclus\u00e3o de patrim\u00f4nio, Exclus\u00e3o de RBM Exclus\u00e3o de registro bibliogr\u00e1fico (RBM):Quando dizemos, no Pergamum, que estamos excluindo um registro, na verdade estamos limpando a tela, pois o n\u00famero do acervo permanece \u201cem branco\u201d na base.&nbsp;Obs.: N\u00e3o reaproveitar o [&hellip;]<\/p>\n","protected":false},"author":1,"featured_media":0,"parent":0,"menu_order":0,"comment_status":"closed","ping_status":"closed","template":"","meta":{"footnotes":""},"class_list":["post-138","page","type-page","status-publish","hentry"],"_links":{"self":[{"href":"https:\/\/www.bu.ufmg.br\/catalogacao\/wp-json\/wp\/v2\/pages\/138","targetHints":{"allow":["GET"]}}],"collection":[{"href":"https:\/\/www.bu.ufmg.br\/catalogacao\/wp-json\/wp\/v2\/pages"}],"about":[{"href":"https:\/\/www.bu.ufmg.br\/catalogacao\/wp-json\/wp\/v2\/types\/page"}],"author":[{"embeddable":true,"href":"https:\/\/www.bu.ufmg.br\/catalogacao\/wp-json\/wp\/v2\/users\/1"}],"replies":[{"embeddable":true,"href":"https:\/\/www.bu.ufmg.br\/catalogacao\/wp-json\/wp\/v2\/comments?post=138"}],"version-history":[{"count":0,"href":"https:\/\/www.bu.ufmg.br\/catalogacao\/wp-json\/wp\/v2\/pages\/138\/revisions"}],"wp:attachment":[{"href":"https:\/\/www.bu.ufmg.br\/catalogacao\/wp-json\/wp\/v2\/media?parent=138"}],"curies":[{"name":"wp","href":"https:\/\/api.w.org\/{rel}","templated":true}]}}