{"id":136,"date":"2022-03-29T18:11:43","date_gmt":"2022-03-29T21:11:43","guid":{"rendered":"https:\/\/www.bu.ufmg.br\/catalogacao\/?page_id=136"},"modified":"2022-05-12T21:42:11","modified_gmt":"2022-05-13T00:42:11","slug":"campo-045-codigo-de-periodo-cronologico","status":"publish","type":"page","link":"https:\/\/www.bu.ufmg.br\/catalogacao\/campo-045-codigo-de-periodo-cronologico\/","title":{"rendered":"Campo 045 &#8211; C\u00f3digo de Per\u00edodo Cronol\u00f3gico"},"content":{"rendered":"\n<figure class=\"wp-block-table has-medium-font-size\"><table class=\"has-colibri-color-6-color has-text-color has-background\" style=\"background:linear-gradient(100deg,rgb(238,238,238) 0%,rgb(169,184,195) 100%)\"><thead><tr><th class=\"has-text-align-left\" data-align=\"left\">BIBLIOTECA UNIVERSIT\u00c1RIA \u2013 UFMG&nbsp;&nbsp;&nbsp;&nbsp;&nbsp;&nbsp;&nbsp;&nbsp;&nbsp;&nbsp;&nbsp;&nbsp;&nbsp;&nbsp;&nbsp;&nbsp;&nbsp;&nbsp;&nbsp;&nbsp;&nbsp;&nbsp;&nbsp;&nbsp;&nbsp;&nbsp;&nbsp;&nbsp;&nbsp;&nbsp;&nbsp;&nbsp;&nbsp;&nbsp;&nbsp;&nbsp;&nbsp;&nbsp;&nbsp;&nbsp;&nbsp;&nbsp;&nbsp;&nbsp;&nbsp;<br>CENTRAL DE CONTROLE E QUALIDADE DA CATALOGA\u00c7\u00c3O &#8211; CCQC<\/th><\/tr><\/thead><tbody><tr><td class=\"has-text-align-left\" data-align=\"left\"><br><\/td><\/tr><tr><td class=\"has-text-align-left\" data-align=\"left\"><strong>COMUNICADO N\u00ba:<\/strong> &nbsp; 3&nbsp; &nbsp; &nbsp; &nbsp; &nbsp; &nbsp; &nbsp;<strong> &nbsp;DATA:<\/strong>&nbsp; 2006<\/td><\/tr><tr><td class=\"has-text-align-left\" data-align=\"left\"><strong>ASSUNTO:<\/strong> 045<\/td><\/tr><tr><td class=\"has-text-align-left\" data-align=\"left\"><br>Prezados (as) Catalogadores(as),<br>Em reuni\u00e3o com o grupo de cataloga\u00e7\u00e3o, foi discutido sobre o uso ou n\u00e3o do campo 045. Ficou decidido pelo uso de acordo com o MARC&nbsp;&nbsp;21.<br>Anexo o campo 045. Solicitamos a inclus\u00e3o deste campo nos manuais.<br>&nbsp;<br>Lembramos que na \u00e9poca do VTLS, por decis\u00e3o interna, este campo n\u00e3o foi utilizado nos registros bibliogr\u00e1ficos devido \u00e0 consist\u00eancia de buffer.<\/td><\/tr><\/tbody><\/table><\/figure>\n\n\n\n<figure class=\"wp-block-table has-medium-font-size\"><table class=\"has-colibri-color-6-color has-text-color has-background\" style=\"background:linear-gradient(100deg,rgb(238,238,238) 0%,rgb(169,184,195) 100%)\"><tbody><tr><td>&nbsp;<strong>CAMPO 045&nbsp;<\/strong>\u2013 C\u00f3digo de per\u00edodo cronol\u00f3gico ( NR )<br>&#8211;&nbsp;Cont\u00e9m o c\u00f3digo de per\u00edodo cronol\u00f3gico composto de 4 caracteres<br>alfanum\u00e9ricos, retirados da&nbsp;<strong>Tabela de per\u00edodo cronol\u00f3gico.<\/strong><br>&#8211;&nbsp;Campo associado ao conte\u00fado \u201ccronol\u00f3gico\u201d do item ( bloco 6XX) ; por<br>exemplo, 650 #4 $a Filosofia $x Hist\u00f3ria $y S\u00e9c. XVI<br>&nbsp;<\/td><\/tr><\/tbody><\/table><\/figure>\n\n\n\n<figure class=\"wp-block-table has-medium-font-size\"><table class=\"has-colibri-color-6-color has-text-color has-background\" style=\"background:linear-gradient(100deg,rgb(238,238,238) 0%,rgb(169,184,195) 100%)\"><tbody><tr><td><br>C\u00f3digo de Per\u00edodo Cronol\u00f3gico (NR)<br>Quatro caracteres alfanum\u00e9ricos que s\u00e3o determinados de acordo com a &#8220;Tabela de Per\u00edodo Cronol\u00f3gico&#8221;.<br><strong>Indicador 1<\/strong><br><strong>Tipo de \u00e1rea cronol\u00f3gica no subcampo $b ou $c<\/strong><br>&nbsp;<br># Subcampos $b $c n\u00e3o presentes<br>&nbsp;<br>&nbsp;&nbsp;&nbsp;<br><strong>Indicador 2<\/strong><br><strong>Indefinido<\/strong><br>&nbsp;<br># Em branco<br>&nbsp;<br><strong>Subcampos<\/strong><br>&nbsp;<br>&nbsp;a C\u00f3digo da \u00e1rea cronol\u00f3gica (R)<br>&nbsp;<br>Quatro caracteres alfanum\u00e9ricos provenientes da tabela de \u00c1rea Cronol\u00f3gica.<br>&nbsp;<br>b Per\u00edodo formatado (R)<br>&nbsp;<br>c Per\u00edodo anterior a 9999 a.c. (R)<\/td><\/tr><\/tbody><\/table><\/figure>\n\n\n\n<figure class=\"wp-block-table has-medium-font-size\"><table class=\"has-colibri-color-6-color has-text-color has-background\" style=\"background:linear-gradient(100deg,rgb(238,238,238) 0%,rgb(169,184,195) 100%)\"><tbody><tr><td>EXEMPLOS:<br>045 ## $a t0u0 corresponde a 1500 -1600<br>045 ## $a x2x3 corresponde a 1920-1930<br>045 ## $a w7x3 corresponde a 1870-1930<\/td><\/tr><\/tbody><\/table><\/figure>\n\n\n\n<p><strong>Tabela Cronol\u00f3gica<\/strong><\/p>\n\n\n\n<div class=\"wp-block-group\"><div class=\"wp-block-group__inner-container is-layout-flow wp-block-group-is-layout-flow\">\n<figure class=\"wp-block-table has-medium-font-size\"><table class=\"has-colibri-color-6-color has-text-color has-background\" style=\"background:linear-gradient(100deg,rgb(238,238,238) 0%,rgb(169,184,195) 100%)\"><tbody><tr><td>C\u00d3DIGO<\/td><td>PER\u00cdODO DE TEMPO A . C.<\/td><td>C\u00d3DIGO<\/td><td>PER\u00cdODO DE TEMPO<br>D . C .<\/td><\/tr><tr><td>a0<\/td><td>Antes de 2999<\/td><td>e-<\/td><td>1-99<\/td><\/tr><tr><td>b0<\/td><td>2999-2900<\/td><td>f-<\/td><td>100-199<\/td><\/tr><tr><td>b1<\/td><td>2899-2800<\/td><td>g-<\/td><td>200-299<\/td><\/tr><tr><td>b2<\/td><td>2799-2700<\/td><td>h-<\/td><td>300-399<\/td><\/tr><tr><td>b3<\/td><td>2699-2600<\/td><td>i<\/td><td>400-499<\/td><\/tr><tr><td>b4<\/td><td>2599-2500<\/td><td>j<\/td><td>500-599<\/td><\/tr><tr><td>b5<\/td><td>2499-2400<\/td><td>k-<\/td><td>600-699<\/td><\/tr><tr><td>b6<\/td><td>2399-2300<\/td><td>l-<\/td><td>700-799<\/td><\/tr><tr><td>b7<\/td><td>2299-2200<\/td><td>m-<\/td><td>800-899<\/td><\/tr><tr><td>b8<\/td><td>2199-2100<\/td><td>n-<\/td><td>900-999<\/td><\/tr><tr><td>b9<\/td><td>2099-2000<\/td><td>o-<\/td><td>1000-1099<\/td><\/tr><tr><td>c0<\/td><td>1999-1900<\/td><td>p-<\/td><td>1100-1199<\/td><\/tr><tr><td>c1<\/td><td>1899-1800<\/td><td>q-<\/td><td>1200-1299<\/td><\/tr><tr><td>c2<\/td><td>1799-1700<\/td><td>r-<\/td><td>1300-1399<\/td><\/tr><tr><td>c3<\/td><td>1699-1600<\/td><td>s-<\/td><td>1400-1499<\/td><\/tr><tr><td>c4<\/td><td>1599-1500<\/td><td>t-<\/td><td>1500-1599<\/td><\/tr><tr><td>c5<\/td><td>1499-1400<\/td><td>u-<\/td><td>1600-1699<\/td><\/tr><tr><td>c6<\/td><td>1399-1300<\/td><td>v-<\/td><td>1700-1799<\/td><\/tr><tr><td>c7<\/td><td>1299-1200<\/td><td>w-<\/td><td>1800-1899<\/td><\/tr><tr><td>c8<\/td><td>1199-1100<\/td><td>x-<\/td><td>1900-1999<\/td><\/tr><tr><td>c9<\/td><td>1099-1000<\/td><td>y-<\/td><td>2000-2099<\/td><\/tr><tr><td>d0<\/td><td>999-900<\/td><td><\/td><td><\/td><\/tr><tr><td>d1<\/td><td>899-800<\/td><td><\/td><td><\/td><\/tr><tr><td>d2<\/td><td>799-700<\/td><td><\/td><td><\/td><\/tr><tr><td>d3<\/td><td>699-600<\/td><td><\/td><td><\/td><\/tr><tr><td>d4<\/td><td>599-500<\/td><td><\/td><td><\/td><\/tr><tr><td>d5<\/td><td>499-400<\/td><td><\/td><td><\/td><\/tr><tr><td>d6<\/td><td>399-300<\/td><td><\/td><td><\/td><\/tr><tr><td>d7<\/td><td>299-200<\/td><td><\/td><td><\/td><\/tr><tr><td>d8<\/td><td>199-100<\/td><td><\/td><td><\/td><\/tr><tr><td>d9<\/td><td>99-1<\/td><td><\/td><td><\/td><\/tr><\/tbody><\/table><\/figure>\n<\/div><\/div>\n","protected":false},"excerpt":{"rendered":"<p>BIBLIOTECA UNIVERSIT\u00c1RIA \u2013 UFMG&nbsp;&nbsp;&nbsp;&nbsp;&nbsp;&nbsp;&nbsp;&nbsp;&nbsp;&nbsp;&nbsp;&nbsp;&nbsp;&nbsp;&nbsp;&nbsp;&nbsp;&nbsp;&nbsp;&nbsp;&nbsp;&nbsp;&nbsp;&nbsp;&nbsp;&nbsp;&nbsp;&nbsp;&nbsp;&nbsp;&nbsp;&nbsp;&nbsp;&nbsp;&nbsp;&nbsp;&nbsp;&nbsp;&nbsp;&nbsp;&nbsp;&nbsp;&nbsp;&nbsp;&nbsp;CENTRAL DE CONTROLE E QUALIDADE DA CATALOGA\u00c7\u00c3O &#8211; CCQC COMUNICADO N\u00ba: &nbsp; 3&nbsp; &nbsp; &nbsp; &nbsp; &nbsp; &nbsp; &nbsp; &nbsp;DATA:&nbsp; 2006 ASSUNTO: 045 Prezados (as) Catalogadores(as),Em reuni\u00e3o com o grupo de cataloga\u00e7\u00e3o, foi discutido sobre o uso ou n\u00e3o do campo 045. Ficou decidido pelo uso de acordo com o MARC&nbsp;&nbsp;21.Anexo o [&hellip;]<\/p>\n","protected":false},"author":1,"featured_media":0,"parent":0,"menu_order":0,"comment_status":"closed","ping_status":"closed","template":"","meta":{"footnotes":""},"class_list":["post-136","page","type-page","status-publish","hentry"],"_links":{"self":[{"href":"https:\/\/www.bu.ufmg.br\/catalogacao\/wp-json\/wp\/v2\/pages\/136","targetHints":{"allow":["GET"]}}],"collection":[{"href":"https:\/\/www.bu.ufmg.br\/catalogacao\/wp-json\/wp\/v2\/pages"}],"about":[{"href":"https:\/\/www.bu.ufmg.br\/catalogacao\/wp-json\/wp\/v2\/types\/page"}],"author":[{"embeddable":true,"href":"https:\/\/www.bu.ufmg.br\/catalogacao\/wp-json\/wp\/v2\/users\/1"}],"replies":[{"embeddable":true,"href":"https:\/\/www.bu.ufmg.br\/catalogacao\/wp-json\/wp\/v2\/comments?post=136"}],"version-history":[{"count":0,"href":"https:\/\/www.bu.ufmg.br\/catalogacao\/wp-json\/wp\/v2\/pages\/136\/revisions"}],"wp:attachment":[{"href":"https:\/\/www.bu.ufmg.br\/catalogacao\/wp-json\/wp\/v2\/media?parent=136"}],"curies":[{"name":"wp","href":"https:\/\/api.w.org\/{rel}","templated":true}]}}