{"id":1356,"date":"2022-08-11T17:43:31","date_gmt":"2022-08-11T20:43:31","guid":{"rendered":"https:\/\/www.bu.ufmg.br\/catalogacao\/?page_id=1356"},"modified":"2025-01-22T17:38:56","modified_gmt":"2025-01-22T20:38:56","slug":"tutoriais","status":"publish","type":"page","link":"https:\/\/www.bu.ufmg.br\/catalogacao\/tutoriais\/","title":{"rendered":"Tutoriais"},"content":{"rendered":"\n<p class=\"has-medium-font-size\"><strong>\u2234&nbsp;Cataloga\u00e7\u00e3o Geral.<\/strong><\/p>\n\n\n\n<p><\/p>\n\n\n\n<p class=\"has-medium-font-size\"><a rel=\"noreferrer noopener\" href=\"https:\/\/www.bu.ufmg.br\/catalogacao\/wp-content\/uploads\/2022\/08\/instr_exportar_reg_rede_pergamum.pdf\" target=\"_blank\"><img loading=\"lazy\" decoding=\"async\" width=\"50\" height=\"47\" class=\"wp-image-1116\" style=\"width: 50px;\" src=\"https:\/\/www.bu.ufmg.br\/catalogacao\/wp-content\/uploads\/2022\/05\/icone-pdf-1.png\" alt=\"\"><\/a> Instru\u00e7\u00f5es para realizar exporta\u00e7\u00e3o registros da Rede Pergamum<\/p>\n\n\n\n<p class=\"has-medium-font-size\"><a rel=\"noreferrer noopener\" href=\"https:\/\/www.bu.ufmg.br\/catalogacao\/wp-content\/uploads\/2022\/08\/picture-eins.pdf\" target=\"_blank\"><img loading=\"lazy\" decoding=\"async\" width=\"50\" height=\"47\" class=\"wp-image-1116\" style=\"width: 50px;\" src=\"https:\/\/www.bu.ufmg.br\/catalogacao\/wp-content\/uploads\/2022\/05\/icone-pdf-1.png\" alt=\"\"><\/a> Rotina para inclus\u00e3o de material adicional<\/p>\n\n\n\n<p class=\"has-medium-font-size\"><a rel=\"noreferrer noopener\" href=\"https:\/\/www.bu.ufmg.br\/catalogacao\/wp-content\/uploads\/2022\/08\/picture-zwei.pdf\" target=\"_blank\"><img loading=\"lazy\" decoding=\"async\" width=\"50\" height=\"47\" class=\"wp-image-1116\" style=\"width: 50px;\" src=\"https:\/\/www.bu.ufmg.br\/catalogacao\/wp-content\/uploads\/2022\/05\/icone-pdf-1.png\" alt=\"\"><\/a>Rotina de inclus\u00e3o de \u00e1rea de conhecimento e Unidade Organizacional<\/p>\n\n\n\n<p class=\"has-medium-font-size\"> <a rel=\"noreferrer noopener\" href=\"https:\/\/www.bu.ufmg.br\/catalogacao\/wp-content\/uploads\/2023\/08\/Periodicos-encerrados.pdf\" target=\"_blank\"><img loading=\"lazy\" decoding=\"async\" width=\"50\" height=\"47\" class=\"wp-image-1116\" style=\"width: 50px;\" src=\"https:\/\/www.bu.ufmg.br\/catalogacao\/wp-content\/uploads\/2022\/05\/icone-pdf-1.png\" alt=\"\"><\/a> Instru\u00e7\u00f5es para catalogar peri\u00f3dicos encerrados no Pergamum<\/p>\n\n\n\n<p class=\"has-medium-font-size\"><strong><strong>\u2234<\/strong>Transfer\u00eancia de Exemplar<\/strong>.<\/p>\n\n\n\n<p><\/p>\n\n\n\n<p class=\"has-medium-font-size\"><a rel=\"noreferrer noopener\" href=\"https:\/\/www.bu.ufmg.br\/catalogacao\/wp-content\/uploads\/2022\/08\/trabild.pdf\" target=\"_blank\"><img loading=\"lazy\" decoding=\"async\" width=\"50\" height=\"47\" class=\"wp-image-1116\" style=\"width: 50px;\" src=\"https:\/\/www.bu.ufmg.br\/catalogacao\/wp-content\/uploads\/2022\/05\/icone-pdf-1.png\" alt=\"\"><\/a>Transfer\u00eancia de exemplar para outra biblioteca.<\/p>\n\n\n\n<p class=\"has-medium-font-size\"><a href=\"https:\/\/youtu.be\/5R4lEBdf6FI?si=oDW7GVn7HB10r4Co\" target=\"_blank\" rel=\"noreferrer noopener\"><img loading=\"lazy\" decoding=\"async\" width=\"50\" height=\"50\" class=\"wp-image-1592\" style=\"width: 50px;\" src=\"https:\/\/www.bu.ufmg.br\/catalogacao\/wp-content\/uploads\/2025\/01\/download.png\" alt=\"\" srcset=\"https:\/\/www.bu.ufmg.br\/catalogacao\/wp-content\/uploads\/2025\/01\/download.png 225w, https:\/\/www.bu.ufmg.br\/catalogacao\/wp-content\/uploads\/2025\/01\/download-150x150.png 150w, https:\/\/www.bu.ufmg.br\/catalogacao\/wp-content\/uploads\/2025\/01\/download-50x50.png 50w\" sizes=\"auto, (max-width: 50px) 100vw, 50px\" \/><\/a>Transfer\u00eancia de exemplar para outra biblioteca pela tela de cadastro do exemplar<\/p>\n\n\n\n<p class=\"has-medium-font-size\"><strong>\u2234&nbsp;Exporta\u00e7\u00e3o dados CCN<\/strong>.<\/p>\n\n\n\n<p><\/p>\n\n\n\n<p class=\"has-medium-font-size\"><a href=\"https:\/\/www.bu.ufmg.br\/catalogacao\/wp-content\/uploads\/2022\/08\/bildzwei.pdf\" target=\"_blank\" rel=\"noreferrer noopener\"><img loading=\"lazy\" decoding=\"async\" width=\"50\" height=\"47\" class=\"wp-image-1116\" style=\"width: 50px;\" src=\"https:\/\/www.bu.ufmg.br\/catalogacao\/wp-content\/uploads\/2022\/05\/icone-pdf-1.png\" alt=\"\"><\/a> Instru\u00e7\u00f5es para exportar dados CCN;<\/p>\n\n\n\n<p class=\"has-medium-font-size\"><a href=\"https:\/\/www.bu.ufmg.br\/catalogacao\/wp-content\/uploads\/2022\/08\/bilddrei.pdf\" target=\"_blank\" rel=\"noreferrer noopener\"><img loading=\"lazy\" decoding=\"async\" width=\"50\" height=\"47\" class=\"wp-image-1116\" style=\"width: 50px;\" src=\"https:\/\/www.bu.ufmg.br\/catalogacao\/wp-content\/uploads\/2022\/05\/icone-pdf-1.png\" alt=\"\"><\/a> Instru\u00e7\u00f5es para preenchimento kardex para exporta\u00e7\u00e3o dados CCN;<\/p>\n\n\n\n<p class=\"has-medium-font-size\"><a href=\"https:\/\/www.bu.ufmg.br\/catalogacao\/wp-content\/uploads\/2022\/08\/bildvier.pdf\" target=\"_blank\" rel=\"noreferrer noopener\"><img loading=\"lazy\" decoding=\"async\" width=\"50\" height=\"47\" class=\"wp-image-1116\" style=\"width: 50px;\" src=\"https:\/\/www.bu.ufmg.br\/catalogacao\/wp-content\/uploads\/2022\/05\/icone-pdf-1.png\" alt=\"\"><\/a> Manual de instru\u00e7\u00f5es do CCN para transcri\u00e7\u00e3o de Cole\u00e7\u00e3o;<\/p>\n\n\n\n<p class=\"has-medium-font-size\"><strong>\u2234&nbsp;Acessibilidade<\/strong>.<\/p>\n\n\n\n<p><\/p>\n\n\n\n<p class=\"has-medium-font-size\"><a href=\"https:\/\/www.bu.ufmg.br\/catalogacao\/wp-content\/uploads\/2022\/08\/bildfunf.pdf\" target=\"_blank\" rel=\"noreferrer noopener\"><img loading=\"lazy\" decoding=\"async\" width=\"50\" height=\"47\" class=\"wp-image-1116\" style=\"width: 50px;\" src=\"https:\/\/www.bu.ufmg.br\/catalogacao\/wp-content\/uploads\/2022\/05\/icone-pdf-1.png\" alt=\"\"><\/a> Instru\u00e7\u00f5es para utiliza\u00e7\u00e3o do recurso de Acessibilidade;<\/p>\n\n\n\n<p class=\"has-medium-font-size\"><strong><strong>\u2234&nbsp;<\/strong>Relat\u00f3rios de Cataloga\u00e7\u00e3o<\/strong>. <\/p>\n\n\n\n<p><\/p>\n\n\n\n<p class=\"has-medium-font-size\"><a rel=\"noreferrer noopener\" href=\"https:\/\/www.bu.ufmg.br\/automacao\/catalogacao\/instr_export_rede_perg.PDF\" target=\"_blank\"><\/a><a rel=\"noreferrer noopener\" href=\"https:\/\/www.bu.ufmg.br\/catalogacao\/wp-content\/uploads\/2022\/08\/bildsechs.pdf\" target=\"_blank\"><img loading=\"lazy\" decoding=\"async\" width=\"50\" height=\"47\" class=\"wp-image-1116\" style=\"width: 50px;\" src=\"https:\/\/www.bu.ufmg.br\/catalogacao\/wp-content\/uploads\/2022\/05\/icone-pdf-1.png\" alt=\"\"><\/a> Rotina para gerar relat\u00f3rio para MEC;<\/p>\n\n\n\n<p class=\"has-medium-font-size\"><a rel=\"noreferrer noopener\" href=\"https:\/\/www.bu.ufmg.br\/automacao\/catalogacao\/instr_export_rede_perg.PDF\" target=\"_blank\"><\/a><a href=\"https:\/\/www.bu.ufmg.br\/catalogacao\/wp-content\/uploads\/2022\/08\/Inclusao_exempl_mat_adicional.pdf\" target=\"_blank\" rel=\"noreferrer noopener\"><img loading=\"lazy\" decoding=\"async\" width=\"50\" height=\"47\" class=\"wp-image-1116\" style=\"width: 50px;\" src=\"https:\/\/www.bu.ufmg.br\/catalogacao\/wp-content\/uploads\/2022\/05\/icone-pdf-1.png\" alt=\"\"><\/a> Inclus\u00e3o exemplar material adicional.<\/p>\n\n\n\n<p class=\"has-medium-font-size\"><\/p>\n\n\n\n<p class=\"has-medium-font-size\"><strong><strong>\u2234<\/strong><\/strong> <strong>Invent\u00e1rio<\/strong><\/p>\n\n\n\n<p><a href=\"https:\/\/www.bu.ufmg.br\/ditti\/wp-content\/uploads\/2018\/01\/Processo_invent%C3%A1rio_UFMG.pdf\" target=\"_blank\" rel=\"noreferrer noopener\"><img loading=\"lazy\" decoding=\"async\" width=\"50\" height=\"47\" class=\"wp-image-1116\" style=\"width: 50px;\" src=\"https:\/\/www.bu.ufmg.br\/catalogacao\/wp-content\/uploads\/2022\/05\/icone-pdf-1.png\" alt=\"\"><\/a> Metodologia para o invent\u00e1rio no sistema Pergamum Web<\/p>\n\n\n\n<p><a href=\"https:\/\/www.bu.ufmg.br\/automacao\/inventario\/instrucoes_utilizar_coletor_opticon.PDF\" target=\"_blank\" rel=\"noreferrer noopener\"><img loading=\"lazy\" decoding=\"async\" width=\"50\" height=\"47\" class=\"wp-image-1116\" style=\"width: 50px;\" src=\"https:\/\/www.bu.ufmg.br\/catalogacao\/wp-content\/uploads\/2022\/05\/icone-pdf-1.png\" alt=\"\"><\/a> Instru\u00e7\u00f5es para leitura do acervo utilizando os coletores OPTICON<\/p>\n\n\n\n<p><\/p>\n","protected":false},"excerpt":{"rendered":"<p>\u2234&nbsp;Cataloga\u00e7\u00e3o Geral. Instru\u00e7\u00f5es para realizar exporta\u00e7\u00e3o registros da Rede Pergamum Rotina para inclus\u00e3o de material adicional Rotina de inclus\u00e3o de \u00e1rea de conhecimento e Unidade Organizacional Instru\u00e7\u00f5es para catalogar peri\u00f3dicos encerrados no Pergamum \u2234Transfer\u00eancia de Exemplar. Transfer\u00eancia de exemplar para outra biblioteca. Transfer\u00eancia de exemplar para outra biblioteca pela tela de cadastro do exemplar \u2234&nbsp;Exporta\u00e7\u00e3o [&hellip;]<\/p>\n","protected":false},"author":2,"featured_media":0,"parent":0,"menu_order":0,"comment_status":"closed","ping_status":"closed","template":"","meta":{"footnotes":""},"class_list":["post-1356","page","type-page","status-publish","hentry"],"_links":{"self":[{"href":"https:\/\/www.bu.ufmg.br\/catalogacao\/wp-json\/wp\/v2\/pages\/1356","targetHints":{"allow":["GET"]}}],"collection":[{"href":"https:\/\/www.bu.ufmg.br\/catalogacao\/wp-json\/wp\/v2\/pages"}],"about":[{"href":"https:\/\/www.bu.ufmg.br\/catalogacao\/wp-json\/wp\/v2\/types\/page"}],"author":[{"embeddable":true,"href":"https:\/\/www.bu.ufmg.br\/catalogacao\/wp-json\/wp\/v2\/users\/2"}],"replies":[{"embeddable":true,"href":"https:\/\/www.bu.ufmg.br\/catalogacao\/wp-json\/wp\/v2\/comments?post=1356"}],"version-history":[{"count":0,"href":"https:\/\/www.bu.ufmg.br\/catalogacao\/wp-json\/wp\/v2\/pages\/1356\/revisions"}],"wp:attachment":[{"href":"https:\/\/www.bu.ufmg.br\/catalogacao\/wp-json\/wp\/v2\/media?parent=1356"}],"curies":[{"name":"wp","href":"https:\/\/api.w.org\/{rel}","templated":true}]}}