{"id":134,"date":"2022-03-29T17:46:26","date_gmt":"2022-03-29T20:46:26","guid":{"rendered":"https:\/\/www.bu.ufmg.br\/catalogacao\/?page_id=134"},"modified":"2022-05-12T21:37:47","modified_gmt":"2022-05-13T00:37:47","slug":"campo-043-codigo-da-area-geografica","status":"publish","type":"page","link":"https:\/\/www.bu.ufmg.br\/catalogacao\/campo-043-codigo-da-area-geografica\/","title":{"rendered":"Campo 043 &#8211; C\u00f3digo da \u00c1rea Geogr\u00e1fica"},"content":{"rendered":"\n<figure class=\"wp-block-table has-medium-font-size\"><table class=\"has-colibri-color-6-color has-text-color has-background\" style=\"background:linear-gradient(100deg,rgb(238,238,238) 0%,rgb(169,184,195) 100%)\"><thead><tr><th class=\"has-text-align-left\" data-align=\"left\">BIBLIOTECA UNIVERSIT\u00c1RIA \u2013 UFMG&nbsp;&nbsp;&nbsp;&nbsp;&nbsp;&nbsp;&nbsp;&nbsp;&nbsp;&nbsp;&nbsp;&nbsp;&nbsp;&nbsp;&nbsp;&nbsp;&nbsp;&nbsp;&nbsp;&nbsp;&nbsp;&nbsp;&nbsp;&nbsp;&nbsp;&nbsp;&nbsp;&nbsp;&nbsp;&nbsp;&nbsp;&nbsp;&nbsp;&nbsp;&nbsp;&nbsp;&nbsp;&nbsp;&nbsp;<br>CENTRAL DE CONTROLE E QUALIDADE DA CATALOGA\u00c7\u00c3O &#8211; CCQC<\/th><\/tr><\/thead><tbody><tr><td class=\"has-text-align-left\" data-align=\"left\"><br><\/td><\/tr><tr><td class=\"has-text-align-left\" data-align=\"left\"><strong>COMUNICADO N\u00ba<\/strong>: &nbsp;01\/2005 &nbsp; &nbsp; &nbsp; &nbsp; &nbsp; &nbsp; &nbsp;&nbsp;<strong>DATA:<\/strong>&nbsp; &nbsp;15\/09\/2005<\/td><\/tr><tr><td class=\"has-text-align-left\" data-align=\"left\"><strong>ASSUNTO: <\/strong>Campo 043 (C\u00f3digo de \u00c1rea Geogr\u00e1fica<\/td><\/tr><tr><td class=\"has-text-align-left\" data-align=\"left\"><br>Prezados (as) Catalogadores(as),<br>Em reuni\u00e3o com o grupo de cataloga\u00e7\u00e3o, foi discutido sobre o uso ou n\u00e3o do campo 043. Ficou decidido pelo uso de acordo com o MARC&nbsp; 21.<br>Anexo o campo 043. Solicitamos a inclus\u00e3o deste campo nos manuais.<br>Lembramos que na \u00e9poca do VTLS, por decis\u00e3o interna, este campo n\u00e3o foi utilizado nos registros bibliogr\u00e1ficos devido \u00e0 consist\u00eancia de buffer.<\/td><\/tr><tr><td class=\"has-text-align-left\" data-align=\"left\"><br><strong>CAMPO 043&nbsp;<\/strong>\u2013 C\u00f3digo de \u00e1rea geogr\u00e1fica ( NR )<br>&#8211;&nbsp;&nbsp;&nbsp;&nbsp;&nbsp;&nbsp;&nbsp;&nbsp;&nbsp;&nbsp;Cont\u00e9m o c\u00f3digo da \u00e1rea geogr\u00e1fica composto de 7 caracteres;<br>&#8211; C\u00f3digos de \u00e1rea geogr\u00e1fica : tabela MARC 21Code List for Geographic Areas<br><a href=\"http:\/\/www.loc.gov\/marc\/\">http:\/\/www.loc.gov\/marc\/<\/a><br>&#8211; Campo associado ao conte\u00fado \u201cgeogr\u00e1fico \u201c do item, bloco 6XX (exemplos: Campo<br>651; Campo 650 $z)<br>043<br>C\u00f3digo de \u00c1rea Geogr\u00e1fica (NR)<br>C\u00f3digo de \u00e1rea geogr\u00e1fica deve conter 7 (sete) caracteres alfab\u00e9ticos e h\u00edfens. Esta informa\u00e7\u00e3o ser\u00e1 retirada do campo de assunto.<br><strong>Indicador 1<\/strong><br><strong>Indefinido&nbsp;&nbsp;&nbsp;#<\/strong><br>Indicador 2<br><strong>Indefinido&nbsp;&nbsp;#<\/strong><br>&nbsp;<br><strong>C\u00f3digo de Subcampo<\/strong><br>&nbsp;<br>&nbsp;<br>$a C\u00f3digo da \u00e1rea geogr\u00e1fica (R)<br>EXEMPLO<br>043 ## $a s-bl&#8212;<\/td><\/tr><\/tbody><\/table><\/figure>\n","protected":false},"excerpt":{"rendered":"<p>BIBLIOTECA UNIVERSIT\u00c1RIA \u2013 UFMG&nbsp;&nbsp;&nbsp;&nbsp;&nbsp;&nbsp;&nbsp;&nbsp;&nbsp;&nbsp;&nbsp;&nbsp;&nbsp;&nbsp;&nbsp;&nbsp;&nbsp;&nbsp;&nbsp;&nbsp;&nbsp;&nbsp;&nbsp;&nbsp;&nbsp;&nbsp;&nbsp;&nbsp;&nbsp;&nbsp;&nbsp;&nbsp;&nbsp;&nbsp;&nbsp;&nbsp;&nbsp;&nbsp;&nbsp;CENTRAL DE CONTROLE E QUALIDADE DA CATALOGA\u00c7\u00c3O &#8211; CCQC COMUNICADO N\u00ba: &nbsp;01\/2005 &nbsp; &nbsp; &nbsp; &nbsp; &nbsp; &nbsp; &nbsp;&nbsp;DATA:&nbsp; &nbsp;15\/09\/2005 ASSUNTO: Campo 043 (C\u00f3digo de \u00c1rea Geogr\u00e1fica Prezados (as) Catalogadores(as),Em reuni\u00e3o com o grupo de cataloga\u00e7\u00e3o, foi discutido sobre o uso ou n\u00e3o do campo 043. Ficou decidido pelo uso de acordo [&hellip;]<\/p>\n","protected":false},"author":1,"featured_media":0,"parent":0,"menu_order":0,"comment_status":"closed","ping_status":"closed","template":"","meta":{"footnotes":""},"class_list":["post-134","page","type-page","status-publish","hentry"],"_links":{"self":[{"href":"https:\/\/www.bu.ufmg.br\/catalogacao\/wp-json\/wp\/v2\/pages\/134","targetHints":{"allow":["GET"]}}],"collection":[{"href":"https:\/\/www.bu.ufmg.br\/catalogacao\/wp-json\/wp\/v2\/pages"}],"about":[{"href":"https:\/\/www.bu.ufmg.br\/catalogacao\/wp-json\/wp\/v2\/types\/page"}],"author":[{"embeddable":true,"href":"https:\/\/www.bu.ufmg.br\/catalogacao\/wp-json\/wp\/v2\/users\/1"}],"replies":[{"embeddable":true,"href":"https:\/\/www.bu.ufmg.br\/catalogacao\/wp-json\/wp\/v2\/comments?post=134"}],"version-history":[{"count":0,"href":"https:\/\/www.bu.ufmg.br\/catalogacao\/wp-json\/wp\/v2\/pages\/134\/revisions"}],"wp:attachment":[{"href":"https:\/\/www.bu.ufmg.br\/catalogacao\/wp-json\/wp\/v2\/media?parent=134"}],"curies":[{"name":"wp","href":"https:\/\/api.w.org\/{rel}","templated":true}]}}