{"id":132,"date":"2022-03-29T17:44:21","date_gmt":"2022-03-29T20:44:21","guid":{"rendered":"https:\/\/www.bu.ufmg.br\/catalogacao\/?page_id=132"},"modified":"2022-05-12T21:26:05","modified_gmt":"2022-05-13T00:26:05","slug":"campo-024-como-codificar-o-doi","status":"publish","type":"page","link":"https:\/\/www.bu.ufmg.br\/catalogacao\/campo-024-como-codificar-o-doi\/","title":{"rendered":"Campo 024 &#8211; Como codificar o DOI"},"content":{"rendered":"\n<figure class=\"wp-block-table has-medium-font-size\"><table class=\"has-colibri-color-6-color has-text-color has-background\" style=\"background:linear-gradient(100deg,rgb(238,238,238) 0%,rgb(169,184,195) 100%)\"><thead><tr><th class=\"has-text-align-left\" data-align=\"left\">BIBLIOTECA UNIVERSIT\u00c1RIA \u2013 UFMG&nbsp;&nbsp;&nbsp;&nbsp;&nbsp;&nbsp;&nbsp;&nbsp;&nbsp;&nbsp;&nbsp;&nbsp;&nbsp;&nbsp;&nbsp;&nbsp;&nbsp;&nbsp;&nbsp;&nbsp;&nbsp;&nbsp;&nbsp;&nbsp;&nbsp;&nbsp;&nbsp;&nbsp;&nbsp;&nbsp;&nbsp;&nbsp;&nbsp;&nbsp;&nbsp;&nbsp;&nbsp;&nbsp;&nbsp;&nbsp;&nbsp;&nbsp;&nbsp;&nbsp;&nbsp; <strong><br><\/strong>DEPARTAMENTO DE TECNOLOGIA E TRATAMENTO DA INFORMA\u00c7\u00c3O \u2013 DITTI \u2013 SETOR DE TRATAMENTO DA INFORMA\u00c7\u00c3O<\/th><\/tr><\/thead><tbody><tr><td class=\"has-text-align-left\" data-align=\"left\"><br><\/td><\/tr><tr><td class=\"has-text-align-left\" data-align=\"left\"><strong>COMUNICADO N\u00ba<\/strong>: 02&nbsp;&nbsp;&nbsp;&nbsp;&nbsp;&nbsp;&nbsp;&nbsp;&nbsp;&nbsp;&nbsp;&nbsp;&nbsp;&nbsp; <strong>DATA:&nbsp; <\/strong>15\/06\/2011<\/td><\/tr><tr><td class=\"has-text-align-left\" data-align=\"left\"><strong>ASSUNTO:<\/strong> 024 Como codificar o DOI<\/td><\/tr><tr><td class=\"has-text-align-left\" data-align=\"left\"><strong>Como codificar o DOI (Digital object identifier = Identificador do objeto digital) no MARC 21 Bibliogr\u00e1fico<\/strong><br>&nbsp;<br><strong>DOI &#8211;&nbsp; <\/strong>O Digital Object Identifier (Identificador de Objeto Digital) \u00e9 um identificador de conte\u00fados em ambiente digital. O DOI \u00e9 cedido para qualquer institui\u00e7\u00e3o\/organiza\u00e7\u00e3o para uso em suas obras digitais. \u00c9 usado para oferecer informa\u00e7\u00e3o corrente, incluindo onde eles (objetos digitais ou informa\u00e7\u00e3o sobre eles) podem ser encontrados na Internet. O DOI \u00e9 atribu\u00eddo pela editora da publica\u00e7\u00e3o, e cabe a ela informar o n\u00famero DOI de cada artigo. Crossref (associa\u00e7\u00e3o independente, fundada e dirigida por editores, com sede em Massachusetts, EUA. tem como objetivo conectar os usu\u00e1rios a uma pesquisa de conte\u00fado, permitindo aos editores trabalharem coletivamente) \u00e9 a ag\u00eancia oficial do DOI (Digital Object Identifier), registro de publica\u00e7\u00f5es profissionais e acad\u00eamicas.<br>&nbsp;<br><strong>http:\/\/www.doi.org<\/strong><br>&nbsp;<br><strong>&nbsp;<\/strong><br><strong>MARC 21 Bibliogr\u00e1fico Campo 024 \u2013 Outros identificadores padr\u00e3o (R)<\/strong><br><strong>&nbsp;<\/strong><br>Defini\u00e7\u00e3o<br>N\u00famero ou c\u00f3digo padr\u00e3o publicado em um item que n\u00e3o pode ser inclu\u00eddo em outro campo (por exemplo, 020 para ISBN, 022 para ISSN&nbsp; e 027 para N\u00famero do&nbsp; relat\u00f3rio t\u00e9cnico. O tipo de n\u00famero ou c\u00f3digo padr\u00e3o \u00e9 identificado pelo primeiro indicador&nbsp; ou no subcampo $2 (Fonte do n\u00famero ou c\u00f3digo)<br><strong>&nbsp;<\/strong><br>Primeiro indicador<br>Tipo de n\u00famero ou c\u00f3digo padr\u00e3o<br><strong>&nbsp;7<\/strong> \u2013 Fonte especificada no indicador $2<br>&nbsp;A fonte do n\u00famero ou c\u00f3digo \u00e9 especificada no $2 (Fonte do n\u00famero ou c\u00f3digo)<br>&nbsp;<br>Segundo indicador<br>Indicador de diferencia\u00e7\u00e3o<br>Quando existir diferen\u00e7a entre o n\u00famero ou c\u00f3digo escaneado e o mesmo n\u00famero ou c\u00f3digo lido a olho nu.<br>&nbsp;# &#8211; Nenhuma informa\u00e7\u00e3o fornecida<br>Nenhuma informa\u00e7\u00e3o \u00e9 fornecida se o n\u00famero ou c\u00f3digo no campo aparece da mesma forma escaneado ou lido a olho nu.<br>\u00c9 usado tamb\u00e9m quando o n\u00famero ou c\u00f3digo lido a olho nu n\u00e3o aparece na forma adequada para escaneamento e&nbsp; dessa forma o aspecto de diferen\u00e7a n\u00e3o se aplica.<\/td><\/tr><\/tbody><\/table><\/figure>\n\n\n\n<p><\/p>\n\n\n\n<figure class=\"wp-block-table has-medium-font-size\"><table class=\"has-colibri-color-6-color has-text-color has-background\" style=\"background:linear-gradient(100deg,rgb(238,238,238) 0%,rgb(169,184,195) 100%)\"><tbody><tr><td>0 &#8211; N\u00e3o existe diferen\u00e7a<br>O n\u00famero ou c\u00f3digo escaneado \u00e9 o mesmo n\u00famero ou c\u00f3digo lido a olho nu.<br>&nbsp;<br>&nbsp;1 \u2013 Existe diferen\u00e7a<br>As vers\u00f5es de um n\u00famero ou c\u00f3digo escaneado e lido a olho nu diferem.<br>&nbsp;<br><strong>C\u00f3digos de subcampos:<\/strong><br>&nbsp;<br><strong>$a<\/strong> &#8211; N\u00famero ou c\u00f3digo padr\u00e3o (NR)<br>&nbsp;<br><strong>$c<\/strong> &#8211; Termos de acessibilidade (NR)<br>Pre\u00e7o ou breve indica\u00e7\u00e3o de acessibilidade e qualquer informa\u00e7\u00e3o entre par\u00eanteses relativa<br>a um item associado com o n\u00famero que est\u00e1 sendo registrado no campo.&nbsp; Essa informa\u00e7\u00e3o<br>s\u00f3 \u00e9 registrada quando um n\u00famero estiver presente no <strong>$a.<\/strong><br>&nbsp;<br><strong>$d<\/strong> \u2013 C\u00f3digos adicionais que seguem o n\u00famero ou c\u00f3digo padr\u00e3o (NR)<br>D\u00edgitos opcionais que est\u00e3o \u00e0 direita do n\u00famero ou c\u00f3digo, tais como d\u00edgitos fornecidos para identificar pre\u00e7os, t\u00edtulo, ou informa\u00e7\u00e3o sobre a publica\u00e7\u00e3o.&nbsp;<br>&nbsp;<br><strong>$z<\/strong> &#8211; N\u00famero ou c\u00f3digo padr\u00e3o cancelado\/inv\u00e1lido (R)<br>Quaisquer n\u00fameros ou c\u00f3digos padr\u00e3o cancelados e\/ou inv\u00e1lidos. Se um n\u00famero ou c\u00f3digo v\u00e1lido&nbsp; do mesmo tipo n\u00e3o for conhecido, o <strong>$z<\/strong> pode aparecer sozinho no campo 024.<br>&nbsp;<br><strong>$2<\/strong> &#8211; Fonte do n\u00famero ou c\u00f3digo (NR)<br><strong>&nbsp;&nbsp;&nbsp; <\/strong>C\u00f3digo MARC que identifica a fonte do n\u00famero ou c\u00f3digo. Usar apenas quando o primeiro indicador contiver o valor <strong>7<\/strong><br>(Fonte especificado no subcampo <strong>$2<\/strong>)<br>&nbsp;<br>Fonte dos c\u00f3digos: <em>Standard Identifier Source Codes<\/em>.<br>&lt;http:\/\/www.loc.gov\/standards\/sourcelist\/standard-identifier.html&gt;<br>&nbsp;<br>&nbsp;<br><strong>Pontua\u00e7\u00e3o: <\/strong>O&nbsp; campo 024 n\u00e3o termina com pontua\u00e7\u00e3o.<\/td><\/tr><tr><td><strong>Exemplos:&nbsp;&nbsp;&nbsp;&nbsp;&nbsp;&nbsp;&nbsp;&nbsp;&nbsp;&nbsp;&nbsp;&nbsp;&nbsp;&nbsp;&nbsp;&nbsp;&nbsp;&nbsp;&nbsp;&nbsp;&nbsp;&nbsp;&nbsp;&nbsp;&nbsp;&nbsp;&nbsp;&nbsp;&nbsp; &nbsp;&nbsp;&nbsp;&nbsp;&nbsp;&nbsp;&nbsp;&nbsp;&nbsp;&nbsp;&nbsp;&nbsp;&nbsp;&nbsp;&nbsp;&nbsp;&nbsp;&nbsp;&nbsp;&nbsp;&nbsp;&nbsp;&nbsp;&nbsp;&nbsp;&nbsp;&nbsp;&nbsp;&nbsp;&nbsp;&nbsp;&nbsp;&nbsp;&nbsp;&nbsp;&nbsp;&nbsp;&nbsp;&nbsp;&nbsp;&nbsp;&nbsp;&nbsp;&nbsp;&nbsp;&nbsp;&nbsp;&nbsp;&nbsp;&nbsp;&nbsp;&nbsp;&nbsp;&nbsp;&nbsp;&nbsp;&nbsp;&nbsp;&nbsp;&nbsp;&nbsp;&nbsp;&nbsp;&nbsp;&nbsp;&nbsp;&nbsp;&nbsp;&nbsp;&nbsp;&nbsp;&nbsp;&nbsp;&nbsp;&nbsp;&nbsp;&nbsp;&nbsp;&nbsp;&nbsp;&nbsp;<\/strong><br><strong>Exemplo da Base UFMG &#8211; monografia<\/strong><br>001&nbsp;&nbsp;&nbsp; 511609<br>003&nbsp;&nbsp;&nbsp; BR-BhUFM<br>005&nbsp;&nbsp;&nbsp; 20110531140713.0<br>008&nbsp;&nbsp;&nbsp; 110324s2009&nbsp;&nbsp;&nbsp; sz #a&nbsp; f##&nbsp;&nbsp; #000 0#eng#d<br>020&nbsp;&nbsp;&nbsp; $a 9789048122707 (broch.)<br>020&nbsp; &nbsp;&nbsp;$a 9781402094545 (enc.)<br>020&nbsp;&nbsp;&nbsp; $a 9781402094552 (ebook)&nbsp;&nbsp;&nbsp;&nbsp;&nbsp;&nbsp;&nbsp;&nbsp;&nbsp;&nbsp;&nbsp;&nbsp;&nbsp;&nbsp;&nbsp;&nbsp;&nbsp;&nbsp;&nbsp;&nbsp;&nbsp;&nbsp;&nbsp;&nbsp;&nbsp;&nbsp;&nbsp;&nbsp;&nbsp;&nbsp;&nbsp;&nbsp;&nbsp;&nbsp;&nbsp;&nbsp;&nbsp;&nbsp;&nbsp;&nbsp;&nbsp;&nbsp;&nbsp;&nbsp;&nbsp;&nbsp;&nbsp;&nbsp;&nbsp;&nbsp;&nbsp;&nbsp;&nbsp;&nbsp;&nbsp;&nbsp;&nbsp;&nbsp;&nbsp;&nbsp;&nbsp;&nbsp;&nbsp;&nbsp;&nbsp;&nbsp;<br><strong>024 7&nbsp; $a 101007\/978-1-4020-9455-2 $2 doi<\/strong><br>040&nbsp;&nbsp;&nbsp; $a BR-BhUFM $b por $c BR-BhUFM&nbsp;&nbsp;&nbsp;&nbsp;&nbsp;&nbsp;&nbsp;&nbsp;&nbsp;&nbsp;&nbsp;&nbsp;&nbsp;&nbsp;&nbsp;&nbsp;&nbsp;&nbsp;&nbsp;&nbsp;&nbsp;&nbsp;&nbsp;&nbsp;&nbsp;&nbsp;&nbsp;&nbsp;&nbsp;&nbsp;&nbsp;&nbsp;&nbsp;&nbsp;&nbsp;&nbsp;&nbsp;&nbsp;&nbsp;&nbsp;&nbsp;&nbsp;&nbsp;&nbsp;&nbsp;&nbsp;&nbsp;&nbsp;&nbsp;&nbsp;&nbsp; &nbsp;&nbsp;&nbsp;&nbsp;&nbsp;&nbsp;&nbsp;&nbsp;&nbsp;&nbsp;&nbsp;&nbsp;<br>090&nbsp;&nbsp;&nbsp; $a 382 $b A288 $c 2009 $8 48<br>245 00 $a Aid for trade : $b global and regional perspectives: 2nd world report on regional integration \/ $c Philippe De Lombaerde and Lakshmi Puri (editors),&nbsp; in collaboration with: UNCTAD, ECA, ECLAC,<br>ESCAP, ESCWA, UNECE, UNIDO, UNDP, UNEP.<br>260&nbsp;&nbsp;&nbsp; $a Brugge, BE : $a Gen\u00e9ve, Su\u00ed\u00e7a : $b Springer, $c 2009.<br>300&nbsp;&nbsp;&nbsp; $a ix, 272 p. : $b il. ; $c 24 cm.<br>490 1&nbsp; $a United Nations University series on regionalism; $v 2<br>504&nbsp;&nbsp;&nbsp; $a Inclui bibliografias<br>650&nbsp; 4 $a Assist\u00eancia econ\u00f4mica internacional<br>650&nbsp; 4 $a Com\u00e9rcio internacional.<br>650&nbsp; 4 $a Rela\u00e7\u00f5es econ\u00f4micas internacionais.<br>700 1&nbsp; $a Lombaerde, Philippe de.<br>700 1&nbsp; $a Puri, Lakshmi.<br>830&nbsp; 0 $a United Nations University series on regionalism; $v 2<\/td><\/tr><tr><td>Exemplo da base LC online \u2013 monografia&nbsp;&nbsp;&nbsp;&nbsp;&nbsp;&nbsp;&nbsp;&nbsp;&nbsp;&nbsp;&nbsp;&nbsp;&nbsp;&nbsp;&nbsp;&nbsp;&nbsp;&nbsp;&nbsp;&nbsp;&nbsp;&nbsp;&nbsp;&nbsp;&nbsp;&nbsp;&nbsp;&nbsp;&nbsp;&nbsp;&nbsp;&nbsp;&nbsp;&nbsp;&nbsp;&nbsp;&nbsp;<br><strong>LC Control No.:<\/strong><br>2011373297<br><strong>LCCN Permalink:<\/strong><br><a rel=\"noreferrer noopener\" href=\"http:\/\/lccn.loc.gov\/2011373297\" target=\"_blank\">http:\/\/lccn.loc.gov\/2011373297<\/a><br><strong>000<\/strong><br>01752cam a22004095a 450<br><strong>001<\/strong><br>16696189<br><strong>005<\/strong><br>20110322085925.0<br><strong>008<\/strong><br>110317s2010 lu ab i000 0 eng d<br><strong>906<\/strong><br>__<strong> |a <\/strong>0<strong> |b <\/strong>ibc<strong> |c <\/strong>copycat<strong> |d <\/strong>3<strong> |e <\/strong>ncip<strong> |f <\/strong>20<strong> |g <\/strong>y-gencatlg<br><strong>925<\/strong><br>0_<strong> |a <\/strong>acquire<strong> |b <\/strong>1 shelf copy<strong> |x <\/strong>policy default<br><strong>955<\/strong><br>__<strong> |b <\/strong>BD25 2011-03-17 z-processor<strong> |a <\/strong>bd26 2011-03-22<br><strong>010<\/strong><br>__<strong> |a <\/strong>2011373297<br><strong>020<\/strong><br>__<strong> |a <\/strong>9789279136207<br><strong>020<\/strong><br>__<strong> |a <\/strong>9279136208<br><strong>024<\/strong><br><strong>7_ |a 10.2768\/17821 |2 <em>doi<\/em><\/strong><br><strong>035<\/strong><br>__<strong> |a <\/strong>(OCoLC)ocn670080429<br><strong>040<\/strong><br>__<strong> |a <\/strong>INU<strong> |c <\/strong>INU<strong> |d <\/strong>COD<strong> |d <\/strong>PAU<strong> |d <\/strong>NDD<strong> |d <\/strong>NLGGC<strong> |d <\/strong>DLC<br><strong>042<\/strong><br>__<strong> |a <\/strong>lccopycat<br><strong>043<\/strong><br>__<strong> |a <\/strong>e&#8212;&#8212;<br><strong>082<\/strong><br>04<strong> |a <\/strong>385.22094<strong> |2 <\/strong>22<br><strong>084<\/strong><br>__<strong> |a <\/strong>74.75<strong> |2 <\/strong>bcl<br><strong>097<\/strong><br>00<strong> |a <\/strong>TF573<strong> |b <\/strong>.H54 2010<br><strong>245<\/strong><br>00<strong> |a <\/strong>High-speed Europe :<strong> |b <\/strong>a sustainable link between citizens \/<strong> |c <\/strong>[Directorate-General for Mobility and Transport, European Commission].<br><strong>246<\/strong><br>17<strong> |a <\/strong>Sustainable link between citizens<br><strong>260<\/strong><br>__<strong> |a <\/strong>Luxembourg :<strong> |b <\/strong>Publications Office of the European Union,<strong> |c <\/strong>2010.<br><strong>300<\/strong><br>__<strong> |a <\/strong>22 p. :<strong> |b <\/strong>col. ill., col. maps ;<strong> |c <\/strong>30 cm.<br><strong>530<\/strong><br>__<strong> |a <\/strong>Also available online.<br><strong>505<\/strong><br>2_<strong> |a <\/strong>Introduction &#8212; The high-speed network and citizens &#8212; A tool at the service of European transport policy &#8212; A technological and commercial success &#8212; The future.&nbsp;&nbsp;&nbsp;&nbsp;&nbsp;&nbsp;&nbsp;&nbsp;&nbsp;&nbsp;&nbsp;&nbsp;&nbsp;&nbsp;&nbsp;&nbsp;&nbsp;&nbsp;&nbsp;&nbsp;&nbsp;&nbsp;&nbsp;&nbsp;&nbsp;&nbsp;&nbsp;&nbsp;&nbsp;&nbsp;&nbsp;&nbsp;&nbsp;&nbsp;&nbsp;&nbsp;&nbsp;&nbsp;&nbsp;&nbsp;&nbsp;&nbsp;&nbsp;&nbsp;&nbsp;&nbsp;&nbsp;&nbsp;&nbsp;&nbsp;&nbsp;&nbsp;&nbsp;&nbsp;&nbsp;&nbsp;&nbsp;&nbsp;&nbsp;&nbsp;&nbsp;&nbsp;&nbsp;&nbsp;&nbsp;&nbsp;&nbsp;&nbsp;&nbsp;&nbsp;&nbsp;&nbsp;&nbsp;&nbsp;&nbsp;&nbsp;&nbsp;&nbsp;&nbsp;&nbsp;&nbsp;&nbsp;&nbsp;&nbsp;&nbsp;&nbsp;&nbsp;&nbsp;&nbsp;&nbsp;&nbsp;&nbsp; <strong>p.5<\/strong><br><strong>&nbsp;&nbsp;&nbsp;&nbsp;&nbsp;&nbsp;&nbsp;&nbsp;&nbsp;&nbsp;&nbsp;&nbsp;&nbsp;&nbsp;&nbsp;&nbsp;&nbsp;&nbsp;&nbsp;&nbsp;&nbsp;&nbsp; 500<\/strong><br>__<strong> |a <\/strong>Cover title.<br><strong>&nbsp;&nbsp;&nbsp;&nbsp;&nbsp;&nbsp;&nbsp;&nbsp;&nbsp;&nbsp;&nbsp;&nbsp;&nbsp;&nbsp;&nbsp;&nbsp;&nbsp;&nbsp;&nbsp;&nbsp;&nbsp;&nbsp; 650<\/strong><br>_0<strong> |a <\/strong>High speed trains<strong> |z <\/strong>Europe.<br><strong>650<\/strong><br>_0<strong> |a <\/strong>Railroads and state<strong> |z <\/strong>Europe.<br><strong>650<\/strong><br>17<strong> |a <\/strong>Hogesnelheidstreinen<strong> |2 <\/strong>gtt<br><strong>650<\/strong><br>17<strong> |a <\/strong>Vervoersbeleid<strong> |2 <\/strong>gtt<br><strong>650<\/strong><br>17<strong> |a <\/strong>EU-landen<strong> |2 <\/strong>gtt<br><strong>710<\/strong><br>2_<strong> |a <\/strong>European Commission.<strong> |b <\/strong>Directorate General for Mobility and Transport.<br><strong>856<\/strong><br>41<strong> |u <\/strong>http:\/\/bookshop.europa.eu\/is-bin\/INTERSHOP.enfinity\/WFS\/EU-Bookshop-Site\/en_GB\/-\/EUR\/ViewPDFFile-OpenPDFFile?FileName=KO3109174ENC_002.pdf&amp;SKU=KO3109174ENC_PDF<strong> |z <\/strong>Connect to online resource<br><strong>923<\/strong><br>__<strong> |d <\/strong>20110317<strong> |s <\/strong>96000107<\/td><\/tr><tr><td>LC Control No.: 2010937474<br>LCCN Permalink: http:\/\/lccn.loc.gov\/2010937474<br>000 01647cam a22004814a 450<br>001 16466327<br>005 20110607171519.0<br>008 100920s2011 gw a b 001 0 eng d<br>906 __ |a 7 |b cbc |c copycat |d 2 |e ncip |f 20 |g y-gencatlg<br>925 0_ |a acquire |b 2 shelf copies |x policy default<br>955 __ |b xj05 2011-06-01 z-processor |i xj05 2011-06-07 (telework) to BCCD<br>010 __ |a 2010937474<br>015 __ |a GBB001216 |2 bnb<br>015 __ |a 09,N41,0325 |2 dnb<br>016 7_ |a 015453831 |2 Uk<br>016 7_ |a 996985719 |2 DE-101<br>020 __ |a 9783642032837 (hbk.)<br>020 __ |a 3642032834 (hbk.)<br>020 __ |a 9783642032844 (e-ISBN)<br>020 __ |a 3642032842 (e-ISBN)<br><strong>024 7_ |a 10.1007\/978-3-642-03284-4 |2 doi<\/strong><br>028 52 |a 12730247<br>035 __ |a (OCoLC)ocn471802023<br>040 __ |a UKM |c UKM |d BTCTA |d YDXCP |d DEBBG |d C#P |d BWX |d CDX |d GWDNB |d OCLCQ |d DLC<br>042 __ |a lccopycat<br>082 04 |a 658.15 |2 22<br>084 __ |a 330 |2 sdnb<br>084 __ |a 330 |2 GyFmDB<br>084 __ |a QL 800 |2 rvk<br>084 __ |a WIR 540f |2 stub<br>084 __ |a WIR 670f |2 stub<br>050 00 |a HG4026 |b .S297 2011<br>100 1_ |a Schanz, Deborah.<br>245 10 |a Business taxation and financial decisions \/ |c Deborah Schanz, Sebastian Schanz.<br>260 __ |a Heidelberg ; |a New York : |b Springer, |c c2011.<br>300 __ |a xxi, 401 p. : |b ill. ; |c 24 cm.<br>504 __ |a Includes bibliographical references and index.&nbsp;&nbsp;&nbsp;&nbsp;&nbsp;&nbsp;&nbsp;&nbsp;&nbsp;&nbsp;&nbsp;&nbsp;&nbsp;&nbsp;&nbsp;&nbsp;&nbsp;&nbsp;&nbsp;&nbsp;&nbsp;&nbsp;&nbsp;&nbsp;&nbsp;&nbsp;&nbsp;&nbsp;&nbsp;&nbsp;&nbsp;&nbsp;&nbsp;&nbsp; &nbsp;&nbsp;<strong>p.6<\/strong><br>650 _0 |a Business enterprises |x Finance.<br>650 _0 |a Decision making.<br>650 _0 |a Business enterprises |x Taxation.<br>700 1_ |a Schanz, Sebastian.<br>955 __ |a pc17 2010-09-20<br>963 __ |a Veena M; phone: (44) 43950500; email: <a href=\"mailto:M.Veena@spi-global.com\">M.Veena@spi-global.com<\/a>; bc: <a href=\"mailto:reinhold.joest@springer.com\">reinhold.joest@springer.com<\/a><\/td><\/tr><tr><td><strong>Exemplo da Base UFMG \u2013 Anal\u00edtica de seriado<\/strong><br>001&nbsp;&nbsp;&nbsp; 475606<br>003&nbsp;&nbsp;&nbsp; BR-BhUFM<br>005&nbsp;&nbsp;&nbsp; 20110614174932.0<br>008&nbsp;&nbsp;&nbsp; 091201s2004&nbsp;&nbsp;&nbsp; mgb#&nbsp;&nbsp; ###&nbsp;&nbsp; #000 # por#d<br><strong>024 7&nbsp; $a 10.1590\/S0100-512X2004000200008 $2 doi<\/strong><br>040&nbsp;&nbsp;&nbsp; $a BR-BhUFM $b por $c BR-BhUFM<br>090&nbsp;&nbsp;&nbsp; $a Seriado $8 18<br>090&nbsp;&nbsp;&nbsp; $a Seriado $8 15<br>090&nbsp;&nbsp;&nbsp; $a Seriado $8 20<br>090&nbsp;&nbsp;&nbsp; $a Seriado $8 16<br>100 1&nbsp; $a Rocha, Ethel Menezes.<br>245 10 $a Animais, homens e sensa\u00e7\u00f5es segundo Descartes \/ $c Ethel Menezes Rocha.<br>520&nbsp;&nbsp;&nbsp; $a O objetivo central deste artigo \u00e9 examinar em que sentido Descartes est\u00e1 efetivamente comprometido com a tese forte de que, no caso dos animais n\u00e3o-humanos, n\u00e3o h\u00e1 sensa\u00e7\u00e3o<br>propriamente dita, mas apenas movimentos da mat\u00e9ria, e em que sentido os argumentos em favor<br>&nbsp;dessa tese tornam problem\u00e1tica a tese, com a qual Descartes tamb\u00e9m se diz comprometido, de que<br>todos os animais humanos t\u00eam sensa\u00e7\u00f5es.<br>600 14 $a Descartes, Ren\u00e9, $d 1596-1650<br>773 0&nbsp; $t Kriterion: revista de filosofia, $d Belo Horizonte :&nbsp; UFMG, Departamento de Filosofia, $g v.45, n.110, (jul. 2004), p.350-364 $x 0100-512X, $w (BR-BhUFM) 225627<br>856 4&nbsp; $u http:\/\/www.scielo.br\/scielo.php?script=sci_arttext&amp;pid=S0100-512X2004000200008&amp;lng=pt&amp;nrm=iso&amp;tlng=pt<\/td><\/tr><\/tbody><\/table><\/figure>\n","protected":false},"excerpt":{"rendered":"<p>BIBLIOTECA UNIVERSIT\u00c1RIA \u2013 UFMG&nbsp;&nbsp;&nbsp;&nbsp;&nbsp;&nbsp;&nbsp;&nbsp;&nbsp;&nbsp;&nbsp;&nbsp;&nbsp;&nbsp;&nbsp;&nbsp;&nbsp;&nbsp;&nbsp;&nbsp;&nbsp;&nbsp;&nbsp;&nbsp;&nbsp;&nbsp;&nbsp;&nbsp;&nbsp;&nbsp;&nbsp;&nbsp;&nbsp;&nbsp;&nbsp;&nbsp;&nbsp;&nbsp;&nbsp;&nbsp;&nbsp;&nbsp;&nbsp;&nbsp;&nbsp; DEPARTAMENTO DE TECNOLOGIA E TRATAMENTO DA INFORMA\u00c7\u00c3O \u2013 DITTI \u2013 SETOR DE TRATAMENTO DA INFORMA\u00c7\u00c3O COMUNICADO N\u00ba: 02&nbsp;&nbsp;&nbsp;&nbsp;&nbsp;&nbsp;&nbsp;&nbsp;&nbsp;&nbsp;&nbsp;&nbsp;&nbsp;&nbsp; DATA:&nbsp; 15\/06\/2011 ASSUNTO: 024 Como codificar o DOI Como codificar o DOI (Digital object identifier = Identificador do objeto digital) no MARC 21 Bibliogr\u00e1fico&nbsp;DOI &#8211;&nbsp; O Digital Object Identifier (Identificador de Objeto Digital) [&hellip;]<\/p>\n","protected":false},"author":1,"featured_media":0,"parent":0,"menu_order":0,"comment_status":"closed","ping_status":"closed","template":"","meta":{"footnotes":""},"class_list":["post-132","page","type-page","status-publish","hentry"],"_links":{"self":[{"href":"https:\/\/www.bu.ufmg.br\/catalogacao\/wp-json\/wp\/v2\/pages\/132","targetHints":{"allow":["GET"]}}],"collection":[{"href":"https:\/\/www.bu.ufmg.br\/catalogacao\/wp-json\/wp\/v2\/pages"}],"about":[{"href":"https:\/\/www.bu.ufmg.br\/catalogacao\/wp-json\/wp\/v2\/types\/page"}],"author":[{"embeddable":true,"href":"https:\/\/www.bu.ufmg.br\/catalogacao\/wp-json\/wp\/v2\/users\/1"}],"replies":[{"embeddable":true,"href":"https:\/\/www.bu.ufmg.br\/catalogacao\/wp-json\/wp\/v2\/comments?post=132"}],"version-history":[{"count":0,"href":"https:\/\/www.bu.ufmg.br\/catalogacao\/wp-json\/wp\/v2\/pages\/132\/revisions"}],"wp:attachment":[{"href":"https:\/\/www.bu.ufmg.br\/catalogacao\/wp-json\/wp\/v2\/media?parent=132"}],"curies":[{"name":"wp","href":"https:\/\/api.w.org\/{rel}","templated":true}]}}