{"id":130,"date":"2022-03-29T17:40:54","date_gmt":"2022-03-29T20:40:54","guid":{"rendered":"https:\/\/www.bu.ufmg.br\/catalogacao\/?page_id=130"},"modified":"2022-05-12T21:22:02","modified_gmt":"2022-05-13T00:22:02","slug":"campo-020-comunicado-tecnico-ebook","status":"publish","type":"page","link":"https:\/\/www.bu.ufmg.br\/catalogacao\/campo-020-comunicado-tecnico-ebook\/","title":{"rendered":"Campo 020- Comunicado t\u00e9cnico \u2013 ebook"},"content":{"rendered":"\n<figure class=\"wp-block-table has-medium-font-size\"><table class=\"has-colibri-color-6-color has-very-light-gray-to-cyan-bluish-gray-gradient-background has-text-color has-background\"><thead><tr><th class=\"has-text-align-left\" data-align=\"left\">BIBLIOTECA UNIVERSIT\u00c1RIA \u2013 UFMG&nbsp; &nbsp; &nbsp; &nbsp; &nbsp; &nbsp; &nbsp; &nbsp; &nbsp; &nbsp; &nbsp; &nbsp; &nbsp; &nbsp; &nbsp; &nbsp; &nbsp; &nbsp; &nbsp; &nbsp; &nbsp; &nbsp; &nbsp;<br>DEPARTAMENTO DE TECNOLOGIA E TRATAMENTO DA INFORMA\u00c7\u00c3O \u2013 DITTI <\/th><\/tr><\/thead><tbody><tr><td class=\"has-text-align-left\" data-align=\"left\"><br><\/td><\/tr><tr><td class=\"has-text-align-left\" data-align=\"left\"><strong>COMUNICADO N\u00ba<\/strong>: 01&nbsp;&nbsp;&nbsp;&nbsp;&nbsp;&nbsp;&nbsp;&nbsp;&nbsp;&nbsp;&nbsp;&nbsp;&nbsp;<strong>&nbsp; DATA:<\/strong>&nbsp; 15\/06\/2011<\/td><\/tr><tr><td class=\"has-text-align-left\" data-align=\"left\"><strong>ASSUNTO:<\/strong> 020- Comunicado t\u00e9cnico \u2013 ebook<br>\u00a0<br><strong>Campo 020 &#8211; ISBN<\/strong><br><br>Como incluir o ISBN de livros eletr\u00f4nicos no registro bibliogr\u00e1fico<br>Por exemplo, na obra aparece: e-ISBN: 978-1-4020-9455-2<br>No registro bibliogr\u00e1fico:<br>020 ##\u00a0 $a 9781402094552 (e-ISBN)<br>\u00a0<br><strong>Transcrever a qualifica\u00e7\u00e3o como aparecer na obra, entre par\u00eanteses ap\u00f3s o n\u00famero.<\/strong><br>http:\/\/readdigitalbooks.wordpress.com\/2010\/02\/28\/isbn-agency-issues-guidelines-for-e-isbn-assignment\/<br>http:\/\/www.isbn-international.org\/faqs\/view\/17<br>www.isbn.bn.br<br>\u00a0<br><strong>Exemplo da Base UFMG &#8211; monografia<\/strong><br>001\u00a0\u00a0\u00a0 511609<br>003\u00a0\u00a0\u00a0 BR-BhUFM<br>005\u00a0\u00a0\u00a0 20110531140713.0<br>008\u00a0\u00a0\u00a0 110324s2009\u00a0\u00a0\u00a0 sz #a\u00a0 f##\u00a0\u00a0 #000 0#eng#d<br>020\u00a0\u00a0\u00a0 $a 9789048122707 (broch.)<br>020\u00a0\u00a0\u00a0 $a 9781402094545 (enc.)<br><strong>020\u00a0\u00a0\u00a0 $a 9781402094552 (e-ISBN)<\/strong><br>024 7\u00a0 $a 101007\/978-1-4020-9455-2 $2 doi<br>040\u00a0\u00a0\u00a0 $a BR-BhUFM $b por $c BR-BhUFM<br>090\u00a0\u00a0\u00a0 $a 382 $b A288 $c 2009 $8 48<br>245 00 $a Aid for trade : $b global and regional perspectives: 2nd world report on regional integration \/ $c Philippe De Lombaerde and Lakshmi Puri (editors),\u00a0 in collaboration with: UNCTAD, ECA, ECLAC, ESCAP, ESCWA, UNECE, UNIDO, UNDP, UNEP.<br>260\u00a0\u00a0\u00a0 $a Brugge, BE : $a Gen\u00e9ve, Su\u00ed\u00e7a : $b Springer, $c 2009.<br>300\u00a0\u00a0\u00a0 $a ix, 272 p. : $b il. ; $c 24 cm.<br>490 1\u00a0 $a United Nations University series on regionalism; $v 2<br>504\u00a0\u00a0\u00a0 $a Inclui bibliografias<br>650\u00a0 4 $a Assist\u00eancia econ\u00f4mica internacional<br>650\u00a0 4 $a Com\u00e9rcio internacional.<br>650\u00a0 4 $a Rela\u00e7\u00f5es econ\u00f4micas internacionais.<br>700 1\u00a0 $a Lombaerde, Philippe de.<br>700 1\u00a0 $a Puri, Lakshmi.<br>830\u00a0 0 $a United Nations University series on regionalism; $v 2<br>Exemplo na base LC\u00a0\u00a0\u00a0\u00a0\u00a0\u00a0\u00a0\u00a0\u00a0\u00a0\u00a0\u00a0\u00a0\u00a0\u00a0\u00a0\u00a0\u00a0\u00a0\u00a0\u00a0\u00a0\u00a0\u00a0\u00a0\u00a0\u00a0\u00a0\u00a0\u00a0\u00a0\u00a0\u00a0\u00a0\u00a0\u00a0\u00a0\u00a0\u00a0\u00a0 \u00a0\u00a0\u00a0\u00a0\u00a0\u00a0\u00a0\u00a0\u00a0\u00a0\u00a0\u00a0\u00a0\u00a0\u00a0\u00a0\u00a0\u00a0\u00a0\u00a0\u00a0\u00a0\u00a0\u00a0\u00a0\u00a0\u00a0\u00a0\u00a0\u00a0\u00a0\u00a0\u00a0\u00a0\u00a0\u00a0\u00a0\u00a0\u00a0\u00a0\u00a0\u00a0\u00a0\u00a0<br>LC Control No.: 2010937474<br>LCCN Permalink: http:\/\/lccn.loc.gov\/2010937474<br>000 01647cam a22004814a 450<br>001 16466327<br>005 20110607171519.0<br>008 100920s2011 gw a b 001 0 eng d<br>906 __ |a 7 |b cbc |c copycat |d 2 |e ncip |f 20 |g y-gencatlg<br>925 0_ |a acquire |b 2 shelf copies |x policy default<br>955 __ |b xj05 2011-06-01 z-processo |i xj05 2011-06-07 (telework) to BCCD<br>010 __ |a 2010937474<br>015 __ |a GBB001216 |2 bnb<br>015 __ |a 09,N41,0325 |2 dnb<br>016 7_ |a 015453831 |2 Uk<br>016 7_ |a 996985719 |2 DE-101<br>020 __ |a 9783642032837 (hbk.)<br>020 __ |a 3642032834 (hbk.)<br><strong>020 __ |a 9783642032844 (e-ISBN)<\/strong><br><strong>020 __ |a 3642032842 (e-ISBN)<\/strong><br>024 7_ |a 10.1007\/978-3-642-03284-4 |2 doi<br>028 52 |a 12730247<br>035 __ |a (OCoLC)ocn471802023<br>040 __ |a UKM |c UKM |d BTCTA |d YDXCP |d DEBBG |d C#P |d BWX |d CDX |d GWDNB |d OCLCQ |d DLC<br>042 __ |a lccopycat<br>082 04 |a 658.15 |2 22<br>084 __ |a 330 |2 sdnb<br>084 __ |a 330 |2 GyFmDB<br>084 __ |a QL 800 |2 rvk<br>084 __ |a WIR 540f |2 stub<br>084 __ |a WIR 670f |2 stub<br>050 00 |a HG4026 |b .S297 2011<br>100 1_ |a Schanz, Deborah.<br>245 10 |a Business taxation and financial decisions \/ |c Deborah Schanz, Sebastian Schanz.<br>260 __ |a Heidelberg ; |a New York : |b Springer, |c c2011.<br>300 __ |a xxi, 401 p. : |b ill. ; |c 24 cm.<br>504 __ |a Includes bibliographical references and index.<br>650 _0 |a Business enterprises |x Finance.<br>650 _0 |a Decision making.<br>650 _0 |a Business enterprises |x Taxation.<br>700 1_ |a Schanz, Sebastian.<br>955 __ |a pc17 2010-09-20<br>963 __ |a Veena M; phone: (44) 43950500; email: <a href=\"mailto:M.Veena@spi-global.com\">M.Veena@spi-global.com<\/a>; bc: <a href=\"mailto:reinhold.joest@springer.com\">reinhold.joest@springer.com<\/a><br>\u00a0<br><strong>\u00a0<\/strong><br><strong>\u00a0<\/strong><br><strong>\u00a0<\/strong><br><strong>LDR<\/strong><br>\u00a0cam\u00a0\u00a022004334a\u00a04500\u00a0\u00a0\u00a0\u00a0\u00a0\u00a0\u00a0\u00a0\u00a0\u00a0\u00a0\u00a0\u00a0\u00a0\u00a0\u00a0\u00a0\u00a0\u00a0\u00a0\u00a0\u00a0\u00a0\u00a0\u00a0\u00a0\u00a0\u00a0\u00a0\u00a0\u00a0\u00a0\u00a0\u00a0\u00a0\u00a0\u00a0\u00a0\u00a0\u00a0\u00a0\u00a0\u00a0\u00a0\u00a0\u00a0\u00a0\u00a0\u00a0\u00a0\u00a0\u00a0\u00a0\u00a0\u00a0\u00a0\u00a0\u00a0\u00a0\u00a0\u00a0\u00a0\u00a0\u00a0\u00a0\u00a0\u00a0\u00a0\u00a0\u00a0\u00a0\u00a0\u00a0\u00a0\u00a0\u00a0\u00a0\u00a0\u00a0\u00a0\u00a0\u00a0\u00a0\u00a0\u00a0\u00a0\u00a0\u00a0\u00a0 <br><strong>001<\/strong><br>15370097<br><strong>005<\/strong><br>20100216072856.0<br><strong>008<\/strong><br>080717s2008\u00a0\u00a0\u00a0\u00a0nyua\u00a0\u00a0\u00a0\u00a0\u00a0b\u00a0\u00a0\u00a0\u00a0001\u00a00\u00a0eng\u00a0c<br><strong>010<\/strong><br>|a \u00a0\u00a02008933363\u00a0\u00a0\u00a0\u00a0\u00a0\u00a0\u00a0\u00a0\u00a0\u00a0\u00a0\u00a0\u00a0\u00a0\u00a0\u00a0\u00a0\u00a0\u00a0\u00a0\u00a0\u00a0\u00a0\u00a0\u00a0\u00a0\u00a0\u00a0\u00a0\u00a0\u00a0\u00a0\u00a0\u00a0\u00a0\u00a0\u00a0\u00a0\u00a0\u00a0\u00a0\u00a0\u00a0\u00a0\u00a0\u00a0\u00a0\u00a0\u00a0\u00a0\u00a0\u00a0\u00a0\u00a0\u00a0\u00a0\u00a0\u00a0\u00a0\u00a0\u00a0\u00a0\u00a0\u00a0\u00a0\u00a0\u00a0\u00a0\u00a0\u00a0\u00a0\u00a0\u00a0\u00a0\u00a0\u00a0\u00a0\u00a0\u00a0\u00a0\u00a0\u00a0\u00a0\u00a0\u00a0\u00a0\u00a0\u00a0\u00a0\u00a0\u00a0\u00a0\u00a0\u00a0\u00a0\u00a0\u00a0\u00a0\u00a0\u00a0\u00a0\u00a0\u00a0\u00a0\u00a0\u00a0\u00a0\u00a0\u00a0\u00a0\u00a0\u00a0\u00a0\u00a0\u00a0\u00a0\u00a0<br><strong>015<\/strong><br>|a GBA871300 |2 bnb<br><strong>020<\/strong><br>|a 9781603271769 (alk. paper)<br><strong>020<\/strong><br>|a 1603271767 (alk. paper)<br><strong>020<\/strong><br><strong>|a 9781603271776 (e-ISBN)<\/strong><br><strong>020<\/strong><br><strong>|a 1603271775 (e-ISBN)<\/strong><br><strong>035<\/strong><br>|a (OCoLC)ocn229464281<br><strong>040<\/strong><br>|a NLM |c NLM |d UKM |d BTCTA |d YDXCP |d BAKER |d CDX |d CUS |d DLC<br><strong>042<\/strong><br>|a pcc<br><strong>05000<\/strong><br>|a RC648 |b .A34 2008<br><strong>06000<\/strong><br>|a 2008 M-041<br><strong>06010<\/strong><br>|a WK 140 |b A189 2008<br><strong>08200<\/strong><br>|a 362.196\/4 |2 22<br><strong>24500<\/strong><br>|a Acute endocrinology : |b from cause to consequence \/ |c edited by Greet van den Berghe.<br><strong>260<\/strong><br>|a New York : |b Humana Press, |c c2008.<br><strong>300<\/strong><br>|a x, 316 p. : |b ill. ; |c 25 cm.<br><strong>4901<\/strong><br>|a Contemporary endocrinology<br><strong>504<\/strong><br>|a Includes bibliographical references and index.<br><strong>650 0<\/strong><br>|a Endocrinology.<br><strong>65012<\/strong><br>|a Endocrine System Diseases |x physiopathology.<br><strong>65022<\/strong><br>|a Endocrinology |x methods.<br><strong>65022<\/strong><br>|a Metabolic Diseases |x physiopathology.<br><strong>7001<\/strong><br>|a Berghe, Greet Van den.<br><strong>830 0<\/strong><br>|a Contemporary endocrinology (Totowa, N.J. : Unnumbered).<br><strong>85641<\/strong><br>|3 Table of contents only |u http:\/\/www.loc.gov\/catdir\/toc\/fy0905\/2008933363.html<br><strong>906<\/strong><br>|a 7 |b cbc |c pccadap |d 2 |e ncip |f 20 |g y-gencatlg<br><strong>9250<\/strong><br>|a acquire |b 2 shelf copies |x policy default<br><strong>955<\/strong><br>|a xh13 2008-12-23 z-processor |a xh0000 \u00a02009-02-20 to USPL\/STM |i xh06 2009-05-15 to Dewey |w rd03 2009-06-04 |t xh06 2010-02-16 to BCCD<br><strong>955<\/strong><br>|a pc17 2008-07-17 |a xh00 \u00a02008-12-16 to USPL\/STM<br><strong>0167<\/strong><br>|a 101488101 |2 DNLM<br><strong>0167<\/strong><br>|a 014627368 |2 Uk<br><strong>SID<\/strong><br>|a Z39 |b LOC |c<br><strong>SYS<\/strong><br>000001010<br>\u00a0\u00a0\u00a0\u00a0\u00a0\u00a0\u00a0\u00a0\u00a0\u00a0\u00a0\u00a0\u00a0\u00a0\u00a0\u00a0\u00a0\u00a0\u00a0\u00a0\u00a0\u00a0\u00a0\u00a0\u00a0\u00a0\u00a0\u00a0\u00a0\u00a0\u00a0\u00a0\u00a0\u00a0\u00a0\u00a0\u00a0\u00a0\u00a0\u00a0\u00a0\u00a0\u00a0\u00a0\u00a0\u00a0\u00a0\u00a0\u00a0\u00a0\u00a0\u00a0\u00a0\u00a0\u00a0\u00a0\u00a0\u00a0\u00a0\u00a0\u00a0\u00a0\u00a0\u00a0\u00a0\u00a0\u00a0\u00a0\u00a0\u00a0\u00a0\u00a0\u00a0\u00a0\u00a0\u00a0\u00a0\u00a0\u00a0\u00a0\u00a0\u00a0\u00a0\u00a0\u00a0\u00a0\u00a0\u00a0\u00a0\u00a0\u00a0\u00a0\u00a0\u00a0\u00a0\u00a0\u00a0\u00a0\u00a0\u00a0\u00a0\u00a0\u00a0\u00a0\u00a0\u00a0\u00a0\u00a0\u00a0\u00a0\u00a0\u00a0\u00a0\u00a0\u00a0 <br><strong>000<\/strong><br>01616cam a2200385 a 450<br><strong>001<\/strong><br>15566405<br><strong>005<\/strong><br>20091026142755.0<br><strong>008<\/strong><br>081223s2009 nyua b 001 0 eng<br><strong>\u00a0<\/strong><br><strong>906<\/strong><br>__<strong> |a <\/strong>7<strong> |b <\/strong>cbc<strong> |c <\/strong>orignew<strong> |d <\/strong>1<strong> |e <\/strong>ecip<strong> |f <\/strong>20<strong> |g <\/strong>y-gencatlg\u00a0\u00a0\u00a0\u00a0\u00a0\u00a0\u00a0\u00a0\u00a0\u00a0\u00a0\u00a0\u00a0\u00a0\u00a0\u00a0\u00a0\u00a0\u00a0\u00a0\u00a0\u00a0\u00a0\u00a0\u00a0\u00a0\u00a0\u00a0\u00a0\u00a0\u00a0\u00a0\u00a0\u00a0\u00a0\u00a0\u00a0\u00a0\u00a0\u00a0\u00a0<br><strong>925<\/strong><br>0_<strong> |a <\/strong>acquire<strong> |b <\/strong>2 shelf copies<strong> |x <\/strong>policy default<br><strong>955<\/strong><br>__<strong> |a <\/strong>xj14 2008-12-23<strong> |c <\/strong>xj14 2008-12-23 (rev. xj13)<strong> |d <\/strong>xj03 2008-12-31<strong> |e <\/strong>xj06 2009-01-05 to Dewey<strong> |a <\/strong>rd05 2009-01-05<strong> |a <\/strong>xe12 2009-06-25 2 copies rec\u2019d., to CIP ver.<strong> |f <\/strong>xj04 2009-07-08 Z-CipVer to BCCD<br><strong>010<\/strong><br>__<strong> |a <\/strong>2008054450<br><strong>015<\/strong><br>__<strong> |a <\/strong>GBA917080<strong> |2 <\/strong>bnb<br><strong>016<\/strong><br>7_<strong> |a <\/strong>014908767<strong> |2 <\/strong>Uk<br><strong>020<\/strong><br>__<strong> |a <\/strong>9780231146883 (cloth : alk. paper)<br><strong>020<\/strong><br>__<strong> |a <\/strong>0231146884 (cloth : alk. paper)<br><strong>020<\/strong><br>__<strong> |a <\/strong>9780231146890 (pbk. : alk. paper)<br><strong>020<\/strong><br>__<strong> |a <\/strong>0231146892 (pbk. : alk. paper)<br><strong>020<\/strong><br><strong>__ |a 9780231519328 (<em>ebook<\/em>)<\/strong><br><strong>020<\/strong><br><strong>__ |a 023151932X (<em>ebook<\/em>)<\/strong><br><strong>035<\/strong><br>__<strong> |a <\/strong>(OCoLC)ocn286517221<br><strong>040<\/strong><br>__<strong> |a <\/strong>DLC<strong> |c <\/strong>DLC<strong> |d <\/strong>BTCTA<strong> |d <\/strong>YDXCP<strong> |d <\/strong>UKM<strong> |d <\/strong>C#P<strong> |d <\/strong>BWX<strong> |d <\/strong>CDX<strong> |d <\/strong>DLC<br><strong>043<\/strong><br>__<strong> |a <\/strong>n-us&#8212;<br><strong>050<\/strong><br>00<strong> |a <\/strong>HV881<strong> |b <\/strong>.A62 2009<br><strong>082<\/strong><br>00<strong> |a <\/strong>362.73\/30973<strong> |2 <\/strong>22<br><strong>245<\/strong><br>00<strong> |a <\/strong>Achieving permanence for older children and youth in foster care \/<strong> |c <\/strong>edited by Benjamin Kerman, Madelyn Freundlich, and Anthony N. Maluccio.<br><strong>260<\/strong><br>__<strong> |a <\/strong>New York :<strong> |b <\/strong>Columbia University Press,<strong> |c <\/strong>c2009.<br><strong>300<\/strong><br>__<strong> |a <\/strong>x, 401 p. :<strong> |b <\/strong>ill. ;<strong> |c <\/strong>24 cm.<br><strong>504<\/strong><br>__<strong> |a <\/strong>Includes bibliographical references and index.<br><strong>650<\/strong><br>_0<strong> |a <\/strong>Foster children<strong> |z <\/strong>United States.<br><strong>650<\/strong><br>_0<strong> |a <\/strong>Foster home care<strong> |z <\/strong>United States.<br><strong>700<\/strong><br>1_<strong> |a <\/strong>Kerman, Benjamin.<br><strong>700<\/strong><br>1_<strong> |a <\/strong>Freundlich, Madelyn.<br><strong>700<\/strong><br>1_<strong> |a <\/strong>Maluccio, Anthony N.<br><strong>856<\/strong><br>41<strong> |3 <\/strong>Table of contents only<strong> |u <\/strong>http:\/\/www.loc.gov\/catdir\/toc\/fy0905\/2008054450.html<\/td><\/tr><\/tbody><\/table><\/figure>\n","protected":false},"excerpt":{"rendered":"<p>BIBLIOTECA UNIVERSIT\u00c1RIA \u2013 UFMG&nbsp; &nbsp; &nbsp; &nbsp; &nbsp; &nbsp; &nbsp; &nbsp; &nbsp; &nbsp; &nbsp; &nbsp; &nbsp; &nbsp; &nbsp; &nbsp; &nbsp; &nbsp; &nbsp; &nbsp; &nbsp; &nbsp; &nbsp;DEPARTAMENTO DE TECNOLOGIA E TRATAMENTO DA INFORMA\u00c7\u00c3O \u2013 DITTI COMUNICADO N\u00ba: 01&nbsp;&nbsp;&nbsp;&nbsp;&nbsp;&nbsp;&nbsp;&nbsp;&nbsp;&nbsp;&nbsp;&nbsp;&nbsp;&nbsp; DATA:&nbsp; 15\/06\/2011 ASSUNTO: 020- Comunicado t\u00e9cnico \u2013 ebook\u00a0Campo 020 &#8211; ISBN Como incluir o ISBN de livros eletr\u00f4nicos [&hellip;]<\/p>\n","protected":false},"author":1,"featured_media":0,"parent":0,"menu_order":0,"comment_status":"closed","ping_status":"closed","template":"","meta":{"footnotes":""},"class_list":["post-130","page","type-page","status-publish","hentry"],"_links":{"self":[{"href":"https:\/\/www.bu.ufmg.br\/catalogacao\/wp-json\/wp\/v2\/pages\/130","targetHints":{"allow":["GET"]}}],"collection":[{"href":"https:\/\/www.bu.ufmg.br\/catalogacao\/wp-json\/wp\/v2\/pages"}],"about":[{"href":"https:\/\/www.bu.ufmg.br\/catalogacao\/wp-json\/wp\/v2\/types\/page"}],"author":[{"embeddable":true,"href":"https:\/\/www.bu.ufmg.br\/catalogacao\/wp-json\/wp\/v2\/users\/1"}],"replies":[{"embeddable":true,"href":"https:\/\/www.bu.ufmg.br\/catalogacao\/wp-json\/wp\/v2\/comments?post=130"}],"version-history":[{"count":0,"href":"https:\/\/www.bu.ufmg.br\/catalogacao\/wp-json\/wp\/v2\/pages\/130\/revisions"}],"wp:attachment":[{"href":"https:\/\/www.bu.ufmg.br\/catalogacao\/wp-json\/wp\/v2\/media?parent=130"}],"curies":[{"name":"wp","href":"https:\/\/api.w.org\/{rel}","templated":true}]}}