{"id":13,"date":"2022-03-09T13:03:55","date_gmt":"2022-03-09T16:03:55","guid":{"rendered":"https:\/\/www.bu.ufmg.br\/catalogacao\/?page_id=13"},"modified":"2022-05-30T16:57:06","modified_gmt":"2022-05-30T19:57:06","slug":"reunioes-tecnicas","status":"publish","type":"page","link":"https:\/\/www.bu.ufmg.br\/catalogacao\/reunioes-tecnicas\/","title":{"rendered":"Reuni\u00f5es T\u00e9cnicas"},"content":{"rendered":"\n<p>Reuni\u00e3o Catalogadores<a href=\"https:\/\/www.bu.ufmg.br\/catalogacao\/reuniao-catalogadores\/\" target=\"_blank\" rel=\"noreferrer noopener\"><img loading=\"lazy\" decoding=\"async\" width=\"50\" height=\"51\" class=\"wp-image-987\" style=\"width: 50px;\" src=\"https:\/\/www.bu.ufmg.br\/catalogacao\/wp-content\/uploads\/2022\/05\/seta-D-azul4.jpg\" alt=\"\"><\/a><\/p>\n\n\n\n<p>CadAcervo<a href=\"https:\/\/www.bu.ufmg.br\/catalogacao\/cadacervo\/\" target=\"_blank\" rel=\"noreferrer noopener\"><img loading=\"lazy\" decoding=\"async\" width=\"50\" height=\"51\" class=\"wp-image-987\" style=\"width: 50px;\" src=\"https:\/\/www.bu.ufmg.br\/catalogacao\/wp-content\/uploads\/2022\/05\/seta-D-azul4.jpg\" alt=\"\"><\/a><\/p>\n\n\n\n<p>Ata da 7a. Reuni\u00e3o do Grupo de Cataloga\u00e7\u00e3o e Autoridades<a href=\"https:\/\/www.bu.ufmg.br\/catalogacao\/ata-da-7a-reuniao-do-grupo-de-catalogacao-e-autoridades\/\" target=\"_blank\" rel=\"noreferrer noopener\"><img loading=\"lazy\" decoding=\"async\" width=\"50\" height=\"51\" class=\"wp-image-987\" style=\"width: 50px;\" src=\"https:\/\/www.bu.ufmg.br\/catalogacao\/wp-content\/uploads\/2022\/05\/seta-D-azul4.jpg\" alt=\"\"><\/a><\/p>\n\n\n\n<p>Ata da 6a. Reuni\u00e3o do Grupo de Cataloga\u00e7\u00e3o e Autoridades<a href=\"https:\/\/www.bu.ufmg.br\/catalogacao\/ata-da-6a-reuniao-do-grupo-de-catalogacao-e-autoridades\/\" target=\"_blank\" rel=\"noreferrer noopener\"><img loading=\"lazy\" decoding=\"async\" width=\"50\" height=\"51\" class=\"wp-image-987\" style=\"width: 50px;\" src=\"https:\/\/www.bu.ufmg.br\/catalogacao\/wp-content\/uploads\/2022\/05\/seta-D-azul4.jpg\" alt=\"\"><\/a><\/p>\n\n\n\n<p>Ata da 4a. Reuni\u00e3o do Grupo de Cataloga\u00e7\u00e3o e Autoridades<a href=\"https:\/\/www.bu.ufmg.br\/catalogacao\/ata-da-4a-reuniao-do-grupo-de-catalogacao-e-autoridades\/\" target=\"_blank\" rel=\"noreferrer noopener\"><img loading=\"lazy\" decoding=\"async\" width=\"50\" height=\"51\" class=\"wp-image-987\" style=\"width: 50px;\" src=\"https:\/\/www.bu.ufmg.br\/catalogacao\/wp-content\/uploads\/2022\/05\/seta-D-azul4.jpg\" alt=\"\"><\/a><\/p>\n\n\n\n<p>Ata da 3a. Reuni\u00e3o do Grupo de Cataloga\u00e7\u00e3o e Autoridades<a href=\"https:\/\/www.bu.ufmg.br\/catalogacao\/ata-da-3a-reuniao-do-grupo-de-catalogacao-e-autoridades\/\" target=\"_blank\" rel=\"noreferrer noopener\"><img loading=\"lazy\" decoding=\"async\" width=\"50\" height=\"51\" class=\"wp-image-987\" style=\"width: 50px;\" src=\"https:\/\/www.bu.ufmg.br\/catalogacao\/wp-content\/uploads\/2022\/05\/seta-D-azul4.jpg\" alt=\"\"><\/a><\/p>\n\n\n\n<p>Ata da 2a. Reuni\u00e3o do Grupo de Cataloga\u00e7\u00e3o e Autoridades<a href=\"https:\/\/www.bu.ufmg.br\/catalogacao\/ata-da-2a-reuniao-do-grupo-de-catalogacao-e-autoridades\/\" target=\"_blank\" rel=\"noreferrer noopener\"><img loading=\"lazy\" decoding=\"async\" width=\"50\" height=\"51\" class=\"wp-image-987\" style=\"width: 50px;\" src=\"https:\/\/www.bu.ufmg.br\/catalogacao\/wp-content\/uploads\/2022\/05\/seta-D-azul4.jpg\" alt=\"\"><\/a><\/p>\n\n\n\n<p>Ata da 1a. Reuni\u00e3o do Grupo de Cataloga\u00e7\u00e3o e Autoridades<a href=\"https:\/\/www.bu.ufmg.br\/catalogacao\/ata-da-1a-reuniao-do-grupo-de-catalogacao-e-autoridades\/\" target=\"_blank\" rel=\"noreferrer noopener\"><img loading=\"lazy\" decoding=\"async\" width=\"50\" height=\"51\" class=\"wp-image-987\" style=\"width: 50px;\" src=\"https:\/\/www.bu.ufmg.br\/catalogacao\/wp-content\/uploads\/2022\/05\/seta-D-azul4.jpg\" alt=\"\"><\/a><\/p>\n\n\n\n<p><\/p>\n\n\n\n<p><\/p>\n","protected":false},"excerpt":{"rendered":"<p>Reuni\u00e3o Catalogadores CadAcervo Ata da 7a. Reuni\u00e3o do Grupo de Cataloga\u00e7\u00e3o e Autoridades Ata da 6a. Reuni\u00e3o do Grupo de Cataloga\u00e7\u00e3o e Autoridades Ata da 4a. Reuni\u00e3o do Grupo de Cataloga\u00e7\u00e3o e Autoridades Ata da 3a. Reuni\u00e3o do Grupo de Cataloga\u00e7\u00e3o e Autoridades Ata da 2a. Reuni\u00e3o do Grupo de Cataloga\u00e7\u00e3o e Autoridades Ata da [&hellip;]<\/p>\n","protected":false},"author":1,"featured_media":0,"parent":0,"menu_order":0,"comment_status":"closed","ping_status":"closed","template":"","meta":{"footnotes":""},"class_list":["post-13","page","type-page","status-publish","hentry"],"_links":{"self":[{"href":"https:\/\/www.bu.ufmg.br\/catalogacao\/wp-json\/wp\/v2\/pages\/13","targetHints":{"allow":["GET"]}}],"collection":[{"href":"https:\/\/www.bu.ufmg.br\/catalogacao\/wp-json\/wp\/v2\/pages"}],"about":[{"href":"https:\/\/www.bu.ufmg.br\/catalogacao\/wp-json\/wp\/v2\/types\/page"}],"author":[{"embeddable":true,"href":"https:\/\/www.bu.ufmg.br\/catalogacao\/wp-json\/wp\/v2\/users\/1"}],"replies":[{"embeddable":true,"href":"https:\/\/www.bu.ufmg.br\/catalogacao\/wp-json\/wp\/v2\/comments?post=13"}],"version-history":[{"count":0,"href":"https:\/\/www.bu.ufmg.br\/catalogacao\/wp-json\/wp\/v2\/pages\/13\/revisions"}],"wp:attachment":[{"href":"https:\/\/www.bu.ufmg.br\/catalogacao\/wp-json\/wp\/v2\/media?parent=13"}],"curies":[{"name":"wp","href":"https:\/\/api.w.org\/{rel}","templated":true}]}}