{"id":128,"date":"2022-03-29T17:39:01","date_gmt":"2022-03-29T20:39:01","guid":{"rendered":"https:\/\/www.bu.ufmg.br\/catalogacao\/?page_id=128"},"modified":"2022-05-12T22:00:48","modified_gmt":"2022-05-13T01:00:48","slug":"isbn-13-digitos","status":"publish","type":"page","link":"https:\/\/www.bu.ufmg.br\/catalogacao\/isbn-13-digitos\/","title":{"rendered":"ISBN 13 d\u00edgitos"},"content":{"rendered":"\n<figure class=\"wp-block-table has-medium-font-size\"><table class=\"has-colibri-color-6-color has-text-color has-background\" style=\"background:linear-gradient(100deg,rgb(238,238,238) 0%,rgb(169,184,195) 100%)\"><thead><tr><th class=\"has-text-align-left\" data-align=\"left\">BIBLIOTECA UNIVERSIT\u00c1RIA &#8211; UFMG<br>CENTRAL DE CONTROLE E QUALIDADE DA CATALOGA\u00c7\u00c3O -CCQC<\/th><\/tr><\/thead><tbody><tr><td class=\"has-text-align-left\" data-align=\"left\"><br><\/td><\/tr><tr><td class=\"has-text-align-left\" data-align=\"left\"><strong>COMUNICADO N\u00ba&nbsp;<\/strong> 01\/2007&nbsp;&nbsp;&nbsp;&nbsp;&nbsp;&nbsp;&nbsp;&nbsp;&nbsp;&nbsp;&nbsp;&nbsp;&nbsp;&nbsp;&nbsp; <strong>DATA:<\/strong>&nbsp; 02\/01\/2007<\/td><\/tr><tr><td class=\"has-text-align-left\" data-align=\"left\"><strong>ASSUNTO:&nbsp;<\/strong> ISBN 13 d\u00edgitos<\/td><\/tr><tr><td class=\"has-text-align-left\" data-align=\"left\"><br><strong>ISBN 13 D\u00cdGITOS<\/strong><br><br><strong>O QUE VAI MUDAR?<\/strong><br><br>A partir de\u00a0<strong>01 de janeiro de 2007<\/strong>\u00a0o ISBN passar\u00e1 a ter\u00a0<strong>10 d\u00edgitos?<\/strong><br><br>N\u00c3O.\u00a0<br><br>A nova numera\u00e7\u00e3o ser\u00e1 precedida pelo n\u00famero\u00a0<strong>978<\/strong>, que ir\u00e1 identificar o produto livro e o n\u00famero de controle ser\u00e1 recalculado.<br><strong>PREFIXOS EDITORIAIS<\/strong>\u00a0<br>Continuar\u00e3o os mesmos.<br><strong>COMO FICAR\u00c1 A NOVA NUMERA\u00c7\u00c3O ?<\/strong><br><br>ISBN\u00a0<strong>978<\/strong>\u00a0&#8211; 85 &#8211; 333 &#8211; 0398 &#8211; X<br><strong>O QUE FAZER ?<\/strong><br>Converter o ISBN de\u00a0<strong>10<\/strong>\u00a0d\u00edgitos para o formato\u00a0<strong>13<\/strong>\u00a0d\u00edgitos at\u00e9\u00a0<strong>dezembro de 2006<\/strong>(incluindo os publicados no ano de 2006).<br>Todos os livros publicados a partir de\u00a0<strong>01\/01\/2007<\/strong>, \u00a0j\u00e1 sair\u00e3o com os\u00a0<strong>13<\/strong>\u00a0d\u00edgitos.<br><strong>POR QUE SER\u00c1 ALTERADO ?<\/strong><br><br>Para aumentar a capacidade do sistema, devido ao crescente n\u00famero de publica\u00e7\u00f5es, com suas edi\u00e7\u00f5es e formatos.<br><strong>QUE IMPLICA\u00c7\u00c3O TER\u00c1 A MUDAN\u00c7A PARA O ISBN &#8211; 13 ?<\/strong><br><br>Ela afetar\u00e1 todas as entidades que utilizam o ISBN: editores, livreiros, bibliotecas, distribuidores&#8230;<br><strong>POR QUE ESTA SOLU\u00c7\u00c3O ?<\/strong><br><br>Ela foi adotada porque nos livros j\u00e1 aparecem o ISBN de 10 d\u00edgitos e o seu equivalente de 13 d\u00edgitos no c\u00f3digo de barras.<br>Quando o\u00a0<strong>&#8220;prefixo 978&#8221;<\/strong>\u00a0se esgotar, ser\u00e1 adotado o\u00a0<strong>&#8220;prefixo 979&#8221;<\/strong>, que ocorrer\u00e1 nova mudan\u00e7a de prefixo editorial para os Editores.<br><strong>OS NOVOS ISBNs TER\u00c3O DE SER ATRIBU\u00cdDOS A PUBLICA\u00c7\u00d5ES J\u00c1 EDITADAS ?<\/strong><br>N\u00c3O.<br>Nos livros, o ISBN e o c\u00f3digo de barras dever\u00e3o ser alterados apenas quando houver uma reimpress\u00e3o.<br><strong>PODER\u00c3O OS EDITORES REUTILIZAR ISBN DE 10 D\u00cdGITOS PARA NOVAS PUBLICA\u00c7\u00d5ES ADICIONANDO O &#8220;PREFIXO 978&#8221; ?<\/strong><br>N\u00c3O.<br>Ao ser adicionado o\u00a0<strong>&#8220;prefixo 978&#8221;<\/strong>\u00a0a um ISBN anteriormente utilizado, n\u00e3o se obt\u00e9m um novo ISBN, pois, o d\u00edgito verificador muda.<br><strong>A PARTIR DE 01 DE JANEIRO DE 2007, SER\u00c1 POSS\u00cdVEL A UTILIZA\u00c7\u00c3O COMERCIAL UTILIZANDO ISBN DE 10 D\u00cdGITOS ?<\/strong><br><br>A partir de\u00a0<strong>01\/01\/2007<\/strong>\u00a0o ISBN ter\u00e1 que ter\u00a0<strong>13<\/strong>\u00a0d\u00edgitos. Todos os sistemas automatizados ter\u00e3o de estar adaptados ao novo sistema.<br>A parte comercial\u00a0<strong>n\u00e3o trabalhar\u00e1 mais com os 10 d\u00edgitos<\/strong>.<br>No per\u00edodo de transi\u00e7\u00e3o, ou seja, entre\u00a0<strong>01 de janeiro de 2006<\/strong>\u00a0at\u00e9\u00a0<strong>31 de dezembro de 2006<\/strong>, poder\u00e1 trabalhar com os 10 d\u00edgitos e tamb\u00e9m com o de 13 d\u00edgitos.<br><strong>O QUE ACONTECER\u00c1 COM OS ISBN s QUE J\u00c1 FORAM ATRIBU\u00cdDOS E AINDA N\u00c3O FORAM UTILIZADOS ?<\/strong><br><br>Os Editores dever\u00e3o continuar a usar estes ISBNs at\u00e9 acabarem, mas, dever\u00e3o converte-los para o formato 13 d\u00edgitos, antes de 01 de janeiro de 2007.<br><strong>AS PUBLICA\u00c7\u00d5ES PODER\u00c3O SER IMPRESSAS COM ISBN 10 D\u00cdGITOS E ISBN 13 D\u00cdGITOS ?<\/strong><br><br><strong>A)<\/strong>\u00a0Nas publica\u00e7\u00f5es que ser\u00e3o editadas a partir de 01 de janeiro de 2007, dever\u00e1 ser impresso somente o ISBN 13 d\u00edgitos;<br><strong>B)<\/strong>\u00a0No processo de transi\u00e7\u00e3o, o editor poder\u00e1 editar a publica\u00e7\u00e3o com:<br>&#8211; ISBN 10 digitos e com ISBN 13 d\u00edgitos;<br><strong>&#8211; NO VERSO DA FOLHA DE ROSTO<\/strong>, de modo que nas\u00a0<strong>futuras reimpress\u00f5es, a partir de 01\/01\/2007, o ISBN de 10 d\u00edgitos n\u00e3o dever\u00e1 ser utilizado<\/strong>.\u00a0<br>EX:<br>&#8211; ISBN 978 &#8211; 85 &#8211; 333 &#8211; 0398 &#8211; 0\u00a0<strong>(13 d\u00edgitos)<\/strong><br>&#8211; ISBN 85 &#8211; 333 &#8211; 0398 &#8211; 0\u00a0<strong>(10 d\u00edgitos)<\/strong><br><strong>COMO SER\u00c1 ATRIBU\u00cdDO ISBN PARA LIVROS ELETR\u00d4NICOS ?<\/strong><br><br>O ISBN 13 d\u00edgitos \u00e9 atribu\u00eddo a qualquer formato de publica\u00e7\u00e3o, dentro das normas para atribui\u00e7\u00e3o de ISBN.<br><br><strong>OBSERVA\u00c7\u00d5ES<\/strong><br>1) livros com edi\u00e7\u00e3o de 2006<br>&#8211; dever\u00e3o ser editados com ISBN de 10 d\u00edgitos e tamb\u00e9m com de 13 d\u00edgitos (ambos \u00a0\u00a0dever\u00e3o constar no verso da folha de rosto);<br>2) livros com edi\u00e7\u00e3o de 2007<br>&#8211; s\u00f3 poder\u00e3o ser editados com ISBN de 13 d\u00edgitos.<strong><br><br>ATEN\u00c7\u00c3O<\/strong><br>\u00a0<br>A AG\u00caNCIA BRASILEIRA DO ISBN N\u00c3O RECONHECER\u00c1 ISBN DE 10 D\u00cdGITOS ATRIBU\u00cdDOS PARA LIVROS COM EDI\u00c7\u00c3O DE 2007.<\/td><\/tr><\/tbody><\/table><\/figure>\n","protected":false},"excerpt":{"rendered":"<p>BIBLIOTECA UNIVERSIT\u00c1RIA &#8211; UFMGCENTRAL DE CONTROLE E QUALIDADE DA CATALOGA\u00c7\u00c3O -CCQC COMUNICADO N\u00ba&nbsp; 01\/2007&nbsp;&nbsp;&nbsp;&nbsp;&nbsp;&nbsp;&nbsp;&nbsp;&nbsp;&nbsp;&nbsp;&nbsp;&nbsp;&nbsp;&nbsp; DATA:&nbsp; 02\/01\/2007 ASSUNTO:&nbsp; ISBN 13 d\u00edgitos ISBN 13 D\u00cdGITOS O QUE VAI MUDAR? A partir de\u00a001 de janeiro de 2007\u00a0o ISBN passar\u00e1 a ter\u00a010 d\u00edgitos? N\u00c3O.\u00a0 A nova numera\u00e7\u00e3o ser\u00e1 precedida pelo n\u00famero\u00a0978, que ir\u00e1 identificar o produto livro e o [&hellip;]<\/p>\n","protected":false},"author":1,"featured_media":0,"parent":0,"menu_order":0,"comment_status":"closed","ping_status":"closed","template":"","meta":{"footnotes":""},"class_list":["post-128","page","type-page","status-publish","hentry"],"_links":{"self":[{"href":"https:\/\/www.bu.ufmg.br\/catalogacao\/wp-json\/wp\/v2\/pages\/128","targetHints":{"allow":["GET"]}}],"collection":[{"href":"https:\/\/www.bu.ufmg.br\/catalogacao\/wp-json\/wp\/v2\/pages"}],"about":[{"href":"https:\/\/www.bu.ufmg.br\/catalogacao\/wp-json\/wp\/v2\/types\/page"}],"author":[{"embeddable":true,"href":"https:\/\/www.bu.ufmg.br\/catalogacao\/wp-json\/wp\/v2\/users\/1"}],"replies":[{"embeddable":true,"href":"https:\/\/www.bu.ufmg.br\/catalogacao\/wp-json\/wp\/v2\/comments?post=128"}],"version-history":[{"count":0,"href":"https:\/\/www.bu.ufmg.br\/catalogacao\/wp-json\/wp\/v2\/pages\/128\/revisions"}],"wp:attachment":[{"href":"https:\/\/www.bu.ufmg.br\/catalogacao\/wp-json\/wp\/v2\/media?parent=128"}],"curies":[{"name":"wp","href":"https:\/\/api.w.org\/{rel}","templated":true}]}}