{"id":118,"date":"2022-03-29T17:35:19","date_gmt":"2022-03-29T20:35:19","guid":{"rendered":"https:\/\/www.bu.ufmg.br\/catalogacao\/?page_id=118"},"modified":"2022-05-12T21:28:55","modified_gmt":"2022-05-13T00:28:55","slug":"campo-04x-codigo-e-recomendacoes","status":"publish","type":"page","link":"https:\/\/www.bu.ufmg.br\/catalogacao\/campo-04x-codigo-e-recomendacoes\/","title":{"rendered":"Campo 04x- C\u00f3digo e recomenda\u00e7\u00f5es"},"content":{"rendered":"\n<figure class=\"wp-block-table has-medium-font-size\"><table class=\"has-colibri-color-6-color has-text-color\"><thead><tr><th class=\"has-text-align-left\" data-align=\"left\">BIBLIOTECA UNIVERSIT\u00c1RIA \u2013 UFMG&nbsp;&nbsp;&nbsp;&nbsp;&nbsp;&nbsp;&nbsp;&nbsp;&nbsp;&nbsp;&nbsp;&nbsp;&nbsp;&nbsp;&nbsp;&nbsp;&nbsp;&nbsp;&nbsp;&nbsp;&nbsp;&nbsp;&nbsp;&nbsp;&nbsp;&nbsp;&nbsp;&nbsp;&nbsp;&nbsp;&nbsp;&nbsp;&nbsp;&nbsp;&nbsp;&nbsp;&nbsp;&nbsp;&nbsp;&nbsp;&nbsp;&nbsp;&nbsp;&nbsp;&nbsp;<br>CENTRAL DE CONTROLE E QUALIDADE DA CATALOGA\u00c7\u00c3O &#8211; CCQC<\/th><\/tr><\/thead><tbody><tr><td class=\"has-text-align-left\" data-align=\"left\"><br><\/td><\/tr><tr><td class=\"has-text-align-left\" data-align=\"left\"><strong>COMUNICADO N\u00ba<\/strong>: 11 &nbsp; &nbsp; <strong>&nbsp;DATA:<\/strong> 2015<\/td><\/tr><tr><td class=\"has-text-align-left\" data-align=\"left\"><strong>ASSUNTO: <\/strong>&nbsp;C\u00f3digos e recomenda\u00e7\u00f5es&nbsp;<\/td><\/tr><\/tbody><\/table><\/figure>\n\n\n\n<figure class=\"wp-block-image size-large\"><img loading=\"lazy\" decoding=\"async\" width=\"1024\" height=\"745\" src=\"https:\/\/www.bu.ufmg.br\/catalogacao\/wp-content\/uploads\/2022\/03\/QWE-1024x745.jpg\" alt=\"\" class=\"wp-image-119\" srcset=\"https:\/\/www.bu.ufmg.br\/catalogacao\/wp-content\/uploads\/2022\/03\/QWE-1024x745.jpg 1024w, https:\/\/www.bu.ufmg.br\/catalogacao\/wp-content\/uploads\/2022\/03\/QWE-300x218.jpg 300w, https:\/\/www.bu.ufmg.br\/catalogacao\/wp-content\/uploads\/2022\/03\/QWE-768x558.jpg 768w, https:\/\/www.bu.ufmg.br\/catalogacao\/wp-content\/uploads\/2022\/03\/QWE-1536x1117.jpg 1536w, https:\/\/www.bu.ufmg.br\/catalogacao\/wp-content\/uploads\/2022\/03\/QWE-2048x1489.jpg 2048w\" sizes=\"auto, (max-width: 1024px) 100vw, 1024px\" \/><\/figure>\n\n\n\n<figure class=\"wp-block-image size-large\"><img loading=\"lazy\" decoding=\"async\" width=\"1024\" height=\"745\" src=\"https:\/\/www.bu.ufmg.br\/catalogacao\/wp-content\/uploads\/2022\/03\/QWE2-1024x745.jpg\" alt=\"\" class=\"wp-image-120\" srcset=\"https:\/\/www.bu.ufmg.br\/catalogacao\/wp-content\/uploads\/2022\/03\/QWE2-1024x745.jpg 1024w, https:\/\/www.bu.ufmg.br\/catalogacao\/wp-content\/uploads\/2022\/03\/QWE2-300x218.jpg 300w, https:\/\/www.bu.ufmg.br\/catalogacao\/wp-content\/uploads\/2022\/03\/QWE2-768x558.jpg 768w, https:\/\/www.bu.ufmg.br\/catalogacao\/wp-content\/uploads\/2022\/03\/QWE2-1536x1117.jpg 1536w, https:\/\/www.bu.ufmg.br\/catalogacao\/wp-content\/uploads\/2022\/03\/QWE2-2048x1489.jpg 2048w\" sizes=\"auto, (max-width: 1024px) 100vw, 1024px\" \/><\/figure>\n\n\n\n<figure class=\"wp-block-image size-large\"><img loading=\"lazy\" decoding=\"async\" width=\"1024\" height=\"745\" src=\"https:\/\/www.bu.ufmg.br\/catalogacao\/wp-content\/uploads\/2022\/03\/QWE3-1024x745.jpg\" alt=\"\" class=\"wp-image-121\" srcset=\"https:\/\/www.bu.ufmg.br\/catalogacao\/wp-content\/uploads\/2022\/03\/QWE3-1024x745.jpg 1024w, https:\/\/www.bu.ufmg.br\/catalogacao\/wp-content\/uploads\/2022\/03\/QWE3-300x218.jpg 300w, https:\/\/www.bu.ufmg.br\/catalogacao\/wp-content\/uploads\/2022\/03\/QWE3-768x558.jpg 768w, https:\/\/www.bu.ufmg.br\/catalogacao\/wp-content\/uploads\/2022\/03\/QWE3-1536x1117.jpg 1536w, https:\/\/www.bu.ufmg.br\/catalogacao\/wp-content\/uploads\/2022\/03\/QWE3-2048x1489.jpg 2048w\" sizes=\"auto, (max-width: 1024px) 100vw, 1024px\" \/><\/figure>\n\n\n\n<figure class=\"wp-block-image size-large is-resized\"><img loading=\"lazy\" decoding=\"async\" src=\"https:\/\/www.bu.ufmg.br\/catalogacao\/wp-content\/uploads\/2022\/03\/QWE4-1024x745.jpg\" alt=\"\" class=\"wp-image-122\" width=\"889\" height=\"647\" srcset=\"https:\/\/www.bu.ufmg.br\/catalogacao\/wp-content\/uploads\/2022\/03\/QWE4-1024x745.jpg 1024w, https:\/\/www.bu.ufmg.br\/catalogacao\/wp-content\/uploads\/2022\/03\/QWE4-300x218.jpg 300w, https:\/\/www.bu.ufmg.br\/catalogacao\/wp-content\/uploads\/2022\/03\/QWE4-768x558.jpg 768w, https:\/\/www.bu.ufmg.br\/catalogacao\/wp-content\/uploads\/2022\/03\/QWE4-1536x1117.jpg 1536w, https:\/\/www.bu.ufmg.br\/catalogacao\/wp-content\/uploads\/2022\/03\/QWE4-2048x1489.jpg 2048w\" sizes=\"auto, (max-width: 889px) 100vw, 889px\" \/><\/figure>\n\n\n\n<figure class=\"wp-block-image size-large\"><img loading=\"lazy\" decoding=\"async\" width=\"1024\" height=\"745\" src=\"https:\/\/www.bu.ufmg.br\/catalogacao\/wp-content\/uploads\/2022\/03\/QWE5-1024x745.jpg\" alt=\"\" class=\"wp-image-123\" srcset=\"https:\/\/www.bu.ufmg.br\/catalogacao\/wp-content\/uploads\/2022\/03\/QWE5-1024x745.jpg 1024w, https:\/\/www.bu.ufmg.br\/catalogacao\/wp-content\/uploads\/2022\/03\/QWE5-300x218.jpg 300w, https:\/\/www.bu.ufmg.br\/catalogacao\/wp-content\/uploads\/2022\/03\/QWE5-768x558.jpg 768w, https:\/\/www.bu.ufmg.br\/catalogacao\/wp-content\/uploads\/2022\/03\/QWE5-1536x1117.jpg 1536w, https:\/\/www.bu.ufmg.br\/catalogacao\/wp-content\/uploads\/2022\/03\/QWE5-2048x1489.jpg 2048w\" sizes=\"auto, (max-width: 1024px) 100vw, 1024px\" \/><\/figure>\n\n\n\n<figure class=\"wp-block-image size-large\"><img loading=\"lazy\" decoding=\"async\" width=\"1024\" height=\"745\" src=\"https:\/\/www.bu.ufmg.br\/catalogacao\/wp-content\/uploads\/2022\/03\/QWE6-1024x745.jpg\" alt=\"\" class=\"wp-image-124\" srcset=\"https:\/\/www.bu.ufmg.br\/catalogacao\/wp-content\/uploads\/2022\/03\/QWE6-1024x745.jpg 1024w, https:\/\/www.bu.ufmg.br\/catalogacao\/wp-content\/uploads\/2022\/03\/QWE6-300x218.jpg 300w, https:\/\/www.bu.ufmg.br\/catalogacao\/wp-content\/uploads\/2022\/03\/QWE6-768x558.jpg 768w, https:\/\/www.bu.ufmg.br\/catalogacao\/wp-content\/uploads\/2022\/03\/QWE6-1536x1117.jpg 1536w, https:\/\/www.bu.ufmg.br\/catalogacao\/wp-content\/uploads\/2022\/03\/QWE6-2048x1489.jpg 2048w\" sizes=\"auto, (max-width: 1024px) 100vw, 1024px\" \/><\/figure>\n","protected":false},"excerpt":{"rendered":"<p>BIBLIOTECA UNIVERSIT\u00c1RIA \u2013 UFMG&nbsp;&nbsp;&nbsp;&nbsp;&nbsp;&nbsp;&nbsp;&nbsp;&nbsp;&nbsp;&nbsp;&nbsp;&nbsp;&nbsp;&nbsp;&nbsp;&nbsp;&nbsp;&nbsp;&nbsp;&nbsp;&nbsp;&nbsp;&nbsp;&nbsp;&nbsp;&nbsp;&nbsp;&nbsp;&nbsp;&nbsp;&nbsp;&nbsp;&nbsp;&nbsp;&nbsp;&nbsp;&nbsp;&nbsp;&nbsp;&nbsp;&nbsp;&nbsp;&nbsp;&nbsp;CENTRAL DE CONTROLE E QUALIDADE DA CATALOGA\u00c7\u00c3O &#8211; CCQC COMUNICADO N\u00ba: 11 &nbsp; &nbsp; &nbsp;DATA: 2015 ASSUNTO: &nbsp;C\u00f3digos e recomenda\u00e7\u00f5es&nbsp;<\/p>\n","protected":false},"author":1,"featured_media":0,"parent":0,"menu_order":0,"comment_status":"closed","ping_status":"closed","template":"","meta":{"footnotes":""},"class_list":["post-118","page","type-page","status-publish","hentry"],"_links":{"self":[{"href":"https:\/\/www.bu.ufmg.br\/catalogacao\/wp-json\/wp\/v2\/pages\/118","targetHints":{"allow":["GET"]}}],"collection":[{"href":"https:\/\/www.bu.ufmg.br\/catalogacao\/wp-json\/wp\/v2\/pages"}],"about":[{"href":"https:\/\/www.bu.ufmg.br\/catalogacao\/wp-json\/wp\/v2\/types\/page"}],"author":[{"embeddable":true,"href":"https:\/\/www.bu.ufmg.br\/catalogacao\/wp-json\/wp\/v2\/users\/1"}],"replies":[{"embeddable":true,"href":"https:\/\/www.bu.ufmg.br\/catalogacao\/wp-json\/wp\/v2\/comments?post=118"}],"version-history":[{"count":0,"href":"https:\/\/www.bu.ufmg.br\/catalogacao\/wp-json\/wp\/v2\/pages\/118\/revisions"}],"wp:attachment":[{"href":"https:\/\/www.bu.ufmg.br\/catalogacao\/wp-json\/wp\/v2\/media?parent=118"}],"curies":[{"name":"wp","href":"https:\/\/api.w.org\/{rel}","templated":true}]}}