{"id":83,"date":"2022-10-10T21:40:08","date_gmt":"2022-10-11T00:40:08","guid":{"rendered":"https:\/\/www.bu.ufmg.br\/bcentral\/?page_id=83"},"modified":"2024-12-11T11:23:39","modified_gmt":"2024-12-11T14:23:39","slug":"normalizacao","status":"publish","type":"page","link":"https:\/\/www.bu.ufmg.br\/bcentral\/normalizacao\/","title":{"rendered":"Normaliza\u00e7\u00e3o"},"content":{"rendered":"\n<p>A normaliza\u00e7\u00e3o refere-se \u00e0 aplica\u00e7\u00e3o de normas e regras padronizadas em trabalhos t\u00e9cnico-cient\u00edficos, como artigos, teses e disserta\u00e7\u00f5es. As normas mais frequentemente utilizadas incluem:<\/p>\n\n\n\n<ul class=\"wp-block-list\">\n<li>Associa\u00e7\u00e3o Brasileira de Normas e T\u00e9cnicas (ABNT);<\/li>\n\n\n\n<li>American Psychological Association (APA)<\/li>\n\n\n\n<li>Vancouver.<\/li>\n<\/ul>\n\n\n\n<p>A Biblioteca Central recomenda as diretrizes elaboradas pela equipe do Reposit\u00f3rio Institucional da UFMG, intituladas <em>Diretrizes para Normaliza\u00e7\u00e3o de Trabalhos Acad\u00eamicos<\/em>. Estas diretrizes aplicam-se a trabalhos de conclus\u00e3o de curso, monografias de especializa\u00e7\u00e3o, disserta\u00e7\u00f5es e teses. Os usu\u00e1rios s\u00e3o orientados sobre o uso adequado das normas, conforme descrito no documento abaixo:<\/p>\n\n\n\n<p>Nota: O documento foi elaborado de acordo com as normas da ABNT.<\/p>\n\n\n\n<div data-wp-interactive=\"core\/file\" class=\"wp-block-file\"><object data-wp-bind--hidden=\"!state.hasPdfPreview\" hidden class=\"wp-block-file__embed\" data=\"https:\/\/www.bu.ufmg.br\/bcentral\/wp-content\/uploads\/2022\/11\/Diretrizes-para-normalizacao-de-trabalhos-academicos-da-UFMG.pdf\" type=\"application\/pdf\" style=\"width:100%;height:790px\" aria-label=\"Incorporado de Acessar documento no navegador.\"><\/object><a id=\"wp-block-file--media-787f2c1c-f3a1-48c4-a703-66c4f09c3607\" href=\"https:\/\/www.bu.ufmg.br\/bcentral\/wp-content\/uploads\/2022\/11\/Diretrizes-para-normalizacao-de-trabalhos-academicos-da-UFMG.pdf\">Acessar documento no navegador<\/a><a href=\"https:\/\/www.bu.ufmg.br\/bcentral\/wp-content\/uploads\/2022\/11\/Diretrizes-para-normalizacao-de-trabalhos-academicos-da-UFMG.pdf\" class=\"wp-block-file__button wp-element-button\" download aria-describedby=\"wp-block-file--media-787f2c1c-f3a1-48c4-a703-66c4f09c3607\">Baixar<\/a><\/div>\n\n\n\n<h2 class=\"wp-block-heading\">ABNT<\/h2>\n\n\n\n<p>O acesso \u00e0s regras de formata\u00e7\u00e3o para trabalhos acad\u00eamicos \u00e9 feito diretamente no site da Associa\u00e7\u00e3o Brasileira de Normas T\u00e9cnicas (<a href=\"https:\/\/www.abntcolecao.com.br\/\">www.abntcolecao.com.br<\/a>), de acordo com as orienta\u00e7\u00f5es a seguir.<\/p>\n\n\n\n<ul class=\"wp-block-list\">\n<li>Na p\u00e1gina inicial, digite \u2018UFMG\u2019 no campo &#8216;empresa&#8217;. No campo &#8216;usu\u00e1rio&#8217;, deve ser digitado \u2018AlunoUFMG\u2019 ou \u2018ProfessorUFMG\u2019. A senha deve ser id\u00eantica ao nome de usu\u00e1rio fornecido.<\/li>\n<\/ul>\n\n\n\n<ul class=\"wp-block-list\">\n<li>Por meio de ambas as possibilidades de login, toda a comunidade acad\u00eamica ter\u00e1 acesso ao conte\u00fado da plataforma:<\/li>\n<\/ul>\n\n\n\n<ul class=\"wp-block-list\">\n<li>SITE: www.abntcolecao.com.br<br>EMPRESA: UFMG<br>NOME DE USU\u00c1RIO: AlunoUFMG<br>SENHA: AlunoUFMG<\/li>\n<\/ul>\n\n\n\n<ul class=\"wp-block-list\">\n<li>SITE: www.abntcolecao.com.br<br>EMPRESA: UFMG<br>NOME DE USU\u00c1RIO: ProfessorUFMG<br>SENHA: ProfessorUFMG<\/li>\n<\/ul>\n\n\n\n<p>Veja um exemplo nas imagens a seguir.<\/p>\n\n\n\n<p>Importante: desative os pop-ups de seu computador para ter acesso.<\/p>\n\n\n\n<figure class=\"wp-block-image size-large\"><img loading=\"lazy\" decoding=\"async\" width=\"1024\" height=\"550\" src=\"https:\/\/www.bu.ufmg.br\/bcentral\/wp-content\/uploads\/2024\/12\/Captura-de-tela-2024-12-11-111002-1-1024x550.jpg\" alt=\"\" class=\"wp-image-3369\" srcset=\"https:\/\/www.bu.ufmg.br\/bcentral\/wp-content\/uploads\/2024\/12\/Captura-de-tela-2024-12-11-111002-1-1024x550.jpg 1024w, https:\/\/www.bu.ufmg.br\/bcentral\/wp-content\/uploads\/2024\/12\/Captura-de-tela-2024-12-11-111002-1-300x161.jpg 300w, https:\/\/www.bu.ufmg.br\/bcentral\/wp-content\/uploads\/2024\/12\/Captura-de-tela-2024-12-11-111002-1-768x412.jpg 768w, https:\/\/www.bu.ufmg.br\/bcentral\/wp-content\/uploads\/2024\/12\/Captura-de-tela-2024-12-11-111002-1-112x60.jpg 112w, https:\/\/www.bu.ufmg.br\/bcentral\/wp-content\/uploads\/2024\/12\/Captura-de-tela-2024-12-11-111002-1.jpg 1436w\" sizes=\"auto, (max-width: 1024px) 100vw, 1024px\" \/><\/figure>\n\n\n\n<figure class=\"wp-block-image size-large\"><img loading=\"lazy\" decoding=\"async\" width=\"1024\" height=\"612\" src=\"https:\/\/www.bu.ufmg.br\/bcentral\/wp-content\/uploads\/2024\/12\/Captura-de-tela-2024-12-11-111548-1024x612.jpg\" alt=\"\" class=\"wp-image-3368\" srcset=\"https:\/\/www.bu.ufmg.br\/bcentral\/wp-content\/uploads\/2024\/12\/Captura-de-tela-2024-12-11-111548-1024x612.jpg 1024w, https:\/\/www.bu.ufmg.br\/bcentral\/wp-content\/uploads\/2024\/12\/Captura-de-tela-2024-12-11-111548-300x179.jpg 300w, https:\/\/www.bu.ufmg.br\/bcentral\/wp-content\/uploads\/2024\/12\/Captura-de-tela-2024-12-11-111548-768x459.jpg 768w, https:\/\/www.bu.ufmg.br\/bcentral\/wp-content\/uploads\/2024\/12\/Captura-de-tela-2024-12-11-111548-100x60.jpg 100w, https:\/\/www.bu.ufmg.br\/bcentral\/wp-content\/uploads\/2024\/12\/Captura-de-tela-2024-12-11-111548.jpg 1440w\" sizes=\"auto, (max-width: 1024px) 100vw, 1024px\" \/><\/figure>\n\n\n\n<figure class=\"wp-block-image size-large\"><img loading=\"lazy\" decoding=\"async\" width=\"1024\" height=\"551\" src=\"https:\/\/www.bu.ufmg.br\/bcentral\/wp-content\/uploads\/2024\/12\/Captura-de-tela-2024-12-11-111859-1024x551.jpg\" alt=\"\" class=\"wp-image-3370\" srcset=\"https:\/\/www.bu.ufmg.br\/bcentral\/wp-content\/uploads\/2024\/12\/Captura-de-tela-2024-12-11-111859-1024x551.jpg 1024w, https:\/\/www.bu.ufmg.br\/bcentral\/wp-content\/uploads\/2024\/12\/Captura-de-tela-2024-12-11-111859-300x161.jpg 300w, https:\/\/www.bu.ufmg.br\/bcentral\/wp-content\/uploads\/2024\/12\/Captura-de-tela-2024-12-11-111859-768x413.jpg 768w, https:\/\/www.bu.ufmg.br\/bcentral\/wp-content\/uploads\/2024\/12\/Captura-de-tela-2024-12-11-111859-111x60.jpg 111w, https:\/\/www.bu.ufmg.br\/bcentral\/wp-content\/uploads\/2024\/12\/Captura-de-tela-2024-12-11-111859.jpg 1440w\" sizes=\"auto, (max-width: 1024px) 100vw, 1024px\" \/><\/figure>\n","protected":false},"excerpt":{"rendered":"<p>A normaliza\u00e7\u00e3o refere-se \u00e0 aplica\u00e7\u00e3o de normas e regras padronizadas em trabalhos t\u00e9cnico-cient\u00edficos, como artigos, teses e disserta\u00e7\u00f5es. As normas &hellip; <\/p>\n","protected":false},"author":1,"featured_media":1549,"parent":0,"menu_order":0,"comment_status":"closed","ping_status":"closed","template":"","meta":{"_themeisle_gutenberg_block_has_review":false,"footnotes":""},"class_list":["post-83","page","type-page","status-publish","has-post-thumbnail","hentry"],"_links":{"self":[{"href":"https:\/\/www.bu.ufmg.br\/bcentral\/wp-json\/wp\/v2\/pages\/83","targetHints":{"allow":["GET"]}}],"collection":[{"href":"https:\/\/www.bu.ufmg.br\/bcentral\/wp-json\/wp\/v2\/pages"}],"about":[{"href":"https:\/\/www.bu.ufmg.br\/bcentral\/wp-json\/wp\/v2\/types\/page"}],"author":[{"embeddable":true,"href":"https:\/\/www.bu.ufmg.br\/bcentral\/wp-json\/wp\/v2\/users\/1"}],"replies":[{"embeddable":true,"href":"https:\/\/www.bu.ufmg.br\/bcentral\/wp-json\/wp\/v2\/comments?post=83"}],"version-history":[{"count":12,"href":"https:\/\/www.bu.ufmg.br\/bcentral\/wp-json\/wp\/v2\/pages\/83\/revisions"}],"predecessor-version":[{"id":3371,"href":"https:\/\/www.bu.ufmg.br\/bcentral\/wp-json\/wp\/v2\/pages\/83\/revisions\/3371"}],"wp:featuredmedia":[{"embeddable":true,"href":"https:\/\/www.bu.ufmg.br\/bcentral\/wp-json\/wp\/v2\/media\/1549"}],"wp:attachment":[{"href":"https:\/\/www.bu.ufmg.br\/bcentral\/wp-json\/wp\/v2\/media?parent=83"}],"curies":[{"name":"wp","href":"https:\/\/api.w.org\/{rel}","templated":true}]}}