{"id":82,"date":"2022-10-10T21:40:08","date_gmt":"2022-10-11T00:40:08","guid":{"rendered":"https:\/\/www.bu.ufmg.br\/bcentral\/?page_id=82"},"modified":"2024-09-20T12:48:00","modified_gmt":"2024-09-20T15:48:00","slug":"comut","status":"publish","type":"page","link":"https:\/\/www.bu.ufmg.br\/bcentral\/comut\/","title":{"rendered":"COMUT"},"content":{"rendered":"\n<p><strong>O servi\u00e7o de Comuta\u00e7\u00e3o Bibliogr\u00e1fica<\/strong> permite a busca e o fornecimento de c\u00f3pia de partes de documentos, peri\u00f3dicos, disserta\u00e7\u00f5es, teses, relat\u00f3rios e anais localizados em bibliotecas do Brasil e do exterior. <\/p>\n\n\n\n<p>A Biblioteca Central \u00e9 considerada biblioteca base, que pode solicitar e fornecer c\u00f3pias, devido a seu  relevante acervo de peri\u00f3dicos impressos, referentes a diversas \u00e1reas do conhecimento.<\/p>\n\n\n\n<p>As obras desse acervo podem ser consultadas no cat\u00e1logo online da UFMG ou cat\u00e1logo do CCN do IBICT. <strong>Voc\u00ea pode acess\u00e1-los atrav\u00e9s dos seguintes \u00edcones:<\/strong><\/p>\n\n\n\n<div class=\"wp-block-group\"><div class=\"wp-block-group__inner-container is-layout-constrained wp-block-group-is-layout-constrained\">\n<div class=\"wp-block-buttons has-custom-font-size animated bounce has-medium-font-size is-horizontal is-content-justification-center is-layout-flex wp-container-core-buttons-is-layout-ddb39544 wp-block-buttons-is-layout-flex\">\n<div class=\"wp-block-button has-custom-width wp-block-button__width-50 is-style-outline is-style-outline--1\"><a class=\"wp-block-button__link has-white-color has-text-color has-background wp-element-button\" href=\"https:\/\/catalogobiblioteca.ufmg.br\/pergamum\/biblioteca\/index.php\" style=\"background-color:#9cbe9c\" target=\"_blank\" rel=\"noreferrer noopener\">Cat\u00e1logo Online UFMG<\/a><\/div>\n\n\n\n<div class=\"wp-block-button has-custom-width wp-block-button__width-50 is-style-outline is-style-outline--2\"><a class=\"wp-block-button__link has-white-color has-text-color has-background wp-element-button\" href=\"https:\/\/ccn.ibict.br\/busca.jsf\" style=\"background-color:#9cbe9c\" target=\"_blank\" rel=\"noreferrer noopener\">Cat\u00e1logo CCN &#8211; IBICT<\/a><\/div>\n<\/div>\n<\/div><\/div>\n","protected":false},"excerpt":{"rendered":"<p>O servi\u00e7o de Comuta\u00e7\u00e3o Bibliogr\u00e1fica permite a busca e o fornecimento de c\u00f3pia de partes de documentos, peri\u00f3dicos, disserta\u00e7\u00f5es, teses, &hellip; <\/p>\n","protected":false},"author":1,"featured_media":1421,"parent":0,"menu_order":0,"comment_status":"closed","ping_status":"closed","template":"","meta":{"_themeisle_gutenberg_block_has_review":false,"footnotes":""},"class_list":["post-82","page","type-page","status-publish","has-post-thumbnail","hentry"],"_links":{"self":[{"href":"https:\/\/www.bu.ufmg.br\/bcentral\/wp-json\/wp\/v2\/pages\/82","targetHints":{"allow":["GET"]}}],"collection":[{"href":"https:\/\/www.bu.ufmg.br\/bcentral\/wp-json\/wp\/v2\/pages"}],"about":[{"href":"https:\/\/www.bu.ufmg.br\/bcentral\/wp-json\/wp\/v2\/types\/page"}],"author":[{"embeddable":true,"href":"https:\/\/www.bu.ufmg.br\/bcentral\/wp-json\/wp\/v2\/users\/1"}],"replies":[{"embeddable":true,"href":"https:\/\/www.bu.ufmg.br\/bcentral\/wp-json\/wp\/v2\/comments?post=82"}],"version-history":[{"count":6,"href":"https:\/\/www.bu.ufmg.br\/bcentral\/wp-json\/wp\/v2\/pages\/82\/revisions"}],"predecessor-version":[{"id":3064,"href":"https:\/\/www.bu.ufmg.br\/bcentral\/wp-json\/wp\/v2\/pages\/82\/revisions\/3064"}],"wp:featuredmedia":[{"embeddable":true,"href":"https:\/\/www.bu.ufmg.br\/bcentral\/wp-json\/wp\/v2\/media\/1421"}],"wp:attachment":[{"href":"https:\/\/www.bu.ufmg.br\/bcentral\/wp-json\/wp\/v2\/media?parent=82"}],"curies":[{"name":"wp","href":"https:\/\/api.w.org\/{rel}","templated":true}]}}