{"id":81,"date":"2022-10-10T21:40:08","date_gmt":"2022-10-11T00:40:08","guid":{"rendered":"https:\/\/www.bu.ufmg.br\/bcentral\/?page_id=81"},"modified":"2024-09-04T12:25:21","modified_gmt":"2024-09-04T15:25:21","slug":"emissao-de-nada-consta","status":"publish","type":"page","link":"https:\/\/www.bu.ufmg.br\/bcentral\/emissao-de-nada-consta\/","title":{"rendered":"Emiss\u00e3o de Nada Consta"},"content":{"rendered":"\n<p>Nada Consta \u00e9 uma declara\u00e7\u00e3o que certifica que o usu\u00e1rio n\u00e3o possui pend\u00eancias ou d\u00e9bitos junto \u00e0s bibliotecas do Sistema de Bibliotecas da UFMG.<\/p>\n\n\n\n<p>A solicita\u00e7\u00e3o do nada consta deve ser feita na biblioteca <strong>da Unidade Acad\u00eamica onde o aluno faz o curso.<\/strong>\u00a0<a href=\"https:\/\/www.bu.ufmg.br\/bu_atual\/bibliotecas\/\">Confira os contatos das demais bibliotecas da UFMG<\/a>.\u00a0<\/p>\n\n\n\n<p><strong>A Biblioteca Central emite nada consta para os alunos que fazem os cursos de gradua\u00e7\u00e3o das Unidades Acad\u00eamicas Instituto de Ci\u00eancias Exatas &#8211; ICEx, e Instituto de Ci\u00eancias Biol\u00f3gicas &#8211; ICB.<\/strong> Neste caso, a solicita\u00e7\u00e3o deve ser encaminhada para o e-mail:\u00a0 <a href=\"mailto:bcentral-referencia@bu.ufmg.br\">bcentral-referencia@bu.ufmg.br<\/a> <strong>ou preenchendo o formul\u00e1rio a seguir.<\/strong><\/p>\n\n\n\n<p><strong>Lembre-se:<\/strong> informar no e-mail seu <strong>nome completo<\/strong>, <strong>CPF<\/strong> e <strong>n\u00famero de matr\u00edcula do curso<\/strong> que est\u00e1 solicitando o documento Nada Consta.<\/p>\n\n\n\n<div class=\"wp-block-group\"><div class=\"wp-block-group__inner-container is-layout-flow wp-block-group-is-layout-flow\">\n<p class=\"has-small-font-size\">*Campos com preenchimento obrigat\u00f3rio<\/p>\n\n\n\n<div id=\"wp-block-themeisle-blocks-form-56885854\" class=\"wp-block-themeisle-blocks-form\" data-option-name=\"81_56885854\"><form class=\"otter-form__container\">\n<div id=\"wp-block-themeisle-blocks-form-input-02c643cd\" class=\"wp-block-themeisle-blocks-form-input\"><label for=\"wp-block-themeisle-blocks-form-input-02c643cd-input\" class=\"otter-form-input-label\"><span class=\"otter-form-input-label__label\">Nome<\/span><span class=\"required\">*<\/span><\/label><input type=\"text\" id=\"wp-block-themeisle-blocks-form-input-02c643cd-input\" required placeholder=\"Seu nome\" class=\"otter-form-input\"\/><\/div>\n\n\n\n<div id=\"wp-block-themeisle-blocks-form-input-b22b8601\" class=\"wp-block-themeisle-blocks-form-input\"><label for=\"wp-block-themeisle-blocks-form-input-b22b8601-input\" class=\"otter-form-input-label\"><span class=\"otter-form-input-label__label\">Email<\/span><span class=\"required\">*<\/span><\/label><input type=\"email\" id=\"wp-block-themeisle-blocks-form-input-b22b8601-input\" required placeholder=\"Seu e-mail\" class=\"otter-form-input\"\/><\/div>\n\n\n\n<div id=\"wp-block-themeisle-blocks-form-textarea-4f10b2b0\" class=\"wp-block-themeisle-blocks-form-textarea ticss-4f10b2b0\"><label for=\"wp-block-themeisle-blocks-form-textarea-4f10b2b0-input\" class=\"otter-form-textarea-label\"><span class=\"otter-form-textarea-label__label\">Mensagem<\/span><span class=\"required\">*<\/span><\/label><textarea id=\"wp-block-themeisle-blocks-form-textarea-4f10b2b0-input\" required placeholder=\"Sua mensagem, seu nome completo, CPF e n\u00famero de matr\u00edcula do curso\" rows=\"10\" class=\"otter-form-textarea-input\"><\/textarea><\/div>\n\n\n<div class=\"protection\"><input type=\"hidden\" id=\"wp-block-themeisle-blocks-form-56885854_nonce_field\" name=\"wp-block-themeisle-blocks-form-56885854_nonce_field\" value=\"2cc9bdb5c6\" \/><input type=\"hidden\" name=\"_wp_http_referer\" value=\"\/bcentral\/wp-json\/wp\/v2\/pages\/81\" \/><\/div><div class=\"wp-block-button\"><button class=\"wp-block-button__link\" type=\"submit\">Enviar<\/button><\/div><\/form><\/div>\n<\/div><\/div>\n","protected":false},"excerpt":{"rendered":"<p>Nada Consta \u00e9 uma declara\u00e7\u00e3o que certifica que o usu\u00e1rio n\u00e3o possui pend\u00eancias ou d\u00e9bitos junto \u00e0s bibliotecas do Sistema &hellip; <\/p>\n","protected":false},"author":1,"featured_media":1529,"parent":0,"menu_order":0,"comment_status":"closed","ping_status":"closed","template":"","meta":{"_themeisle_gutenberg_block_has_review":false,"footnotes":""},"class_list":["post-81","page","type-page","status-publish","has-post-thumbnail","hentry"],"_links":{"self":[{"href":"https:\/\/www.bu.ufmg.br\/bcentral\/wp-json\/wp\/v2\/pages\/81","targetHints":{"allow":["GET"]}}],"collection":[{"href":"https:\/\/www.bu.ufmg.br\/bcentral\/wp-json\/wp\/v2\/pages"}],"about":[{"href":"https:\/\/www.bu.ufmg.br\/bcentral\/wp-json\/wp\/v2\/types\/page"}],"author":[{"embeddable":true,"href":"https:\/\/www.bu.ufmg.br\/bcentral\/wp-json\/wp\/v2\/users\/1"}],"replies":[{"embeddable":true,"href":"https:\/\/www.bu.ufmg.br\/bcentral\/wp-json\/wp\/v2\/comments?post=81"}],"version-history":[{"count":13,"href":"https:\/\/www.bu.ufmg.br\/bcentral\/wp-json\/wp\/v2\/pages\/81\/revisions"}],"predecessor-version":[{"id":3422,"href":"https:\/\/www.bu.ufmg.br\/bcentral\/wp-json\/wp\/v2\/pages\/81\/revisions\/3422"}],"wp:featuredmedia":[{"embeddable":true,"href":"https:\/\/www.bu.ufmg.br\/bcentral\/wp-json\/wp\/v2\/media\/1529"}],"wp:attachment":[{"href":"https:\/\/www.bu.ufmg.br\/bcentral\/wp-json\/wp\/v2\/media?parent=81"}],"curies":[{"name":"wp","href":"https:\/\/api.w.org\/{rel}","templated":true}]}}