{"id":78,"date":"2022-10-10T21:40:08","date_gmt":"2022-10-11T00:40:08","guid":{"rendered":"https:\/\/www.bu.ufmg.br\/bcentral\/?page_id=78"},"modified":"2024-09-06T15:17:13","modified_gmt":"2024-09-06T18:17:13","slug":"treinamento-de-usuarios","status":"publish","type":"page","link":"https:\/\/www.bu.ufmg.br\/bcentral\/treinamento-de-usuarios\/","title":{"rendered":"Treinamento de Usu\u00e1rios"},"content":{"rendered":"\n<p>O treinamento online \u00e9 uma prepara\u00e7\u00e3o para utiliza\u00e7\u00e3o dos servi\u00e7os e produtos das bibliotecas do Sistema de Bibliotecas da UFMG (SB\/UFMG). Tem por objetivo orientar os usu\u00e1rios na utiliza\u00e7\u00e3o das ferramentas informacionais oferecidas para pleno aproveitamento.<\/p>\n\n\n\n<p>Apresenta tamb\u00e9m os direitos, deveres e compromisso do usu\u00e1rio com a preserva\u00e7\u00e3o dos recursos oferecidos pelas bibliotecas, tais como acervos, equipamentos e espa\u00e7os educativos e culturais da UFMG.<\/p>\n\n\n\n<p>Para se cadastrar no Sistema de Bibliotecas da UFMG,  alunos e servidores devem realizar o treinamento online atrav\u00e9s do seguinte link: <a href=\"https:\/\/virtual.ufmg.br\/plataforma\/course\/view.php?id=233\">https:\/\/virtual.ufmg.br\/plataforma\/course\/view.php?id=233<\/a><\/p>\n\n\n\n<h2 class=\"wp-block-heading animated backInLeft has-text-color\" style=\"color:#9cbe9c\">Passo a Passo<\/h2>\n\n\n\n<div id=\"wp-block-themeisle-blocks-accordion-13557372\" class=\"wp-block-themeisle-blocks-accordion exclusive is-style-boxed\">\n<details class=\"wp-block-themeisle-blocks-accordion-item\"><summary class=\"wp-block-themeisle-blocks-accordion-item__title\"><div><strong>Comunidade Acad\u00eamica<\/strong><\/div><\/summary><div class=\"wp-block-themeisle-blocks-accordion-item__content\">\n<ul class=\"wp-block-list\">\n<li>Para se inscrever no treinamento atrav\u00e9s do portal MinhaUFMG: \u00a0 <a href=\"https:\/\/virtual.ufmg.br\/plataforma\/course\/view.php?id=233\">acesse o Moodle UFMG para sua inclus\u00e3o autom\u00e1tica na turma correspondente ao treinamento<\/a>;<\/li>\n\n\n\n<li>Ap\u00f3s concluir o treinamento, o usu\u00e1rio dever\u00e1 solicitar, por e-mail, o cadastro na biblioteca da Unidade Acad\u00eamica do seu curso. No corpo da mensagem, informe seu  e-mail institucional UFMG, anexe c\u00f3pia do certificado de conclus\u00e3o do treinamento e comprovante de matr\u00edcula.<\/li>\n<\/ul>\n<\/div><\/details>\n\n\n\n<details class=\"wp-block-themeisle-blocks-accordion-item\"><summary class=\"wp-block-themeisle-blocks-accordion-item__title\"><div><strong>Estudantes do ICB e ICEX<\/strong><\/div><\/summary><div class=\"wp-block-themeisle-blocks-accordion-item__content\">\n<ul class=\"wp-block-list\">\n<li>A solicita\u00e7\u00e3o de cadastro no Sistema de Bibliotecas da UFMG, para os alunos de gradua\u00e7\u00e3o das Unidades Acad\u00eamicas ICB e ICEx, deve ser enviada para o e-mail: <a href=\"mailto:bcentral-referencia@bu.ufmg.br\">bcentral-referencia@bu.ufmg.br<\/a>.<\/li>\n<\/ul>\n<\/div><\/details>\n\n\n\n<details class=\"wp-block-themeisle-blocks-accordion-item\"><summary class=\"wp-block-themeisle-blocks-accordion-item__title\"><div><strong>Servidores T\u00e9cnico-Administrativos<\/strong><\/div><\/summary><div class=\"wp-block-themeisle-blocks-accordion-item__content\">\n<ul class=\"wp-block-list\">\n<li>Se voc\u00ea \u00e9 servidor da UFMG, e sua unidade administrativa n\u00e3o apresenta biblioteca, envie a solicita\u00e7\u00e3o para o e-mail: <a href=\"mailto:bcentral-referencia@bu.ufmg.br\">bcentral-referencia@bu.ufmg.br<\/a>. Mas, se voc\u00ea \u00e9 servidor e a sua unidade administrativa possui uma biblioteca, deve enviar a solicita\u00e7\u00e3o diretamente para o e-mail do Setor de Refer\u00eancia dessa biblioteca. Anexe c\u00f3pia do certificado obtido no treinamento e de sua carteira de identifica\u00e7\u00e3o de servidor. Informe seu e-mail institucional UFMG,  telefone celular, setor e telefone\/ramal\u00a0de seu local de trabalho na UFMG.<\/li>\n<\/ul>\n<\/div><\/details>\n<\/div>\n","protected":false},"excerpt":{"rendered":"<p>O treinamento online \u00e9 uma prepara\u00e7\u00e3o para utiliza\u00e7\u00e3o dos servi\u00e7os e produtos das bibliotecas do Sistema de Bibliotecas da UFMG &hellip; <\/p>\n","protected":false},"author":1,"featured_media":838,"parent":0,"menu_order":0,"comment_status":"closed","ping_status":"closed","template":"","meta":{"_themeisle_gutenberg_block_has_review":false,"footnotes":""},"class_list":["post-78","page","type-page","status-publish","has-post-thumbnail","hentry"],"_links":{"self":[{"href":"https:\/\/www.bu.ufmg.br\/bcentral\/wp-json\/wp\/v2\/pages\/78","targetHints":{"allow":["GET"]}}],"collection":[{"href":"https:\/\/www.bu.ufmg.br\/bcentral\/wp-json\/wp\/v2\/pages"}],"about":[{"href":"https:\/\/www.bu.ufmg.br\/bcentral\/wp-json\/wp\/v2\/types\/page"}],"author":[{"embeddable":true,"href":"https:\/\/www.bu.ufmg.br\/bcentral\/wp-json\/wp\/v2\/users\/1"}],"replies":[{"embeddable":true,"href":"https:\/\/www.bu.ufmg.br\/bcentral\/wp-json\/wp\/v2\/comments?post=78"}],"version-history":[{"count":16,"href":"https:\/\/www.bu.ufmg.br\/bcentral\/wp-json\/wp\/v2\/pages\/78\/revisions"}],"predecessor-version":[{"id":2894,"href":"https:\/\/www.bu.ufmg.br\/bcentral\/wp-json\/wp\/v2\/pages\/78\/revisions\/2894"}],"wp:featuredmedia":[{"embeddable":true,"href":"https:\/\/www.bu.ufmg.br\/bcentral\/wp-json\/wp\/v2\/media\/838"}],"wp:attachment":[{"href":"https:\/\/www.bu.ufmg.br\/bcentral\/wp-json\/wp\/v2\/media?parent=78"}],"curies":[{"name":"wp","href":"https:\/\/api.w.org\/{rel}","templated":true}]}}