{"id":59,"date":"2022-10-10T21:35:03","date_gmt":"2022-10-11T00:35:03","guid":{"rendered":"https:\/\/www.bu.ufmg.br\/bcentral\/?page_id=59"},"modified":"2024-09-20T10:52:40","modified_gmt":"2024-09-20T13:52:40","slug":"reserva-de-emprestimos","status":"publish","type":"page","link":"https:\/\/www.bu.ufmg.br\/bcentral\/reserva-de-emprestimos\/","title":{"rendered":"Reserva"},"content":{"rendered":"\n<p>O servi\u00e7o de reserva online permite que obras emprestadas sejam reservadas pelos usu\u00e1rios. Para que o sistema permita a reserva,<strong> <\/strong>\u00e9 necess\u00e1rio que todos os exemplares do t\u00edtulo desejado estejam emprestados no<strong> <a href=\"https:\/\/catalogobiblioteca.ufmg.br\/pergamum\/biblioteca\/index.php\" target=\"_blank\" rel=\"noreferrer noopener\">cat\u00e1logo online<\/a>. <\/strong><\/p>\n\n\n\n<p>Para saber mais,<strong> <\/strong><mark style=\"background-color:rgba(0, 0, 0, 0)\" class=\"has-inline-color has-vivid-cyan-blue-color\"><strong><a href=\"https:\/\/www.bu.ufmg.br\/bu_atual\/comunicacao\/guia-do-usuario\/\" data-type=\"URL\" data-id=\"https:\/\/www.bu.ufmg.br\/bu_atual\/comunicacao\/guia-do-usuario\/\" target=\"_blank\" rel=\"noreferrer noopener\">leia o tutorial de reserva<\/a><\/strong><\/mark><mark style=\"background-color:rgba(0, 0, 0, 0)\" class=\"has-inline-color has-black-color\"> (item 11 do Guia do Usu\u00e1rio do SB\/UFMG).<\/mark><\/p>\n\n\n\n<p>Na p\u00e1gina de acesso do usu\u00e1rio, \u00e9 poss\u00edvel verificar quando um t\u00edtulo reservado se encontra dispon\u00edvel. A notifica\u00e7\u00e3o de disponibilidade \u00e9 exibida, indicando que o t\u00edtulo pode ser retirada na biblioteca respons\u00e1vel.<\/p>\n\n\n\n<p>O usu\u00e1rio tem at\u00e9 24 horas para emprestar o t\u00edtulo reservado no balc\u00e3o de empr\u00e9stimos da biblioteca, respeitando o hor\u00e1rio de funcionamento. Se o t\u00edtulo n\u00e3o for retirado dentro deste prazo, ser\u00e1 disponibilizado para o pr\u00f3ximo usu\u00e1rio na lista de reservas. Caso n\u00e3o existam mais reservas, o material retornar\u00e1 ao acervo e ficar\u00e1 novamente dispon\u00edvel para empr\u00e9stimo.<\/p>\n\n\n\n<p>Para acessar a se\u00e7\u00e3o de reservas online no Pergamum, clique no bot\u00e3o abaixo:<\/p>\n\n\n\n<div class=\"wp-block-buttons has-custom-font-size animated bounce has-medium-font-size is-horizontal is-content-justification-center is-layout-flex wp-container-core-buttons-is-layout-ddb39544 wp-block-buttons-is-layout-flex\">\n<div class=\"wp-block-button has-custom-width wp-block-button__width-50 is-style-outline is-style-outline--1\"><a class=\"wp-block-button__link has-white-color has-text-color has-background wp-element-button\" href=\"https:\/\/catalogobiblioteca.ufmg.br\/pergamum\/biblioteca_s\/php\/login_usu.php?flag=minhabiblioteca_redirect.php\" style=\"background-color:#9cbe9c\" target=\"_blank\" rel=\"noreferrer noopener\"> Reserva<\/a><\/div>\n<\/div>\n","protected":false},"excerpt":{"rendered":"<p>O servi\u00e7o de reserva online permite que obras emprestadas sejam reservadas pelos usu\u00e1rios. Para que o sistema permita a reserva, &hellip; <\/p>\n","protected":false},"author":1,"featured_media":1546,"parent":0,"menu_order":0,"comment_status":"closed","ping_status":"closed","template":"","meta":{"_themeisle_gutenberg_block_has_review":false,"footnotes":""},"class_list":["post-59","page","type-page","status-publish","has-post-thumbnail","hentry"],"_links":{"self":[{"href":"https:\/\/www.bu.ufmg.br\/bcentral\/wp-json\/wp\/v2\/pages\/59","targetHints":{"allow":["GET"]}}],"collection":[{"href":"https:\/\/www.bu.ufmg.br\/bcentral\/wp-json\/wp\/v2\/pages"}],"about":[{"href":"https:\/\/www.bu.ufmg.br\/bcentral\/wp-json\/wp\/v2\/types\/page"}],"author":[{"embeddable":true,"href":"https:\/\/www.bu.ufmg.br\/bcentral\/wp-json\/wp\/v2\/users\/1"}],"replies":[{"embeddable":true,"href":"https:\/\/www.bu.ufmg.br\/bcentral\/wp-json\/wp\/v2\/comments?post=59"}],"version-history":[{"count":16,"href":"https:\/\/www.bu.ufmg.br\/bcentral\/wp-json\/wp\/v2\/pages\/59\/revisions"}],"predecessor-version":[{"id":3053,"href":"https:\/\/www.bu.ufmg.br\/bcentral\/wp-json\/wp\/v2\/pages\/59\/revisions\/3053"}],"wp:featuredmedia":[{"embeddable":true,"href":"https:\/\/www.bu.ufmg.br\/bcentral\/wp-json\/wp\/v2\/media\/1546"}],"wp:attachment":[{"href":"https:\/\/www.bu.ufmg.br\/bcentral\/wp-json\/wp\/v2\/media?parent=59"}],"curies":[{"name":"wp","href":"https:\/\/api.w.org\/{rel}","templated":true}]}}