{"id":56,"date":"2022-10-10T21:35:03","date_gmt":"2022-10-11T00:35:03","guid":{"rendered":"https:\/\/www.bu.ufmg.br\/bcentral\/?page_id=56"},"modified":"2025-04-04T16:03:19","modified_gmt":"2025-04-04T19:03:19","slug":"organograma-da-biblioteca-central","status":"publish","type":"page","link":"https:\/\/www.bu.ufmg.br\/bcentral\/organograma-da-biblioteca-central\/","title":{"rendered":"Organograma da Biblioteca Central"},"content":{"rendered":"\n<p>Com o organograma da BC, voc\u00ea tem uma vis\u00e3o ampla dos diferentes setores e subsetores da biblioteca, al\u00e9m de suas interliga\u00e7\u00f5es. Tamb\u00e9m \u00e9 poss\u00edvel obter informa\u00e7\u00f5es sobre alguns dos servi\u00e7os dispon\u00edveis em cada setor:<\/p>\n\n\n\n<figure class=\"wp-block-image size-full is-resized\"><img loading=\"lazy\" decoding=\"async\" width=\"1024\" height=\"768\" src=\"https:\/\/www.bu.ufmg.br\/bcentral\/wp-content\/uploads\/2025\/04\/COORDENACAO-2.jpg\" alt=\"\" class=\"wp-image-3408\" style=\"width:713px;height:auto\" srcset=\"https:\/\/www.bu.ufmg.br\/bcentral\/wp-content\/uploads\/2025\/04\/COORDENACAO-2.jpg 1024w, https:\/\/www.bu.ufmg.br\/bcentral\/wp-content\/uploads\/2025\/04\/COORDENACAO-2-300x225.jpg 300w, https:\/\/www.bu.ufmg.br\/bcentral\/wp-content\/uploads\/2025\/04\/COORDENACAO-2-768x576.jpg 768w, https:\/\/www.bu.ufmg.br\/bcentral\/wp-content\/uploads\/2025\/04\/COORDENACAO-2-80x60.jpg 80w, https:\/\/www.bu.ufmg.br\/bcentral\/wp-content\/uploads\/2025\/04\/COORDENACAO-2-640x480.jpg 640w, https:\/\/www.bu.ufmg.br\/bcentral\/wp-content\/uploads\/2025\/04\/COORDENACAO-2-110x83.jpg 110w\" sizes=\"auto, (max-width: 1024px) 100vw, 1024px\" \/><\/figure>\n\n\n\n<p>A imagem mostra um organograma em formato de hierarquia, relacionado a uma estrutura de coordena\u00e7\u00e3o. No topo, h\u00e1 um bloco central identificado como &#8220;Coordena\u00e7\u00e3o&#8221;, de onde saem v\u00e1rias linhas para diferentes \u00e1reas abaixo.<\/p>\n\n\n\n<p>As \u00e1reas diretamente ligadas \u00e0 Coordena\u00e7\u00e3o incluem:<\/p>\n\n\n\n<ul class=\"wp-block-list\">\n<li>Processamento t\u00e9cnico<\/li>\n\n\n\n<li>Peri\u00f3dicos<\/li>\n\n\n\n<li>Oficina de preserva\u00e7\u00e3o e reparo<\/li>\n\n\n\n<li>Setor de refer\u00eancia<\/li>\n\n\n\n<li>Espa\u00e7o de Leitura<\/li>\n<\/ul>\n\n\n\n<p>Sob o &#8220;Setor de Refer\u00eancia&#8221;, h\u00e1 tr\u00eas subdivis\u00f5es:<\/p>\n\n\n\n<ul class=\"wp-block-list\">\n<li>Empr\u00e9stimo, devolu\u00e7\u00e3o e reserva<\/li>\n\n\n\n<li>Orienta\u00e7\u00e3o ao usu\u00e1rio<\/li>\n\n\n\n<li>Servi\u00e7o de malote<\/li>\n<\/ul>\n\n\n\n<p><\/p>\n","protected":false},"excerpt":{"rendered":"<p>Com o organograma da BC, voc\u00ea tem uma vis\u00e3o ampla dos diferentes setores e subsetores da biblioteca, al\u00e9m de suas &hellip; <\/p>\n","protected":false},"author":1,"featured_media":1117,"parent":0,"menu_order":0,"comment_status":"closed","ping_status":"closed","template":"","meta":{"_themeisle_gutenberg_block_has_review":false,"footnotes":""},"class_list":["post-56","page","type-page","status-publish","has-post-thumbnail","hentry"],"_links":{"self":[{"href":"https:\/\/www.bu.ufmg.br\/bcentral\/wp-json\/wp\/v2\/pages\/56","targetHints":{"allow":["GET"]}}],"collection":[{"href":"https:\/\/www.bu.ufmg.br\/bcentral\/wp-json\/wp\/v2\/pages"}],"about":[{"href":"https:\/\/www.bu.ufmg.br\/bcentral\/wp-json\/wp\/v2\/types\/page"}],"author":[{"embeddable":true,"href":"https:\/\/www.bu.ufmg.br\/bcentral\/wp-json\/wp\/v2\/users\/1"}],"replies":[{"embeddable":true,"href":"https:\/\/www.bu.ufmg.br\/bcentral\/wp-json\/wp\/v2\/comments?post=56"}],"version-history":[{"count":23,"href":"https:\/\/www.bu.ufmg.br\/bcentral\/wp-json\/wp\/v2\/pages\/56\/revisions"}],"predecessor-version":[{"id":3410,"href":"https:\/\/www.bu.ufmg.br\/bcentral\/wp-json\/wp\/v2\/pages\/56\/revisions\/3410"}],"wp:featuredmedia":[{"embeddable":true,"href":"https:\/\/www.bu.ufmg.br\/bcentral\/wp-json\/wp\/v2\/media\/1117"}],"wp:attachment":[{"href":"https:\/\/www.bu.ufmg.br\/bcentral\/wp-json\/wp\/v2\/media?parent=56"}],"curies":[{"name":"wp","href":"https:\/\/api.w.org\/{rel}","templated":true}]}}