{"id":48,"date":"2022-10-10T21:32:08","date_gmt":"2022-10-11T00:32:08","guid":{"rendered":"https:\/\/www.bu.ufmg.br\/bcentral\/?page_id=48"},"modified":"2024-09-30T13:38:30","modified_gmt":"2024-09-30T16:38:30","slug":"sobre-a-bc","status":"publish","type":"page","link":"https:\/\/www.bu.ufmg.br\/bcentral\/sobre-a-bc\/","title":{"rendered":"Sobre a Biblioteca Central"},"content":{"rendered":"\n<p>A Biblioteca Central (BC) da Universidade Federal de Minas Gerais (UFMG) est\u00e1 subordinada, tanto t\u00e9cnica quanto administrativamente, \u00e0 Biblioteca Universit\u00e1ria (BU). A BC faz parte do Sistema de Bibliotecas da UFMG (SB\/UFMG), composto por 26 bibliotecas, todas coordenadas tecnicamente pela BU, que \u00e9 um \u00f3rg\u00e3o suplementar vinculado \u00e0 Reitoria.<\/p>\n\n\n\n<p>A BC tem como principal objetivo oferecer ao corpo docente e discente dos cursos de gradua\u00e7\u00e3o do Instituto de Ci\u00eancias Biol\u00f3gicas (ICB) e do Instituto de Ci\u00eancias Exatas (ICEx) acesso aos produtos, servi\u00e7os e recursos informacionais das bibliotecas, espec\u00edficos para suas \u00e1reas de conhecimento.<\/p>\n\n\n\n<p>Al\u00e9m disso, a BC atende os funcion\u00e1rios vinculados \u00e0 Administra\u00e7\u00e3o Central da Reitoria, que n\u00e3o est\u00e3o ligados a nenhuma unidade acad\u00eamica, proporcionando-lhes acesso aos mesmos produtos e servi\u00e7os, bem como disponibilizando instala\u00e7\u00f5es adequadas para pesquisa e estudo.<\/p>\n\n\n\n<div id=\"wp-block-themeisle-blocks-slider-7048db54\" class=\"wp-block-themeisle-blocks-slider glide\" data-per-view=\"1\" data-gap=\"0\" data-peek=\"0\" data-autoplay=\"true\" data-height=\"550px\" data-hide-arrows=\"false\"><div class=\"glide__track\" data-glide-el=\"track\"><div class=\"glide__slides\"><div class=\"wp-block-themeisle-blocks-slider-item-wrapper glide__slide\" tabindex=\"0\"><figure><img decoding=\"async\" class=\"wp-block-themeisle-blocks-slider-item\" src=\"https:\/\/www.bu.ufmg.br\/bcentral\/wp-content\/uploads\/2022\/10\/20210303_174602-1-scaled.jpg\" alt=\"\" title=\"\" data-id=\"910\"\/><\/figure><\/div><div class=\"wp-block-themeisle-blocks-slider-item-wrapper glide__slide\" tabindex=\"0\"><figure><img decoding=\"async\" class=\"wp-block-themeisle-blocks-slider-item\" src=\"https:\/\/www.bu.ufmg.br\/bcentral\/wp-content\/uploads\/2022\/10\/20221004_073833-1-scaled.jpg\" alt=\"\" title=\"\" data-id=\"963\"\/><\/figure><\/div><div class=\"wp-block-themeisle-blocks-slider-item-wrapper glide__slide\" tabindex=\"0\"><figure><img decoding=\"async\" class=\"wp-block-themeisle-blocks-slider-item\" src=\"https:\/\/www.bu.ufmg.br\/bcentral\/wp-content\/uploads\/2022\/10\/20211013_181850-3-scaled.jpg\" alt=\"\" title=\"\" data-id=\"943\"\/><\/figure><\/div><div class=\"wp-block-themeisle-blocks-slider-item-wrapper glide__slide\" tabindex=\"0\"><figure><img decoding=\"async\" class=\"wp-block-themeisle-blocks-slider-item\" src=\"https:\/\/www.bu.ufmg.br\/bcentral\/wp-content\/uploads\/2022\/10\/20220223_083041-2-scaled.jpg\" alt=\"\" title=\"\" data-id=\"944\"\/><\/figure><\/div><div class=\"wp-block-themeisle-blocks-slider-item-wrapper glide__slide\" tabindex=\"0\"><figure><img decoding=\"async\" class=\"wp-block-themeisle-blocks-slider-item\" src=\"https:\/\/www.bu.ufmg.br\/bcentral\/wp-content\/uploads\/2022\/10\/20221004_073950-1-scaled.jpg\" alt=\"\" title=\"\" data-id=\"964\"\/><\/figure><\/div><div class=\"wp-block-themeisle-blocks-slider-item-wrapper glide__slide\" tabindex=\"0\"><figure><img decoding=\"async\" class=\"wp-block-themeisle-blocks-slider-item\" src=\"https:\/\/www.bu.ufmg.br\/bcentral\/wp-content\/uploads\/2022\/10\/20210303_174438-1-scaled.jpg\" alt=\"\" title=\"\" data-id=\"903\"\/><\/figure><\/div><div class=\"wp-block-themeisle-blocks-slider-item-wrapper glide__slide\" tabindex=\"0\"><figure><img decoding=\"async\" class=\"wp-block-themeisle-blocks-slider-item\" src=\"https:\/\/www.bu.ufmg.br\/bcentral\/wp-content\/uploads\/2022\/10\/20210303_174509-1-scaled.jpg\" alt=\"\" title=\"\" data-id=\"905\"\/><\/figure><\/div><div class=\"wp-block-themeisle-blocks-slider-item-wrapper glide__slide\" tabindex=\"0\"><figure><img decoding=\"async\" class=\"wp-block-themeisle-blocks-slider-item\" src=\"https:\/\/www.bu.ufmg.br\/bcentral\/wp-content\/uploads\/2022\/10\/20210303_174531-1-scaled.jpg\" alt=\"\" title=\"\" data-id=\"907\"\/><\/figure><\/div><div class=\"wp-block-themeisle-blocks-slider-item-wrapper glide__slide\" tabindex=\"0\"><figure><img decoding=\"async\" class=\"wp-block-themeisle-blocks-slider-item\" src=\"https:\/\/www.bu.ufmg.br\/bcentral\/wp-content\/uploads\/2022\/10\/20210303_175013-Copia-scaled.jpg\" alt=\"\" title=\"\" data-id=\"928\"\/><\/figure><\/div><div class=\"wp-block-themeisle-blocks-slider-item-wrapper glide__slide\" tabindex=\"0\"><figure><img decoding=\"async\" class=\"wp-block-themeisle-blocks-slider-item\" src=\"https:\/\/www.bu.ufmg.br\/bcentral\/wp-content\/uploads\/2022\/10\/20221004_073813-1-scaled.jpg\" alt=\"\" title=\"\" data-id=\"962\"\/><\/figure><\/div><\/div><div class=\"glide__bullets\" data-glide-el=\"controls[nav]\"><button class=\"glide__bullet\" data-glide-dir=\"=0\"><\/button><button class=\"glide__bullet\" data-glide-dir=\"=1\"><\/button><button class=\"glide__bullet\" data-glide-dir=\"=2\"><\/button><button class=\"glide__bullet\" data-glide-dir=\"=3\"><\/button><button class=\"glide__bullet\" data-glide-dir=\"=4\"><\/button><button class=\"glide__bullet\" data-glide-dir=\"=5\"><\/button><button class=\"glide__bullet\" data-glide-dir=\"=6\"><\/button><button class=\"glide__bullet\" data-glide-dir=\"=7\"><\/button><button class=\"glide__bullet\" data-glide-dir=\"=8\"><\/button><button class=\"glide__bullet\" data-glide-dir=\"=9\"><\/button><\/div><\/div><\/div>\n\n\n\n<p class=\"has-text-align-center has-small-font-size\">Carrossel contendo imagens da parte externa e interna da BC (Arquivo CEDECOM\/UFMG)<\/p>\n\n\n\n<h2 class=\"wp-block-heading animated backInLeft has-text-color\" style=\"color:#9cbe9c\">Hist\u00f3ria da BC<\/h2>\n\n\n\n<p>A hist\u00f3ria da Biblioteca Central (BC) da Universidade Federal de Minas Gerais (UFMG) est\u00e1 intimamente ligada \u00e0 trajet\u00f3ria da Biblioteca Universit\u00e1ria (BU) que, no passado, operava fora do campus Pampulha, na antiga Cidade Universit\u00e1ria.<\/p>\n\n\n\n<p>A BU representava um sistema de bibliotecas descentralizado, em que as bibliotecas eram vinculadas f\u00edsica, t\u00e9cnica e administrativamente \u00e0s diversas Faculdades e Departamentos, apresentando desigualdades quanto \u00e0 forma\u00e7\u00e3o e uso das cole\u00e7\u00f5es.&nbsp; (GARDINI; MAFRA e SOARES,&nbsp; 1986, p. 699)<\/p>\n\n\n\n<p>A Biblioteca Universit\u00e1ria (BU) foi transferida para o Campus Pampulha, onde passou a ocupar um espa\u00e7o no subsolo do pr\u00e9dio da Reitoria. Com a defini\u00e7\u00e3o das instala\u00e7\u00f5es f\u00edsicas das unidades acad\u00eamicas no Campus Pampulha e a cria\u00e7\u00e3o da Coordena\u00e7\u00e3o de Bibliotecas Universit\u00e1rias em 1968, foram estabelecidas as diretrizes de funcionamento do Sistema de Bibliotecas da UFMG, permitindo assim a elabora\u00e7\u00e3o do projeto do edif\u00edcio da Biblioteca Central. (GARDINI; MAFRA e SOARES,\u00a0 1986, p. 699)<\/p>\n\n\n\n<p>Tamb\u00e9m nessa \u00e9poca, foi aprovado o Plano de Reestrutura\u00e7\u00e3o do Estatuto e Regimento da Universidade Federal de Minas Gerais (UFMG), que altera a denomina\u00e7\u00e3o da Coordena\u00e7\u00e3o de Bibliotecas Universit\u00e1rias para Biblioteca Universit\u00e1ria (BU).\u00a0<\/p>\n\n\n\n<p>Ficou estabelecido, ainda, que caberia \u00e0 BU, por meio de uma pol\u00edtica global, planejar e centralizar as atividades das bibliotecas das unidades acad\u00eamicas e administrativas.<\/p>\n\n\n\n<p>Em 1974, foi aprovado o plano de zoneamento do Campus da Pampulha, que previa a constru\u00e7\u00e3o do edif\u00edcio da Biblioteca Central. Foram realizados in\u00fameros projetos visando a implanta\u00e7\u00e3o de um sistema integrado. Em 1976, foi estabelecida a dota\u00e7\u00e3o or\u00e7ament\u00e1ria centralizada na Biblioteca Universit\u00e1ria para aquisi\u00e7\u00e3o de material bibliogr\u00e1fico<strong>.<\/strong>\u00a0<\/p>\n\n\n\n<p>Em junho do mesmo ano, todas as bibliotecas integrantes do sistema de bibliotecas da UFMG foram vinculadas t\u00e9cnica e administrativamente \u00e0 BU.<strong> <\/strong>A centraliza\u00e7\u00e3o do sistema de bibliotecas foi deliberada em junho de 1977.<\/p>\n\n\n\n<p>A bibliotec\u00e1ria Mar\u00edlia J\u00fania de Almeida Gardini foi a idealizadora do projeto para constru\u00e7\u00e3o do pr\u00e9dio da Biblioteca Central, com contribui\u00e7\u00e3o da Dra. Etelvina Lima, que teve um papel importante na implanta\u00e7\u00e3o da BC na UFMG.\u00a0<\/p>\n\n\n\n<div id=\"wp-block-themeisle-blocks-slider-aabb92a1\" class=\"wp-block-themeisle-blocks-slider glide\" data-per-view=\"1\" data-gap=\"0\" data-peek=\"0\" data-autoplay=\"true\" data-height=\"550px\" data-hide-arrows=\"false\"><div class=\"glide__track\" data-glide-el=\"track\"><div class=\"glide__slides\"><div class=\"wp-block-themeisle-blocks-slider-item-wrapper glide__slide\" tabindex=\"0\"><figure><img decoding=\"async\" class=\"wp-block-themeisle-blocks-slider-item\" src=\"https:\/\/www.bu.ufmg.br\/bcentral\/wp-content\/uploads\/2022\/10\/INS-0143-1-1-scaled.jpg\" alt=\"\" title=\"\" data-id=\"967\"\/><\/figure><\/div><div class=\"wp-block-themeisle-blocks-slider-item-wrapper glide__slide\" tabindex=\"0\"><figure><img decoding=\"async\" class=\"wp-block-themeisle-blocks-slider-item\" src=\"https:\/\/www.bu.ufmg.br\/bcentral\/wp-content\/uploads\/2022\/10\/INS-0143-3-1-scaled.jpg\" alt=\"\" title=\"\" data-id=\"968\"\/><\/figure><\/div><div class=\"wp-block-themeisle-blocks-slider-item-wrapper glide__slide\" tabindex=\"0\"><figure><img decoding=\"async\" class=\"wp-block-themeisle-blocks-slider-item\" src=\"https:\/\/www.bu.ufmg.br\/bcentral\/wp-content\/uploads\/2022\/10\/PRE-0023-31-Copia-1-scaled.jpg\" alt=\"\" title=\"\" data-id=\"969\"\/><\/figure><\/div><div class=\"wp-block-themeisle-blocks-slider-item-wrapper glide__slide\" tabindex=\"0\"><figure><img decoding=\"async\" class=\"wp-block-themeisle-blocks-slider-item\" src=\"https:\/\/www.bu.ufmg.br\/bcentral\/wp-content\/uploads\/2022\/10\/PRE-0084-11-1-scaled.jpg\" alt=\"\" title=\"\" data-id=\"973\"\/><\/figure><\/div><div class=\"wp-block-themeisle-blocks-slider-item-wrapper glide__slide\" tabindex=\"0\"><figure><img decoding=\"async\" class=\"wp-block-themeisle-blocks-slider-item\" src=\"https:\/\/www.bu.ufmg.br\/bcentral\/wp-content\/uploads\/2022\/10\/PRE-0023-3-1-scaled.jpg\" alt=\"\" title=\"\" data-id=\"970\"\/><\/figure><\/div><div class=\"wp-block-themeisle-blocks-slider-item-wrapper glide__slide\" tabindex=\"0\"><figure><img decoding=\"async\" class=\"wp-block-themeisle-blocks-slider-item\" src=\"https:\/\/www.bu.ufmg.br\/bcentral\/wp-content\/uploads\/2022\/10\/PRE-00841-1-scaled.jpg\" alt=\"\" title=\"\" data-id=\"974\"\/><\/figure><\/div><div class=\"wp-block-themeisle-blocks-slider-item-wrapper glide__slide\" tabindex=\"0\"><figure><img decoding=\"async\" class=\"wp-block-themeisle-blocks-slider-item\" src=\"https:\/\/www.bu.ufmg.br\/bcentral\/wp-content\/uploads\/2022\/10\/BU_Zero_km-1-scaled.jpg\" alt=\"\" title=\"\" data-id=\"966\"\/><\/figure><\/div><div class=\"wp-block-themeisle-blocks-slider-item-wrapper glide__slide\" tabindex=\"0\"><figure><img decoding=\"async\" class=\"wp-block-themeisle-blocks-slider-item\" src=\"https:\/\/www.bu.ufmg.br\/bcentral\/wp-content\/uploads\/2022\/10\/PRE-0023-61-3-scaled.jpg\" alt=\"\" title=\"\" data-id=\"971\"\/><\/figure><\/div><div class=\"wp-block-themeisle-blocks-slider-item-wrapper glide__slide\" tabindex=\"0\"><figure><img decoding=\"async\" class=\"wp-block-themeisle-blocks-slider-item\" src=\"https:\/\/www.bu.ufmg.br\/bcentral\/wp-content\/uploads\/2022\/10\/PRE-0023-81-3-scaled.jpg\" alt=\"\" title=\"\" data-id=\"972\"\/><\/figure><\/div><\/div><div class=\"glide__bullets\" data-glide-el=\"controls[nav]\"><button class=\"glide__bullet\" data-glide-dir=\"=0\"><\/button><button class=\"glide__bullet\" data-glide-dir=\"=1\"><\/button><button class=\"glide__bullet\" data-glide-dir=\"=2\"><\/button><button class=\"glide__bullet\" data-glide-dir=\"=3\"><\/button><button class=\"glide__bullet\" data-glide-dir=\"=4\"><\/button><button class=\"glide__bullet\" data-glide-dir=\"=5\"><\/button><button class=\"glide__bullet\" data-glide-dir=\"=6\"><\/button><button class=\"glide__bullet\" data-glide-dir=\"=7\"><\/button><button class=\"glide__bullet\" data-glide-dir=\"=8\"><\/button><\/div><\/div><\/div>\n\n\n\n<p class=\"has-text-align-center has-small-font-size\">Carrossel contendo imagens antigas da \u00e9poca da constru\u00e7\u00e3o da BC, no componente h\u00e1 imagens da parte externa e interna da BC (Arquivo CEDECOM\/UFMG)<\/p>\n\n\n\n<p>Naquela \u00e9poca, a centraliza\u00e7\u00e3o de bibliotecas estava ocorrendo ao longo do pa\u00eds em outras Universidades, como por exemplo nas Universidade de Bras\u00edlia, Curitiba, e do Rio Grande do Sul. O projeto da BC seguiu o modelo norte-americano de bibliotecas. O projeto arquitet\u00f4nico foi desenvolvido pelo arquiteto Cl\u00e1udio Mafra Mosqueira.<\/p>\n\n\n\n<p style=\"font-size:18px\">Em uma entrevista concedida a revista Perspectivas em Ci\u00eancia da Informa\u00e7\u00e3o, (2010, grifo nosso), a bibliotec\u00e1ria <strong>Mar\u00edlia J\u00fania de Almeida Gardini explica o porqu\u00ea da cria\u00e7\u00e3o da Biblioteca Central e como foi o processo, desde a idealiza\u00e7\u00e3o at\u00e9 a sua finaliza\u00e7\u00e3o:<\/strong><\/p>\n\n\n\n<p style=\"font-size:15px\">[&#8230;] Era uma \u00e9poca em que v\u00e1rias universidades estavam migrando para bibliotecas centrais, como por exemplo, Bras\u00edlia, Curitiba, Universidade Federal do Rio Grande do Sul. E naquele \u2018boom\u2019 de bibliotecas, totalmente centralizadas, na nossa opini\u00e3o, <strong>era necess\u00e1rio centralizar as unidades b\u00e1sicas que j\u00e1 estavam no campus<\/strong> \u2013 como ICEX e ICB.&nbsp; [&#8230;] Foi ent\u00e3o que encontrei o projeto feito pela Prefeitura da UFMG, j\u00e1 citado, e que foi recusado no todo. Era um projeto que previa um pr\u00e9dio e tr\u00eas andares, sendo dois no subsolo e que n\u00e3o tinha possibilidade de liga\u00e7\u00e3o futura. Ent\u00e3o, <strong>recusei o projeto e parti em busca de um projeto melhor<\/strong>, um projeto onde j\u00e1 pud\u00e9ssemos imaginar vinte, trinta, cinquenta anos pela frente. E foi assim que o novo projeto nasceu: da ideia, depois foi para o papel, com um jovem arquiteto, que partiu junto comigo a procura de bons exemplos, bons modelos. <strong>Ent\u00e3o n\u00f3s fomos conhecer todas as bibliotecas centrais, analisando as vantagens e desvantagens de cada pr\u00e9dio e de cada sistema de centraliza\u00e7\u00e3o.<\/strong><\/p>\n\n\n\n<p>O edif\u00edcio da Biblioteca Central foi planejado e constru\u00eddo sem qualquer financiamento direto da UFMG. Todos os recursos destinados \u00e0 sua constru\u00e7\u00e3o e \u00e0 aquisi\u00e7\u00e3o de equipamentos foram fornecidos pelo Centro de Desenvolvimento e Apoio T\u00e9cnico \u00e0 Educa\u00e7\u00e3o (CEDATE), vinculado ao Minist\u00e9rio da Educa\u00e7\u00e3o. O mobili\u00e1rio, por sua vez, foi financiado pela Financiadora de Estudos e Projetos (FINEP).<\/p>\n\n\n\n<p>O edif\u00edcio da BC foi conclu\u00eddo em 1980, e logo ap\u00f3s a sua finaliza\u00e7\u00e3o, as cole\u00e7\u00f5es do ciclo b\u00e1sico dos Institutos de Ci\u00eancias Exatas (ICEx) e de Ci\u00eancias Biol\u00f3gicas (ICB) foram transferidas para o novo espa\u00e7o. O pr\u00e9dio tamb\u00e9m passou a sediar a administra\u00e7\u00e3o da BU. No entanto, a inaugura\u00e7\u00e3o oficial s\u00f3 ocorreu no ano seguinte, em 1981.<\/p>\n\n\n\n<p>No ano de inaugura\u00e7\u00e3o do edif\u00edcio da BC, tamb\u00e9m ocorreu a centraliza\u00e7\u00e3o dos servi\u00e7os de processamento t\u00e9cnico e a elabora\u00e7\u00e3o da primeira vers\u00e3o do regimento da Biblioteca Universit\u00e1ria (BU).<\/p>\n\n\n\n<p>Nos anos seguintes, houve um processo de descentraliza\u00e7\u00e3o do processamento t\u00e9cnico, desvinculando administrativamente as bibliotecas da UFMG da Dire\u00e7\u00e3o da BU, mantendo apenas a vincula\u00e7\u00e3o t\u00e9cnica. A aquisi\u00e7\u00e3o de material bibliogr\u00e1fico permaneceu centralizada na BU. Em 1987, ficou estabelecido que a Biblioteca Central, em termos t\u00e9cnicos, seria definida nos mesmos moldes das bibliotecas setoriais.<\/p>\n\n\n\n<p>Dessa forma, a BC \u00e9 uma das 26 bibliotecas setoriais que integram o Sistema de Bibliotecas da UFMG (SB\/UFMG). No entanto, ela est\u00e1 subordinada tanto t\u00e9cnica quanto administrativamente \u00e0 BU, que, como \u00f3rg\u00e3o suplementar vinculado \u00e0 Reitoria, \u00e9 respons\u00e1vel por fornecer o suporte informacional necess\u00e1rio \u00e0s atividades de ensino, pesquisa e extens\u00e3o da Universidade.<\/p>\n\n\n\n<div id=\"wp-block-themeisle-blocks-accordion-2364fac3\" data-has-schema=\"false\" class=\"wp-block-themeisle-blocks-accordion exclusive is-style-boxed\">\n<details class=\"wp-block-themeisle-blocks-accordion-item ticss-41709a63\"><summary class=\"wp-block-themeisle-blocks-accordion-item__title\"><div>Ficou interessado pela hist\u00f3ria da BC? Confira as nossas refer\u00eancias!:<\/div><\/summary><div class=\"wp-block-themeisle-blocks-accordion-item__content\">\n<p>ARAUJO, Ana Rita. Pr\u00e9dio da Biblioteca Central completa 25 anos: Edif\u00edcio concentra livros did\u00e1ticos dos ciclos b\u00e1sicos de ci\u00eancias exatas e biol\u00f3gicas, obras raras e cole\u00e7\u00f5es especiais. <strong>Boletim UFMG<\/strong>. Belo Horizonte, n\u00ba 1560. Ano 33, 11 de dezembro de 2006.&nbsp; Dispon\u00edvel em:<a href=\"https:\/\/www.ufmg.br\/boletim\/bol1560\/terceira.shtml\"> https:\/\/www.ufmg.br\/boletim\/bol1560\/terceira.shtml<\/a>. Acesso em 30 set 2022.<\/p>\n\n\n\n<p>GARDINI, Mar\u00edlia de Almeida. Trajet\u00f3ria e faces de Mar\u00edlia J\u00fania de Almeida Gardini: bibliotec\u00e1ria e docente por forma\u00e7\u00e3o, arquiteta na a\u00e7\u00e3o e artista pl\u00e1stica na contemporaneidade.&nbsp;<strong>Perspectivas em Ci\u00eancia da Informa\u00e7\u00e3o<\/strong>, v.15, n. especial, novembro de 2010. Dispon\u00edvel em:<a href=\"http:\/\/portaldeperiodicos.eci.ufmg.br\/index.php\/pci\/article\/viewFile\/1216\/820\"> http:\/\/portaldeperiodicos.eci.ufmg.br\/index.php\/pci\/article\/viewFile\/1216\/820<\/a>. Acesso: Acesso em 21 set 2022.<\/p>\n\n\n\n<p>GARDINI, Mar\u00edlia J\u00fania de Almeida; MAFRA, Claudio; SOARES, Vera Gl\u00e1ucia Mour\u00e3o. Um pr\u00e9dio de biblioteca central: o modelo da UFMG, <strong>Reposit\u00f3rio FEBAB<\/strong>. 1986. acesso em 21 de setembro de 2022, <a href=\"http:\/\/repositorio.febab.org.br\/items\/show\/1986\">http:\/\/repositorio.febab.org.br\/items\/show\/1986<\/a>. Acesso em 21 set 2022.<\/p>\n\n\n\n<p>UNIVERSIDADE FEDERAL DE MINAS GERAIS. Biblioteca Universit\u00e1ria. A Informatiza\u00e7\u00e3o das Bibliotecas da UFMG \u2013 Plano de a\u00e7\u00e3o 1995-1997. vers\u00e3o preliminar, maio de 1995. Belo Horizonte: UFMG<\/p>\n<\/div><\/details>\n<\/div>\n\n\n\n<p><\/p>\n","protected":false},"excerpt":{"rendered":"<p>A Biblioteca Central (BC) da Universidade Federal de Minas Gerais (UFMG) est\u00e1 subordinada, tanto t\u00e9cnica quanto administrativamente, \u00e0 Biblioteca Universit\u00e1ria &hellip; <\/p>\n","protected":false},"author":1,"featured_media":194,"parent":0,"menu_order":0,"comment_status":"closed","ping_status":"closed","template":"","meta":{"_themeisle_gutenberg_block_has_review":false,"footnotes":""},"class_list":["post-48","page","type-page","status-publish","has-post-thumbnail","hentry"],"_links":{"self":[{"href":"https:\/\/www.bu.ufmg.br\/bcentral\/wp-json\/wp\/v2\/pages\/48","targetHints":{"allow":["GET"]}}],"collection":[{"href":"https:\/\/www.bu.ufmg.br\/bcentral\/wp-json\/wp\/v2\/pages"}],"about":[{"href":"https:\/\/www.bu.ufmg.br\/bcentral\/wp-json\/wp\/v2\/types\/page"}],"author":[{"embeddable":true,"href":"https:\/\/www.bu.ufmg.br\/bcentral\/wp-json\/wp\/v2\/users\/1"}],"replies":[{"embeddable":true,"href":"https:\/\/www.bu.ufmg.br\/bcentral\/wp-json\/wp\/v2\/comments?post=48"}],"version-history":[{"count":85,"href":"https:\/\/www.bu.ufmg.br\/bcentral\/wp-json\/wp\/v2\/pages\/48\/revisions"}],"predecessor-version":[{"id":3193,"href":"https:\/\/www.bu.ufmg.br\/bcentral\/wp-json\/wp\/v2\/pages\/48\/revisions\/3193"}],"wp:featuredmedia":[{"embeddable":true,"href":"https:\/\/www.bu.ufmg.br\/bcentral\/wp-json\/wp\/v2\/media\/194"}],"wp:attachment":[{"href":"https:\/\/www.bu.ufmg.br\/bcentral\/wp-json\/wp\/v2\/media?parent=48"}],"curies":[{"name":"wp","href":"https:\/\/api.w.org\/{rel}","templated":true}]}}