{"id":3217,"date":"2024-10-11T11:37:37","date_gmt":"2024-10-11T14:37:37","guid":{"rendered":"https:\/\/www.bu.ufmg.br\/bcentral\/?page_id=3217"},"modified":"2024-10-11T11:40:21","modified_gmt":"2024-10-11T14:40:21","slug":"acesso-comunidade-externa","status":"publish","type":"page","link":"https:\/\/www.bu.ufmg.br\/bcentral\/acesso-comunidade-externa\/","title":{"rendered":"Acesso comunidade externa"},"content":{"rendered":"\n<p>Pessoas da comunidade externa, sem v\u00ednculo com a UFMG tamb\u00e9m podem utilizar a Biblioteca Central. Esses usu\u00e1rios t\u00eam acesso aos espa\u00e7os de estudo e podem consultar livros e outros materiais dentro da biblioteca. No entanto, o empr\u00e9stimo domiciliar n\u00e3o \u00e9 permitido. Se for necess\u00e1rio tirar c\u00f3pias de algumas p\u00e1ginas ou cap\u00edtulos, \u00e9 poss\u00edvel fazer um empr\u00e9stimo r\u00e1pido, com dura\u00e7\u00e3o de duas horas. Para isso, basta dirigir-se ao Setor de Refer\u00eancia, preencher um formul\u00e1rio e apresentar um documento de identidade.<\/p>\n\n\n\n<p>\u00c9 importante destacar que usu\u00e1rios externos, ou seja, aqueles que n\u00e3o t\u00eam v\u00ednculo com a universidade, tamb\u00e9m s\u00e3o respons\u00e1veis pelo uso adequado dos espa\u00e7os e do acervo. Eles est\u00e3o sujeitos \u00e0s mesmas penalidades, como pagamento de multas por atrasos na devolu\u00e7\u00e3o de materiais emprestados na modalidade de empr\u00e9stimo r\u00e1pido e reposi\u00e7\u00e3o de itens perdidos ou danificados.<\/p>\n\n\n\n<p>Para maiores informa\u00e7\u00f5es, entre em contato:<\/p>\n\n\n\n<p>Telefone: 55 (31) 3409-4617<\/p>\n\n\n\n<p>E-mail: bcentral-referencia@bu.ufmg.br<\/p>\n","protected":false},"excerpt":{"rendered":"<p>Pessoas da comunidade externa, sem v\u00ednculo com a UFMG tamb\u00e9m podem utilizar a Biblioteca Central. Esses usu\u00e1rios t\u00eam acesso aos &hellip; <\/p>\n","protected":false},"author":1,"featured_media":0,"parent":0,"menu_order":0,"comment_status":"closed","ping_status":"closed","template":"","meta":{"_themeisle_gutenberg_block_has_review":false,"footnotes":""},"class_list":["post-3217","page","type-page","status-publish","hentry"],"_links":{"self":[{"href":"https:\/\/www.bu.ufmg.br\/bcentral\/wp-json\/wp\/v2\/pages\/3217","targetHints":{"allow":["GET"]}}],"collection":[{"href":"https:\/\/www.bu.ufmg.br\/bcentral\/wp-json\/wp\/v2\/pages"}],"about":[{"href":"https:\/\/www.bu.ufmg.br\/bcentral\/wp-json\/wp\/v2\/types\/page"}],"author":[{"embeddable":true,"href":"https:\/\/www.bu.ufmg.br\/bcentral\/wp-json\/wp\/v2\/users\/1"}],"replies":[{"embeddable":true,"href":"https:\/\/www.bu.ufmg.br\/bcentral\/wp-json\/wp\/v2\/comments?post=3217"}],"version-history":[{"count":2,"href":"https:\/\/www.bu.ufmg.br\/bcentral\/wp-json\/wp\/v2\/pages\/3217\/revisions"}],"predecessor-version":[{"id":3222,"href":"https:\/\/www.bu.ufmg.br\/bcentral\/wp-json\/wp\/v2\/pages\/3217\/revisions\/3222"}],"wp:attachment":[{"href":"https:\/\/www.bu.ufmg.br\/bcentral\/wp-json\/wp\/v2\/media?parent=3217"}],"curies":[{"name":"wp","href":"https:\/\/api.w.org\/{rel}","templated":true}]}}