{"id":30,"date":"2022-10-10T20:59:44","date_gmt":"2022-10-10T23:59:44","guid":{"rendered":"https:\/\/www.bu.ufmg.br\/bcentral\/?page_id=30"},"modified":"2022-11-27T12:15:40","modified_gmt":"2022-11-27T15:15:40","slug":"normas-e-regulamentos","status":"publish","type":"page","link":"https:\/\/www.bu.ufmg.br\/bcentral\/normas-e-regulamentos\/","title":{"rendered":"Normas e Regulamentos"},"content":{"rendered":"\n<h2 class=\"animated backInLeft has-text-color wp-block-heading\" style=\"color:#9cbe9c\"><strong>Regulamento do Sistema de Bibliotecas da UFMG<\/strong><\/h2>\n\n\n\n<p>Este regulamento se refere a <strong>institucionaliza\u00e7\u00e3o do Sistema de Bibliotecas<\/strong>, definindo quais s\u00e3o as <strong>atividades que as bibliotecas devem realizar e as diretrizes para cada uma dessas atividades.<\/strong><\/p>\n\n\n\n<div data-wp-interactive=\"core\/file\" class=\"wp-block-file\"><object data-wp-bind--hidden=\"!state.hasPdfPreview\" hidden class=\"wp-block-file__embed\" data=\"https:\/\/www.bu.ufmg.br\/bcentral\/wp-content\/uploads\/2022\/11\/Regulamento-do-Sistema-de-Bibliotecas.pdf\" type=\"application\/pdf\" style=\"width:100%;height:600px\" aria-label=\"Incorporado de Acessar documento no navegador.\"><\/object><a id=\"wp-block-file--media-68b121dd-9285-486e-b48f-f566301aca95\" href=\"https:\/\/www.bu.ufmg.br\/bcentral\/wp-content\/uploads\/2022\/11\/Regulamento-do-Sistema-de-Bibliotecas.pdf\" target=\"_blank\" rel=\"noreferrer noopener\">Acessar documento no navegador<\/a><a href=\"https:\/\/www.bu.ufmg.br\/bcentral\/wp-content\/uploads\/2022\/11\/Regulamento-do-Sistema-de-Bibliotecas.pdf\" class=\"wp-block-file__button wp-element-button\" download aria-describedby=\"wp-block-file--media-68b121dd-9285-486e-b48f-f566301aca95\">Baixar<\/a><\/div>\n\n\n\n<div style=\"height:38px\" aria-hidden=\"true\" class=\"wp-block-spacer\"><\/div>\n\n\n\n<h2 class=\"animated backInLeft has-text-color wp-block-heading\" style=\"color:#9cbe9c\"><strong><strong>Regulamento sobre acervos especiais<\/strong><\/strong><\/h2>\n\n\n\n<p>Resolu\u00e7\u00e3o que <strong>disp\u00f5e sobre o acolhimento de Acervos Especiais<\/strong> pela Biblioteca Universit\u00e1ria do Sistema de Bibliotecas da UFMG.<\/p>\n\n\n\n<div data-wp-interactive=\"core\/file\" class=\"wp-block-file\"><object data-wp-bind--hidden=\"!state.hasPdfPreview\" hidden class=\"wp-block-file__embed\" data=\"https:\/\/www.bu.ufmg.br\/bcentral\/wp-content\/uploads\/2022\/11\/Regulamento-sobre-Acervos-Especiais.pdf\" type=\"application\/pdf\" style=\"width:100%;height:600px\" aria-label=\"Incorporado de Acessar documento no navegador.\"><\/object><a id=\"wp-block-file--media-68b121dd-9285-486e-b48f-f566301aca95\" href=\"https:\/\/www.bu.ufmg.br\/bcentral\/wp-content\/uploads\/2022\/11\/Regulamento-sobre-Acervos-Especiais.pdf\" target=\"_blank\" rel=\"noreferrer noopener\">Acessar documento no navegador<\/a><a href=\"https:\/\/www.bu.ufmg.br\/bcentral\/wp-content\/uploads\/2022\/11\/Regulamento-sobre-Acervos-Especiais.pdf\" class=\"wp-block-file__button wp-element-button\" download aria-describedby=\"wp-block-file--media-68b121dd-9285-486e-b48f-f566301aca95\">Baixar<\/a><\/div>\n","protected":false},"excerpt":{"rendered":"<p>Regulamento do Sistema de Bibliotecas da UFMG Este regulamento se refere a institucionaliza\u00e7\u00e3o do Sistema de Bibliotecas, definindo quais s\u00e3o &hellip; <\/p>\n","protected":false},"author":1,"featured_media":1638,"parent":0,"menu_order":0,"comment_status":"closed","ping_status":"closed","template":"","meta":{"_themeisle_gutenberg_block_has_review":false,"footnotes":""},"class_list":["post-30","page","type-page","status-publish","has-post-thumbnail","hentry"],"_links":{"self":[{"href":"https:\/\/www.bu.ufmg.br\/bcentral\/wp-json\/wp\/v2\/pages\/30","targetHints":{"allow":["GET"]}}],"collection":[{"href":"https:\/\/www.bu.ufmg.br\/bcentral\/wp-json\/wp\/v2\/pages"}],"about":[{"href":"https:\/\/www.bu.ufmg.br\/bcentral\/wp-json\/wp\/v2\/types\/page"}],"author":[{"embeddable":true,"href":"https:\/\/www.bu.ufmg.br\/bcentral\/wp-json\/wp\/v2\/users\/1"}],"replies":[{"embeddable":true,"href":"https:\/\/www.bu.ufmg.br\/bcentral\/wp-json\/wp\/v2\/comments?post=30"}],"version-history":[{"count":10,"href":"https:\/\/www.bu.ufmg.br\/bcentral\/wp-json\/wp\/v2\/pages\/30\/revisions"}],"predecessor-version":[{"id":2493,"href":"https:\/\/www.bu.ufmg.br\/bcentral\/wp-json\/wp\/v2\/pages\/30\/revisions\/2493"}],"wp:featuredmedia":[{"embeddable":true,"href":"https:\/\/www.bu.ufmg.br\/bcentral\/wp-json\/wp\/v2\/media\/1638"}],"wp:attachment":[{"href":"https:\/\/www.bu.ufmg.br\/bcentral\/wp-json\/wp\/v2\/media?parent=30"}],"curies":[{"name":"wp","href":"https:\/\/api.w.org\/{rel}","templated":true}]}}