{"id":28,"date":"2022-10-10T20:59:43","date_gmt":"2022-10-10T23:59:43","guid":{"rendered":"https:\/\/www.bu.ufmg.br\/bcentral\/?page_id=28"},"modified":"2024-09-24T15:36:28","modified_gmt":"2024-09-24T18:36:28","slug":"produtos","status":"publish","type":"page","link":"https:\/\/www.bu.ufmg.br\/bcentral\/produtos\/","title":{"rendered":"Produtos"},"content":{"rendered":"\n<div id=\"wp-block-themeisle-blocks-advanced-columns-8901ef49\" class=\"wp-block-themeisle-blocks-advanced-columns alignfull has-2-columns has-desktop-equal-layout has-tablet-equal-layout has-mobile-collapsedRows-layout has-vertical-center ticss-a2946a77\"><div class=\"wp-block-themeisle-blocks-advanced-columns-overlay\"><\/div><div class=\"innerblocks-wrap\">\n<section id=\"wp-block-themeisle-blocks-advanced-column-dfc2671a\" class=\"wp-block-themeisle-blocks-advanced-column\">\n<div class=\"wp-block-cover aligncenter\"><span aria-hidden=\"true\" class=\"wp-block-cover__background has-background-dim\"><\/span><img loading=\"lazy\" decoding=\"async\" width=\"2560\" height=\"2560\" class=\"wp-block-cover__image-background wp-image-483\" alt=\"\" src=\"https:\/\/www.bu.ufmg.br\/bcentral\/wp-content\/uploads\/2022\/10\/20221004_073950-scaled.jpg\" data-object-fit=\"cover\" srcset=\"https:\/\/www.bu.ufmg.br\/bcentral\/wp-content\/uploads\/2022\/10\/20221004_073950-scaled.jpg 2560w, https:\/\/www.bu.ufmg.br\/bcentral\/wp-content\/uploads\/2022\/10\/20221004_073950-300x300.jpg 300w, https:\/\/www.bu.ufmg.br\/bcentral\/wp-content\/uploads\/2022\/10\/20221004_073950-1024x1024.jpg 1024w, https:\/\/www.bu.ufmg.br\/bcentral\/wp-content\/uploads\/2022\/10\/20221004_073950-150x150.jpg 150w, https:\/\/www.bu.ufmg.br\/bcentral\/wp-content\/uploads\/2022\/10\/20221004_073950-768x768.jpg 768w, https:\/\/www.bu.ufmg.br\/bcentral\/wp-content\/uploads\/2022\/10\/20221004_073950-1536x1536.jpg 1536w, https:\/\/www.bu.ufmg.br\/bcentral\/wp-content\/uploads\/2022\/10\/20221004_073950-2048x2048.jpg 2048w, https:\/\/www.bu.ufmg.br\/bcentral\/wp-content\/uploads\/2022\/10\/20221004_073950-60x60.jpg 60w\" sizes=\"auto, (max-width: 2560px) 100vw, 2560px\" \/><div class=\"wp-block-cover__inner-container is-layout-flow wp-block-cover-is-layout-flow\">\n<p class=\"has-text-align-center has-small-font-size\"><\/p>\n<\/div><\/div>\n<\/section>\n\n\n\n<div id=\"wp-block-themeisle-blocks-advanced-column-c79d1bc8\" class=\"wp-block-themeisle-blocks-advanced-column ticss-2c306f0c\">\n<h3 id=\"wp-block-themeisle-blocks-advanced-heading-9d7d84b0\" class=\"wp-block-themeisle-blocks-advanced-heading wp-block-themeisle-blocks-advanced-heading-9d7d84b0\">Cat\u00e1logo Online<\/h3>\n\n\n\n<p class=\"has-text-align-center ticss-8a74c611 has-black-color has-text-color\">O Cat\u00e1logo Online \u00e9 um dos principais servi\u00e7os oferecidos pelo Sistema de Bibliotecas UFMG, permitindo explorar o acervo e realizar diversas atividades de forma pr\u00e1tica e acess\u00edvel.<\/p>\n\n\n\n<div class=\"wp-block-group ticss-535bcfae is-content-justification-center is-nowrap is-layout-flex wp-container-core-group-is-layout-94bc23d7 wp-block-group-is-layout-flex\">\n<a href=\"https:\/\/www.bu.ufmg.br\/bcentral\/catalogo-online\/\" class=\"btn-readmore\" role=\"link\">Acessar Cat\u00e1logo<\/a>\n<\/div>\n<\/div>\n<\/div><\/div>\n\n\n\n<div style=\"height:68px\" aria-hidden=\"true\" class=\"wp-block-spacer\"><\/div>\n\n\n\n<div id=\"wp-block-themeisle-blocks-advanced-columns-41f935e2\" class=\"wp-block-themeisle-blocks-advanced-columns alignfull has-2-columns has-desktop-equal-layout has-tablet-equal-layout has-mobile-collapsedRows-layout has-vertical-unset has-vertical-undefined ticss-a2946a77\"><div class=\"wp-block-themeisle-blocks-advanced-columns-overlay\"><\/div><div class=\"innerblocks-wrap\">\n<section id=\"wp-block-themeisle-blocks-advanced-column-890509c0\" class=\"wp-block-themeisle-blocks-advanced-column\">\n<figure class=\"wp-block-image size-large is-resized ticss-9ec0130a\"><img loading=\"lazy\" decoding=\"async\" width=\"1024\" height=\"552\" src=\"https:\/\/www.bu.ufmg.br\/bcentral\/wp-content\/uploads\/2024\/09\/Captura-de-tela-2024-09-23-121402-1024x552.jpg\" alt=\"\" class=\"wp-image-3131\" style=\"width:946px;height:auto\" srcset=\"https:\/\/www.bu.ufmg.br\/bcentral\/wp-content\/uploads\/2024\/09\/Captura-de-tela-2024-09-23-121402-1024x552.jpg 1024w, https:\/\/www.bu.ufmg.br\/bcentral\/wp-content\/uploads\/2024\/09\/Captura-de-tela-2024-09-23-121402-300x162.jpg 300w, https:\/\/www.bu.ufmg.br\/bcentral\/wp-content\/uploads\/2024\/09\/Captura-de-tela-2024-09-23-121402-768x414.jpg 768w, https:\/\/www.bu.ufmg.br\/bcentral\/wp-content\/uploads\/2024\/09\/Captura-de-tela-2024-09-23-121402-111x60.jpg 111w, https:\/\/www.bu.ufmg.br\/bcentral\/wp-content\/uploads\/2024\/09\/Captura-de-tela-2024-09-23-121402.jpg 1433w\" sizes=\"auto, (max-width: 1024px) 100vw, 1024px\" \/><\/figure>\n<\/section>\n\n\n\n<div id=\"wp-block-themeisle-blocks-advanced-column-da20784e\" class=\"wp-block-themeisle-blocks-advanced-column ticss-2c306f0c\">\n<p class=\"ticss-878382f9\"><\/p>\n\n\n\n<p><\/p>\n\n\n\n<h3 id=\"wp-block-themeisle-blocks-advanced-heading-23892975\" class=\"wp-block-themeisle-blocks-advanced-heading wp-block-themeisle-blocks-advanced-heading-23892975\">Busca Integrada UFMG<\/h3>\n\n\n\n<div class=\"wp-block-group is-nowrap is-layout-flex wp-container-core-group-is-layout-ad2f72ca wp-block-group-is-layout-flex\">\n<div class=\"wp-block-columns is-layout-flex wp-container-core-columns-is-layout-9d6595d7 wp-block-columns-is-layout-flex\">\n<div class=\"wp-block-column is-layout-flow wp-block-column-is-layout-flow\" style=\"flex-basis:100%\">\n<p class=\"has-text-align-center has-black-color has-text-color\">O EBSCO Discovery Service (EDS) \u00e9 uma ferramenta de busca integrada que permite acessar, de forma unificada, uma vasta gama de recursos acad\u00eamicos, como artigos, e-books, bases de dados, revistas cient\u00edficas e outros conte\u00fados de diferentes fontes. <\/p>\n<\/div>\n<\/div>\n<\/div>\n\n\n\n<div class=\"wp-block-group ticss-535bcfae is-content-justification-center is-nowrap is-layout-flex wp-container-core-group-is-layout-94bc23d7 wp-block-group-is-layout-flex\">\n<a\nhref=\"https:\/\/www.bu.ufmg.br\/bu_atual\/\"\nclass=\"btn-readmore\"\nrole=\"link\">Acessar EDS<\/a>\n<\/div>\n<\/div>\n<\/div><\/div>\n\n\n\n<div style=\"height:68px\" aria-hidden=\"true\" class=\"wp-block-spacer\"><\/div>\n\n\n\n<div id=\"wp-block-themeisle-blocks-advanced-columns-3073528d\" class=\"wp-block-themeisle-blocks-advanced-columns alignfull has-2-columns has-desktop-equal-layout has-tablet-equal-layout has-mobile-collapsedRows-layout has-vertical-center ticss-a2946a77\"><div class=\"wp-block-themeisle-blocks-advanced-columns-overlay\"><\/div><div class=\"innerblocks-wrap\">\n<section id=\"wp-block-themeisle-blocks-advanced-column-7dba6838\" class=\"wp-block-themeisle-blocks-advanced-column\">\n<div class=\"wp-block-cover aligncenter is-light\"><span aria-hidden=\"true\" class=\"wp-block-cover__background has-background-dim\"><\/span><img loading=\"lazy\" decoding=\"async\" width=\"1292\" height=\"646\" class=\"wp-block-cover__image-background wp-image-1106\" alt=\"\" src=\"https:\/\/www.bu.ufmg.br\/bcentral\/wp-content\/uploads\/2022\/10\/capesperiodicos-1.png\" data-object-fit=\"cover\" srcset=\"https:\/\/www.bu.ufmg.br\/bcentral\/wp-content\/uploads\/2022\/10\/capesperiodicos-1.png 1292w, https:\/\/www.bu.ufmg.br\/bcentral\/wp-content\/uploads\/2022\/10\/capesperiodicos-1-300x150.png 300w, https:\/\/www.bu.ufmg.br\/bcentral\/wp-content\/uploads\/2022\/10\/capesperiodicos-1-1024x512.png 1024w, https:\/\/www.bu.ufmg.br\/bcentral\/wp-content\/uploads\/2022\/10\/capesperiodicos-1-768x384.png 768w, https:\/\/www.bu.ufmg.br\/bcentral\/wp-content\/uploads\/2022\/10\/capesperiodicos-1-120x60.png 120w\" sizes=\"auto, (max-width: 1292px) 100vw, 1292px\" \/><div class=\"wp-block-cover__inner-container is-layout-flow wp-block-cover-is-layout-flow\">\n<p class=\"has-text-align-center has-small-font-size\"><\/p>\n<\/div><\/div>\n<\/section>\n\n\n\n<div id=\"wp-block-themeisle-blocks-advanced-column-d0b4550e\" class=\"wp-block-themeisle-blocks-advanced-column ticss-2c306f0c\">\n<h3 id=\"wp-block-themeisle-blocks-advanced-heading-6ced00f7\" class=\"wp-block-themeisle-blocks-advanced-heading wp-block-themeisle-blocks-advanced-heading-6ced00f7\">Portal Capes<\/h3>\n\n\n\n<p class=\"has-text-align-center has-black-color has-text-color\">O Portal de Peri\u00f3dicos CAPES oferece o melhor da produ\u00e7\u00e3o cient\u00edfica nacional, proporcionando acesso a uma vasta gama de recursos para estudo e pesquisa, garantindo suporte de qualidade para estudantes, pesquisadores e profissionais.<\/p>\n\n\n\n<div class=\"wp-block-group ticss-535bcfae is-content-justification-center is-nowrap is-layout-flex wp-container-core-group-is-layout-94bc23d7 wp-block-group-is-layout-flex\">\n<a href=\"https:\/\/www.bu.ufmg.br\/bcentral\/portal-capes\/\" class=\"btn-readmore\" role=\"link\">Acessar Portal Capes<\/a>\n<\/div>\n<\/div>\n<\/div><\/div>\n\n\n\n<div style=\"height:68px\" aria-hidden=\"true\" class=\"wp-block-spacer\"><\/div>\n\n\n\n<div id=\"wp-block-themeisle-blocks-advanced-columns-af41e87b\" class=\"wp-block-themeisle-blocks-advanced-columns alignfull has-2-columns has-desktop-equal-layout has-tablet-equal-layout has-mobile-collapsedRows-layout has-vertical-center ticss-a2946a77\"><div class=\"wp-block-themeisle-blocks-advanced-columns-overlay\"><\/div><div class=\"innerblocks-wrap\">\n<section id=\"wp-block-themeisle-blocks-advanced-column-d52e53c7\" class=\"wp-block-themeisle-blocks-advanced-column\">\n<div class=\"wp-block-cover aligncenter is-light\"><span aria-hidden=\"true\" class=\"wp-block-cover__background has-background-dim\"><\/span><img loading=\"lazy\" decoding=\"async\" width=\"1024\" height=\"576\" class=\"wp-block-cover__image-background wp-image-1952\" alt=\"\" src=\"https:\/\/www.bu.ufmg.br\/bcentral\/wp-content\/uploads\/2022\/11\/RI-UFMG-1024x576-1.jpeg\" data-object-fit=\"cover\" srcset=\"https:\/\/www.bu.ufmg.br\/bcentral\/wp-content\/uploads\/2022\/11\/RI-UFMG-1024x576-1.jpeg 1024w, https:\/\/www.bu.ufmg.br\/bcentral\/wp-content\/uploads\/2022\/11\/RI-UFMG-1024x576-1-300x169.jpeg 300w, https:\/\/www.bu.ufmg.br\/bcentral\/wp-content\/uploads\/2022\/11\/RI-UFMG-1024x576-1-768x432.jpeg 768w, https:\/\/www.bu.ufmg.br\/bcentral\/wp-content\/uploads\/2022\/11\/RI-UFMG-1024x576-1-107x60.jpeg 107w\" sizes=\"auto, (max-width: 1024px) 100vw, 1024px\" \/><div class=\"wp-block-cover__inner-container is-layout-flow wp-block-cover-is-layout-flow\">\n<p class=\"has-text-align-center has-small-font-size\"><\/p>\n<\/div><\/div>\n<\/section>\n\n\n\n<div id=\"wp-block-themeisle-blocks-advanced-column-a6a9eacf\" class=\"wp-block-themeisle-blocks-advanced-column ticss-2c306f0c\">\n<h3 id=\"wp-block-themeisle-blocks-advanced-heading-47c58d23\" class=\"wp-block-themeisle-blocks-advanced-heading wp-block-themeisle-blocks-advanced-heading-47c58d23\">Reposit\u00f3rio Institucional<\/h3>\n\n\n\n<p class=\"has-text-align-center has-black-color has-text-color\">O Reposit\u00f3rio tem como objetivo centralizar, numa \u00fanica plataforma, toda a produ\u00e7\u00e3o intelectual da UFMG. Isso inclui publica\u00e7\u00f5es cient\u00edficas, obras culturais, recursos educacionais, teses, disserta\u00e7\u00f5es e documentos administrativos. Atrav\u00e9s desta plataforma, ser\u00e1 poss\u00edvel acessar na \u00edntegra as publica\u00e7\u00f5es cient\u00edficas disponibilizadas em acesso aberto.<\/p>\n\n\n\n<div class=\"wp-block-group ticss-535bcfae is-content-justification-center is-nowrap is-layout-flex wp-container-core-group-is-layout-94bc23d7 wp-block-group-is-layout-flex\">\n<a href=\"https:\/\/www.bu.ufmg.br\/bcentral\/repositorio-institucional\/\" class=\"btn-readmore\" role=\"link\">Acessar Reposit\u00f3rio<\/a>\n<\/div>\n<\/div>\n<\/div><\/div>\n\n\n\n<p><\/p>\n\n\n\n<div style=\"height:68px\" aria-hidden=\"true\" class=\"wp-block-spacer\"><\/div>\n\n\n\n<div id=\"wp-block-themeisle-blocks-advanced-columns-d96f2986\" class=\"wp-block-themeisle-blocks-advanced-columns alignfull has-2-columns has-desktop-equal-layout has-tablet-equal-layout has-mobile-collapsedRows-layout has-vertical-center ticss-a2946a77\"><div class=\"wp-block-themeisle-blocks-advanced-columns-overlay\"><\/div><div class=\"innerblocks-wrap\">\n<section id=\"wp-block-themeisle-blocks-advanced-column-b8cb2517\" class=\"wp-block-themeisle-blocks-advanced-column\">\n<div class=\"wp-block-cover aligncenter is-light\"><span aria-hidden=\"true\" class=\"wp-block-cover__background has-background-dim\"><\/span><img loading=\"lazy\" decoding=\"async\" width=\"2560\" height=\"1709\" class=\"wp-block-cover__image-background wp-image-1458\" alt=\"\" src=\"https:\/\/www.bu.ufmg.br\/bcentral\/wp-content\/uploads\/2022\/11\/christina-wocintechchat-com-sjO_VsSkN9s-unsplash-scaled.jpg\" data-object-fit=\"cover\" srcset=\"https:\/\/www.bu.ufmg.br\/bcentral\/wp-content\/uploads\/2022\/11\/christina-wocintechchat-com-sjO_VsSkN9s-unsplash-scaled.jpg 2560w, https:\/\/www.bu.ufmg.br\/bcentral\/wp-content\/uploads\/2022\/11\/christina-wocintechchat-com-sjO_VsSkN9s-unsplash-300x200.jpg 300w, https:\/\/www.bu.ufmg.br\/bcentral\/wp-content\/uploads\/2022\/11\/christina-wocintechchat-com-sjO_VsSkN9s-unsplash-1024x684.jpg 1024w, https:\/\/www.bu.ufmg.br\/bcentral\/wp-content\/uploads\/2022\/11\/christina-wocintechchat-com-sjO_VsSkN9s-unsplash-768x513.jpg 768w, https:\/\/www.bu.ufmg.br\/bcentral\/wp-content\/uploads\/2022\/11\/christina-wocintechchat-com-sjO_VsSkN9s-unsplash-1536x1025.jpg 1536w, https:\/\/www.bu.ufmg.br\/bcentral\/wp-content\/uploads\/2022\/11\/christina-wocintechchat-com-sjO_VsSkN9s-unsplash-2048x1367.jpg 2048w, https:\/\/www.bu.ufmg.br\/bcentral\/wp-content\/uploads\/2022\/11\/christina-wocintechchat-com-sjO_VsSkN9s-unsplash-90x60.jpg 90w, https:\/\/www.bu.ufmg.br\/bcentral\/wp-content\/uploads\/2022\/11\/christina-wocintechchat-com-sjO_VsSkN9s-unsplash-370x247.jpg 370w, https:\/\/www.bu.ufmg.br\/bcentral\/wp-content\/uploads\/2022\/11\/christina-wocintechchat-com-sjO_VsSkN9s-unsplash-776x517.jpg 776w\" sizes=\"auto, (max-width: 2560px) 100vw, 2560px\" \/><div class=\"wp-block-cover__inner-container is-layout-flow wp-block-cover-is-layout-flow\">\n<p class=\"has-text-align-center has-small-font-size\"><\/p>\n<\/div><\/div>\n<\/section>\n\n\n\n<div id=\"wp-block-themeisle-blocks-advanced-column-0c88b50f\" class=\"wp-block-themeisle-blocks-advanced-column ticss-2c306f0c\">\n<h3 id=\"wp-block-themeisle-blocks-advanced-heading-c2d838af\" class=\"wp-block-themeisle-blocks-advanced-heading wp-block-themeisle-blocks-advanced-heading-c2d838af\">Guia do Usu\u00e1rio<\/h3>\n\n\n\n<p class=\"has-text-align-center has-black-color has-text-color\">O Guia do Usu\u00e1rio do Sistema de Bibliotecas apresenta orienta\u00e7\u00e3o completa sobre os produtos e servi\u00e7os oferecidos pelas bibliotecas da UFMG.<\/p>\n\n\n\n<div class=\"wp-block-group ticss-535bcfae is-content-justification-center is-nowrap is-layout-flex wp-container-core-group-is-layout-94bc23d7 wp-block-group-is-layout-flex\">\n<a href=\"https:\/\/www.bu.ufmg.br\/bcentral\/guia-do-usuario\/\" class=\"btn-readmore\" role=\"link\">Acessar Guia do Usu\u00e1rio<\/a>\n<\/div>\n<\/div>\n<\/div><\/div>\n\n\n\n<div style=\"height:68px\" aria-hidden=\"true\" class=\"wp-block-spacer\"><\/div>\n\n\n\n<div id=\"wp-block-themeisle-blocks-advanced-columns-435d9725\" class=\"wp-block-themeisle-blocks-advanced-columns alignfull has-2-columns has-desktop-equal-layout has-tablet-equal-layout has-mobile-collapsedRows-layout has-vertical-center ticss-a2946a77\"><div class=\"wp-block-themeisle-blocks-advanced-columns-overlay\"><\/div><div class=\"innerblocks-wrap\">\n<section id=\"wp-block-themeisle-blocks-advanced-column-2955b872\" class=\"wp-block-themeisle-blocks-advanced-column\">\n<div class=\"wp-block-cover aligncenter is-light\" style=\"min-height:303px;aspect-ratio:unset;\"><span aria-hidden=\"true\" class=\"wp-block-cover__background has-background-dim\"><\/span><img loading=\"lazy\" decoding=\"async\" width=\"2560\" height=\"1707\" class=\"wp-block-cover__image-background wp-image-612\" alt=\"\" src=\"https:\/\/www.bu.ufmg.br\/bcentral\/wp-content\/uploads\/2022\/10\/volodymyr-hryshchenko-V5vqWC9gyEU-unsplash-1-scaled.jpg\" data-object-fit=\"cover\" srcset=\"https:\/\/www.bu.ufmg.br\/bcentral\/wp-content\/uploads\/2022\/10\/volodymyr-hryshchenko-V5vqWC9gyEU-unsplash-1-scaled.jpg 2560w, https:\/\/www.bu.ufmg.br\/bcentral\/wp-content\/uploads\/2022\/10\/volodymyr-hryshchenko-V5vqWC9gyEU-unsplash-1-300x200.jpg 300w, https:\/\/www.bu.ufmg.br\/bcentral\/wp-content\/uploads\/2022\/10\/volodymyr-hryshchenko-V5vqWC9gyEU-unsplash-1-1024x683.jpg 1024w, https:\/\/www.bu.ufmg.br\/bcentral\/wp-content\/uploads\/2022\/10\/volodymyr-hryshchenko-V5vqWC9gyEU-unsplash-1-768x512.jpg 768w, https:\/\/www.bu.ufmg.br\/bcentral\/wp-content\/uploads\/2022\/10\/volodymyr-hryshchenko-V5vqWC9gyEU-unsplash-1-1536x1024.jpg 1536w, https:\/\/www.bu.ufmg.br\/bcentral\/wp-content\/uploads\/2022\/10\/volodymyr-hryshchenko-V5vqWC9gyEU-unsplash-1-2048x1365.jpg 2048w, https:\/\/www.bu.ufmg.br\/bcentral\/wp-content\/uploads\/2022\/10\/volodymyr-hryshchenko-V5vqWC9gyEU-unsplash-1-90x60.jpg 90w, https:\/\/www.bu.ufmg.br\/bcentral\/wp-content\/uploads\/2022\/10\/volodymyr-hryshchenko-V5vqWC9gyEU-unsplash-1-370x247.jpg 370w, https:\/\/www.bu.ufmg.br\/bcentral\/wp-content\/uploads\/2022\/10\/volodymyr-hryshchenko-V5vqWC9gyEU-unsplash-1-776x517.jpg 776w\" sizes=\"auto, (max-width: 2560px) 100vw, 2560px\" \/><div class=\"wp-block-cover__inner-container is-layout-flow wp-block-cover-is-layout-flow\">\n<p class=\"has-text-align-center has-small-font-size\"><\/p>\n<\/div><\/div>\n<\/section>\n\n\n\n<div id=\"wp-block-themeisle-blocks-advanced-column-e9eeb05e\" class=\"wp-block-themeisle-blocks-advanced-column ticss-2c306f0c\">\n<h3 id=\"wp-block-themeisle-blocks-advanced-heading-72721ab9\" class=\"wp-block-themeisle-blocks-advanced-heading wp-block-themeisle-blocks-advanced-heading-72721ab9\">Novas Aquisi\u00e7\u00f5es<\/h3>\n\n\n\n<p class=\"has-text-align-center has-black-color has-text-color\">A se\u00e7\u00e3o Novas Aquisi\u00e7\u00f5es apresenta os novos t\u00edtulos do acervo t\u00e9cnico da BC.<\/p>\n\n\n\n<div class=\"wp-block-group ticss-535bcfae is-content-justification-center is-nowrap is-layout-flex wp-container-core-group-is-layout-94bc23d7 wp-block-group-is-layout-flex\">\n<a href=\"https:\/\/www.bu.ufmg.br\/bcentral\/boletim-novas-aquisicoes\/\" class=\"btn-readmore\" role=\"link\">Leia Mais<\/a>\n<\/div>\n<\/div>\n<\/div><\/div>\n","protected":false},"excerpt":{"rendered":"","protected":false},"author":1,"featured_media":1567,"parent":0,"menu_order":0,"comment_status":"closed","ping_status":"closed","template":"","meta":{"_themeisle_gutenberg_block_has_review":false,"footnotes":""},"class_list":["post-28","page","type-page","status-publish","has-post-thumbnail","hentry"],"_links":{"self":[{"href":"https:\/\/www.bu.ufmg.br\/bcentral\/wp-json\/wp\/v2\/pages\/28","targetHints":{"allow":["GET"]}}],"collection":[{"href":"https:\/\/www.bu.ufmg.br\/bcentral\/wp-json\/wp\/v2\/pages"}],"about":[{"href":"https:\/\/www.bu.ufmg.br\/bcentral\/wp-json\/wp\/v2\/types\/page"}],"author":[{"embeddable":true,"href":"https:\/\/www.bu.ufmg.br\/bcentral\/wp-json\/wp\/v2\/users\/1"}],"replies":[{"embeddable":true,"href":"https:\/\/www.bu.ufmg.br\/bcentral\/wp-json\/wp\/v2\/comments?post=28"}],"version-history":[{"count":51,"href":"https:\/\/www.bu.ufmg.br\/bcentral\/wp-json\/wp\/v2\/pages\/28\/revisions"}],"predecessor-version":[{"id":3165,"href":"https:\/\/www.bu.ufmg.br\/bcentral\/wp-json\/wp\/v2\/pages\/28\/revisions\/3165"}],"wp:featuredmedia":[{"embeddable":true,"href":"https:\/\/www.bu.ufmg.br\/bcentral\/wp-json\/wp\/v2\/media\/1567"}],"wp:attachment":[{"href":"https:\/\/www.bu.ufmg.br\/bcentral\/wp-json\/wp\/v2\/media?parent=28"}],"curies":[{"name":"wp","href":"https:\/\/api.w.org\/{rel}","templated":true}]}}