{"id":26,"date":"2022-10-10T20:59:43","date_gmt":"2022-10-10T23:59:43","guid":{"rendered":"https:\/\/www.bu.ufmg.br\/bcentral\/?page_id=26"},"modified":"2024-09-23T11:49:47","modified_gmt":"2024-09-23T14:49:47","slug":"institucional","status":"publish","type":"page","link":"https:\/\/www.bu.ufmg.br\/bcentral\/institucional\/","title":{"rendered":"Institucional"},"content":{"rendered":"\n<div id=\"wp-block-themeisle-blocks-advanced-columns-8901ef49\" class=\"wp-block-themeisle-blocks-advanced-columns alignfull has-2-columns has-desktop-equal-layout has-tablet-equal-layout has-mobile-collapsedRows-layout has-vertical-center ticss-a2946a77\"><div class=\"wp-block-themeisle-blocks-advanced-columns-overlay\"><\/div><div class=\"innerblocks-wrap\">\n<section id=\"wp-block-themeisle-blocks-advanced-column-dfc2671a\" class=\"wp-block-themeisle-blocks-advanced-column\">\n<div class=\"wp-block-cover aligncenter\"><span aria-hidden=\"true\" class=\"wp-block-cover__background has-background-dim\"><\/span><img loading=\"lazy\" decoding=\"async\" width=\"768\" height=\"1024\" class=\"wp-block-cover__image-background wp-image-331\" alt=\"\" src=\"https:\/\/www.bu.ufmg.br\/bcentral\/wp-content\/uploads\/2022\/10\/20210303_174531-768x1024.jpg\" data-object-fit=\"cover\" srcset=\"https:\/\/www.bu.ufmg.br\/bcentral\/wp-content\/uploads\/2022\/10\/20210303_174531-768x1024.jpg 768w, https:\/\/www.bu.ufmg.br\/bcentral\/wp-content\/uploads\/2022\/10\/20210303_174531-225x300.jpg 225w, https:\/\/www.bu.ufmg.br\/bcentral\/wp-content\/uploads\/2022\/10\/20210303_174531-1152x1536.jpg 1152w, https:\/\/www.bu.ufmg.br\/bcentral\/wp-content\/uploads\/2022\/10\/20210303_174531-1536x2048.jpg 1536w, https:\/\/www.bu.ufmg.br\/bcentral\/wp-content\/uploads\/2022\/10\/20210303_174531-45x60.jpg 45w, https:\/\/www.bu.ufmg.br\/bcentral\/wp-content\/uploads\/2022\/10\/20210303_174531-scaled.jpg 1920w\" sizes=\"auto, (max-width: 768px) 100vw, 768px\" \/><div class=\"wp-block-cover__inner-container is-layout-flow wp-block-cover-is-layout-flow\">\n<p class=\"has-text-align-center has-small-font-size\"><\/p>\n<\/div><\/div>\n<\/section>\n\n\n\n<div id=\"wp-block-themeisle-blocks-advanced-column-c79d1bc8\" class=\"wp-block-themeisle-blocks-advanced-column ticss-2c306f0c\">\n<h3 id=\"wp-block-themeisle-blocks-advanced-heading-9d7d84b0\" class=\"wp-block-themeisle-blocks-advanced-heading wp-block-themeisle-blocks-advanced-heading-9d7d84b0\">Sobre a Biblioteca Central<\/h3>\n\n\n\n<p class=\"has-text-align-center has-black-color has-text-color\">Nessa se\u00e7\u00e3o, apresentamos a nossa Unidade de Informa\u00e7\u00e3o, a Biblioteca Central da Universidade Federal de Minas Gerais (BC\/UFMG).<\/p>\n\n\n\n<div class=\"wp-block-group ticss-535bcfae is-content-justification-center is-nowrap is-layout-flex wp-container-core-group-is-layout-94bc23d7 wp-block-group-is-layout-flex\">\n<a href=\"https:\/\/www.bu.ufmg.br\/bcentral\/sobre-a-bc\/\" class=\"btn-readmore\" role=\"link\">Conhecer Biblioteca<\/a>\n<\/div>\n<\/div>\n<\/div><\/div>\n\n\n\n<div style=\"height:68px\" aria-hidden=\"true\" class=\"wp-block-spacer\"><\/div>\n\n\n\n<div id=\"wp-block-themeisle-blocks-advanced-columns-3073528d\" class=\"wp-block-themeisle-blocks-advanced-columns alignfull has-2-columns has-desktop-equal-layout has-tablet-equal-layout has-mobile-collapsedRows-layout has-vertical-center ticss-a2946a77\"><div class=\"wp-block-themeisle-blocks-advanced-columns-overlay\"><\/div><div class=\"innerblocks-wrap\">\n<section id=\"wp-block-themeisle-blocks-advanced-column-7dba6838\" class=\"wp-block-themeisle-blocks-advanced-column\">\n<div class=\"wp-block-cover aligncenter is-light\"><span aria-hidden=\"true\" class=\"wp-block-cover__background has-background-dim\"><\/span><img loading=\"lazy\" decoding=\"async\" width=\"1024\" height=\"1024\" class=\"wp-block-cover__image-background wp-image-474\" alt=\"\" src=\"https:\/\/www.bu.ufmg.br\/bcentral\/wp-content\/uploads\/2022\/10\/20221004_073510-1024x1024.jpg\" data-object-fit=\"cover\" srcset=\"https:\/\/www.bu.ufmg.br\/bcentral\/wp-content\/uploads\/2022\/10\/20221004_073510-1024x1024.jpg 1024w, https:\/\/www.bu.ufmg.br\/bcentral\/wp-content\/uploads\/2022\/10\/20221004_073510-300x300.jpg 300w, https:\/\/www.bu.ufmg.br\/bcentral\/wp-content\/uploads\/2022\/10\/20221004_073510-150x150.jpg 150w, https:\/\/www.bu.ufmg.br\/bcentral\/wp-content\/uploads\/2022\/10\/20221004_073510-768x768.jpg 768w, https:\/\/www.bu.ufmg.br\/bcentral\/wp-content\/uploads\/2022\/10\/20221004_073510-1536x1536.jpg 1536w, https:\/\/www.bu.ufmg.br\/bcentral\/wp-content\/uploads\/2022\/10\/20221004_073510-2048x2048.jpg 2048w, https:\/\/www.bu.ufmg.br\/bcentral\/wp-content\/uploads\/2022\/10\/20221004_073510-60x60.jpg 60w\" sizes=\"auto, (max-width: 1024px) 100vw, 1024px\" \/><div class=\"wp-block-cover__inner-container is-layout-flow wp-block-cover-is-layout-flow\">\n<p class=\"has-text-align-center has-small-font-size\"><\/p>\n<\/div><\/div>\n<\/section>\n\n\n\n<div id=\"wp-block-themeisle-blocks-advanced-column-d0b4550e\" class=\"wp-block-themeisle-blocks-advanced-column ticss-2c306f0c\">\n<h3 id=\"wp-block-themeisle-blocks-advanced-heading-6ced00f7\" class=\"wp-block-themeisle-blocks-advanced-heading wp-block-themeisle-blocks-advanced-heading-6ced00f7\">Rela\u00e7\u00e3o entre BC e BU<\/h3>\n\n\n\n<p class=\"has-text-align-center has-black-color has-text-color\">Algumas pessoas tem d\u00favidas sobre o que \u00e9 a Biblioteca Universit\u00e1ria e o que \u00e9 a Biblioteca Central. Vem saber mais!<\/p>\n\n\n\n<div class=\"wp-block-group ticss-535bcfae is-content-justification-center is-nowrap is-layout-flex wp-container-core-group-is-layout-94bc23d7 wp-block-group-is-layout-flex\">\n<a href=\"https:\/\/www.bu.ufmg.br\/bcentral\/diferenca-entre-bc-e-bu\/\" class=\"btn-readmore\" role=\"link\">Ler Conte\u00fado<\/a>\n<\/div>\n<\/div>\n<\/div><\/div>\n\n\n\n<div style=\"height:68px\" aria-hidden=\"true\" class=\"wp-block-spacer\"><\/div>\n\n\n\n<div id=\"wp-block-themeisle-blocks-advanced-columns-af41e87b\" class=\"wp-block-themeisle-blocks-advanced-columns alignfull has-2-columns has-desktop-equal-layout has-tablet-equal-layout has-mobile-collapsedRows-layout has-vertical-center ticss-a2946a77\"><div class=\"wp-block-themeisle-blocks-advanced-columns-overlay\"><\/div><div class=\"innerblocks-wrap\">\n<section id=\"wp-block-themeisle-blocks-advanced-column-d52e53c7\" class=\"wp-block-themeisle-blocks-advanced-column\">\n<div class=\"wp-block-cover aligncenter is-light\"><span aria-hidden=\"true\" class=\"wp-block-cover__background has-background-dim\"><\/span><img loading=\"lazy\" decoding=\"async\" width=\"2560\" height=\"1768\" class=\"wp-block-cover__image-background wp-image-1368\" alt=\"\" src=\"https:\/\/www.bu.ufmg.br\/bcentral\/wp-content\/uploads\/2022\/11\/ricardo-arce-cY_TCKr5bek-unsplash-scaled.jpg\" data-object-fit=\"cover\" srcset=\"https:\/\/www.bu.ufmg.br\/bcentral\/wp-content\/uploads\/2022\/11\/ricardo-arce-cY_TCKr5bek-unsplash-scaled.jpg 2560w, https:\/\/www.bu.ufmg.br\/bcentral\/wp-content\/uploads\/2022\/11\/ricardo-arce-cY_TCKr5bek-unsplash-300x207.jpg 300w, https:\/\/www.bu.ufmg.br\/bcentral\/wp-content\/uploads\/2022\/11\/ricardo-arce-cY_TCKr5bek-unsplash-1024x707.jpg 1024w, https:\/\/www.bu.ufmg.br\/bcentral\/wp-content\/uploads\/2022\/11\/ricardo-arce-cY_TCKr5bek-unsplash-768x530.jpg 768w, https:\/\/www.bu.ufmg.br\/bcentral\/wp-content\/uploads\/2022\/11\/ricardo-arce-cY_TCKr5bek-unsplash-1536x1061.jpg 1536w, https:\/\/www.bu.ufmg.br\/bcentral\/wp-content\/uploads\/2022\/11\/ricardo-arce-cY_TCKr5bek-unsplash-2048x1414.jpg 2048w, https:\/\/www.bu.ufmg.br\/bcentral\/wp-content\/uploads\/2022\/11\/ricardo-arce-cY_TCKr5bek-unsplash-87x60.jpg 87w\" sizes=\"auto, (max-width: 2560px) 100vw, 2560px\" \/><div class=\"wp-block-cover__inner-container is-layout-flow wp-block-cover-is-layout-flow\">\n<p class=\"has-text-align-center has-small-font-size\"><\/p>\n<\/div><\/div>\n<\/section>\n\n\n\n<div id=\"wp-block-themeisle-blocks-advanced-column-a6a9eacf\" class=\"wp-block-themeisle-blocks-advanced-column ticss-2c306f0c\">\n<h3 id=\"wp-block-themeisle-blocks-advanced-heading-47c58d23\" class=\"wp-block-themeisle-blocks-advanced-heading wp-block-themeisle-blocks-advanced-heading-47c58d23\">Miss\u00e3o, Vis\u00e3o, Valores e Objetivos<\/h3>\n\n\n\n<p class=\"has-text-align-center has-black-color has-text-color\">Toda institui\u00e7\u00e3o precisa de princ\u00edpios e diretrizes claras para realizar o seu trabalho da melhor forma poss\u00edvel, vem conhecer aquilo que nos leva adiante!<\/p>\n\n\n\n<div class=\"wp-block-group ticss-535bcfae is-content-justification-center is-nowrap is-layout-flex wp-container-core-group-is-layout-94bc23d7 wp-block-group-is-layout-flex\">\n<a href=\"https:\/\/www.bu.ufmg.br\/bcentral\/missao-visao-valores-e-objetivos-2\/\" class=\"btn-readmore\" role=\"link\">Conhecer Institui\u00e7\u00e3o<\/a>\n<\/div>\n<\/div>\n<\/div><\/div>\n\n\n\n<div style=\"height:68px\" aria-hidden=\"true\" class=\"wp-block-spacer\"><\/div>\n\n\n\n<div id=\"wp-block-themeisle-blocks-advanced-columns-d96f2986\" class=\"wp-block-themeisle-blocks-advanced-columns alignfull has-2-columns has-desktop-equal-layout has-tablet-equal-layout has-mobile-collapsedRows-layout has-vertical-center ticss-a2946a77\"><div class=\"wp-block-themeisle-blocks-advanced-columns-overlay\"><\/div><div class=\"innerblocks-wrap\">\n<section id=\"wp-block-themeisle-blocks-advanced-column-b8cb2517\" class=\"wp-block-themeisle-blocks-advanced-column\">\n<div class=\"wp-block-cover aligncenter is-light\"><span aria-hidden=\"true\" class=\"wp-block-cover__background has-background-dim\"><\/span><img loading=\"lazy\" decoding=\"async\" width=\"1024\" height=\"683\" class=\"wp-block-cover__image-background wp-image-1117\" alt=\"\" src=\"https:\/\/www.bu.ufmg.br\/bcentral\/wp-content\/uploads\/2022\/10\/jamie-taylor-9C3TMXwQjQ-unsplash-1024x683.jpg\" data-object-fit=\"cover\" srcset=\"https:\/\/www.bu.ufmg.br\/bcentral\/wp-content\/uploads\/2022\/10\/jamie-taylor-9C3TMXwQjQ-unsplash-1024x683.jpg 1024w, https:\/\/www.bu.ufmg.br\/bcentral\/wp-content\/uploads\/2022\/10\/jamie-taylor-9C3TMXwQjQ-unsplash-300x200.jpg 300w, https:\/\/www.bu.ufmg.br\/bcentral\/wp-content\/uploads\/2022\/10\/jamie-taylor-9C3TMXwQjQ-unsplash-768x512.jpg 768w, https:\/\/www.bu.ufmg.br\/bcentral\/wp-content\/uploads\/2022\/10\/jamie-taylor-9C3TMXwQjQ-unsplash-1536x1024.jpg 1536w, https:\/\/www.bu.ufmg.br\/bcentral\/wp-content\/uploads\/2022\/10\/jamie-taylor-9C3TMXwQjQ-unsplash-2048x1366.jpg 2048w, https:\/\/www.bu.ufmg.br\/bcentral\/wp-content\/uploads\/2022\/10\/jamie-taylor-9C3TMXwQjQ-unsplash-90x60.jpg 90w, https:\/\/www.bu.ufmg.br\/bcentral\/wp-content\/uploads\/2022\/10\/jamie-taylor-9C3TMXwQjQ-unsplash-370x247.jpg 370w, https:\/\/www.bu.ufmg.br\/bcentral\/wp-content\/uploads\/2022\/10\/jamie-taylor-9C3TMXwQjQ-unsplash-776x517.jpg 776w\" sizes=\"auto, (max-width: 1024px) 100vw, 1024px\" \/><div class=\"wp-block-cover__inner-container is-layout-flow wp-block-cover-is-layout-flow\">\n<p class=\"has-text-align-center has-small-font-size\"><\/p>\n<\/div><\/div>\n<\/section>\n\n\n\n<div id=\"wp-block-themeisle-blocks-advanced-column-0c88b50f\" class=\"wp-block-themeisle-blocks-advanced-column ticss-2c306f0c\">\n<h3 id=\"wp-block-themeisle-blocks-advanced-heading-c2d838af\" class=\"wp-block-themeisle-blocks-advanced-heading wp-block-themeisle-blocks-advanced-heading-c2d838af\">Organograma da Biblioteca Central<\/h3>\n\n\n\n<p class=\"has-text-align-center has-black-color has-text-color\">Nessa se\u00e7\u00e3o voc\u00ea encontra o organograma da Biblioteca Central da Universidade Federal de Minas Gerais, mostrando os setores e as suas rela\u00e7\u00f5es.<\/p>\n\n\n\n<div class=\"wp-block-group ticss-535bcfae is-content-justification-center is-nowrap is-layout-flex wp-container-core-group-is-layout-94bc23d7 wp-block-group-is-layout-flex\">\n<a href=\"https:\/\/www.bu.ufmg.br\/bcentral\/organograma-da-biblioteca-central\/\" class=\"btn-readmore\" role=\"link\">Acessar Organograma<\/a>\n<\/div>\n<\/div>\n<\/div><\/div>\n\n\n\n<div style=\"height:68px\" aria-hidden=\"true\" class=\"wp-block-spacer\"><\/div>\n\n\n\n<div id=\"wp-block-themeisle-blocks-advanced-columns-435d9725\" class=\"wp-block-themeisle-blocks-advanced-columns alignfull has-2-columns has-desktop-equal-layout has-tablet-equal-layout has-mobile-collapsedRows-layout has-vertical-center ticss-a2946a77\"><div class=\"wp-block-themeisle-blocks-advanced-columns-overlay\"><\/div><div class=\"innerblocks-wrap\">\n<section id=\"wp-block-themeisle-blocks-advanced-column-2955b872\" class=\"wp-block-themeisle-blocks-advanced-column\">\n<div class=\"wp-block-cover aligncenter\"><span aria-hidden=\"true\" class=\"wp-block-cover__background has-background-dim\"><\/span><img loading=\"lazy\" decoding=\"async\" width=\"1024\" height=\"683\" class=\"wp-block-cover__image-background wp-image-528\" alt=\"\" src=\"https:\/\/www.bu.ufmg.br\/bcentral\/wp-content\/uploads\/2022\/10\/julian-hochgesang-psGV5KhidlY-unsplash-1024x683.jpg\" data-object-fit=\"cover\" srcset=\"https:\/\/www.bu.ufmg.br\/bcentral\/wp-content\/uploads\/2022\/10\/julian-hochgesang-psGV5KhidlY-unsplash-1024x683.jpg 1024w, https:\/\/www.bu.ufmg.br\/bcentral\/wp-content\/uploads\/2022\/10\/julian-hochgesang-psGV5KhidlY-unsplash-300x200.jpg 300w, https:\/\/www.bu.ufmg.br\/bcentral\/wp-content\/uploads\/2022\/10\/julian-hochgesang-psGV5KhidlY-unsplash-768x512.jpg 768w, https:\/\/www.bu.ufmg.br\/bcentral\/wp-content\/uploads\/2022\/10\/julian-hochgesang-psGV5KhidlY-unsplash-1536x1024.jpg 1536w, https:\/\/www.bu.ufmg.br\/bcentral\/wp-content\/uploads\/2022\/10\/julian-hochgesang-psGV5KhidlY-unsplash-2048x1365.jpg 2048w, https:\/\/www.bu.ufmg.br\/bcentral\/wp-content\/uploads\/2022\/10\/julian-hochgesang-psGV5KhidlY-unsplash-90x60.jpg 90w, https:\/\/www.bu.ufmg.br\/bcentral\/wp-content\/uploads\/2022\/10\/julian-hochgesang-psGV5KhidlY-unsplash-370x247.jpg 370w, https:\/\/www.bu.ufmg.br\/bcentral\/wp-content\/uploads\/2022\/10\/julian-hochgesang-psGV5KhidlY-unsplash-776x517.jpg 776w\" sizes=\"auto, (max-width: 1024px) 100vw, 1024px\" \/><div class=\"wp-block-cover__inner-container is-layout-flow wp-block-cover-is-layout-flow\">\n<p class=\"has-text-align-center has-small-font-size\"><\/p>\n<\/div><\/div>\n<\/section>\n\n\n\n<div id=\"wp-block-themeisle-blocks-advanced-column-e9eeb05e\" class=\"wp-block-themeisle-blocks-advanced-column ticss-2c306f0c\">\n<h3 id=\"wp-block-themeisle-blocks-advanced-heading-72721ab9\" class=\"wp-block-themeisle-blocks-advanced-heading wp-block-themeisle-blocks-advanced-heading-72721ab9\">Equipe e Contatos<\/h3>\n\n\n\n<p class=\"has-text-align-center has-black-color has-text-color\">Precisando de alguma ajuda? Explore os nossos setores e obtenha os contatos de todos os respons\u00e1veis pelas atividades da Biblioteca.<\/p>\n\n\n\n<div class=\"wp-block-group ticss-535bcfae is-content-justification-center is-nowrap is-layout-flex wp-container-core-group-is-layout-94bc23d7 wp-block-group-is-layout-flex\">\n<a href=\"https:\/\/www.bu.ufmg.br\/bcentral\/equipe-e-contatos\/\" class=\"btn-readmore\" role=\"link\">Falar com a Equipe<\/a>\n<\/div>\n<\/div>\n<\/div><\/div>\n","protected":false},"excerpt":{"rendered":"","protected":false},"author":1,"featured_media":943,"parent":0,"menu_order":0,"comment_status":"closed","ping_status":"closed","template":"","meta":{"_themeisle_gutenberg_block_has_review":false,"footnotes":""},"class_list":["post-26","page","type-page","status-publish","has-post-thumbnail","hentry"],"_links":{"self":[{"href":"https:\/\/www.bu.ufmg.br\/bcentral\/wp-json\/wp\/v2\/pages\/26","targetHints":{"allow":["GET"]}}],"collection":[{"href":"https:\/\/www.bu.ufmg.br\/bcentral\/wp-json\/wp\/v2\/pages"}],"about":[{"href":"https:\/\/www.bu.ufmg.br\/bcentral\/wp-json\/wp\/v2\/types\/page"}],"author":[{"embeddable":true,"href":"https:\/\/www.bu.ufmg.br\/bcentral\/wp-json\/wp\/v2\/users\/1"}],"replies":[{"embeddable":true,"href":"https:\/\/www.bu.ufmg.br\/bcentral\/wp-json\/wp\/v2\/comments?post=26"}],"version-history":[{"count":112,"href":"https:\/\/www.bu.ufmg.br\/bcentral\/wp-json\/wp\/v2\/pages\/26\/revisions"}],"predecessor-version":[{"id":3120,"href":"https:\/\/www.bu.ufmg.br\/bcentral\/wp-json\/wp\/v2\/pages\/26\/revisions\/3120"}],"wp:featuredmedia":[{"embeddable":true,"href":"https:\/\/www.bu.ufmg.br\/bcentral\/wp-json\/wp\/v2\/media\/943"}],"wp:attachment":[{"href":"https:\/\/www.bu.ufmg.br\/bcentral\/wp-json\/wp\/v2\/media?parent=26"}],"curies":[{"name":"wp","href":"https:\/\/api.w.org\/{rel}","templated":true}]}}