{"id":2354,"date":"2022-11-26T13:57:22","date_gmt":"2022-11-26T16:57:22","guid":{"rendered":"https:\/\/www.bu.ufmg.br\/bcentral\/?page_id=2354"},"modified":"2024-09-24T15:48:31","modified_gmt":"2024-09-24T18:48:31","slug":"minha-biblioteca","status":"publish","type":"page","link":"https:\/\/www.bu.ufmg.br\/bcentral\/minha-biblioteca\/","title":{"rendered":"Plataforma Multidisciplinar Minha Biblioteca e Ebooks de acesso perp\u00e9tuo Cengage"},"content":{"rendered":"\n<p>A UFMG agora conta com acesso \u00e0 Plataforma Multidisciplinar Minha Biblioteca, oferecendo uma vasta cole\u00e7\u00e3o de t\u00edtulos que abrangem todas as \u00e1reas do conhecimento. Adicionalmente, foram adquiridos 222 t\u00edtulos de acesso perp\u00e9tuo da Editora Cengage Learning, proporcionando recursos permanentes para a comunidade acad\u00eamica.<\/p>\n\n\n\n<h2 class=\"wp-block-heading\">Para acessar as bases de dados multidisciplinares, acompanhe as instru\u00e7\u00f5es:<\/h2>\n\n\n\n<ul class=\"wp-block-list\">\n<li>Fa\u00e7a login no cat\u00e1logo on-line:\u00a0<a href=\"https:\/\/catalogobiblioteca.ufmg.br\/\" target=\"_blank\" rel=\"noreferrer noopener\">https:\/\/catalogobiblioteca.ufmg.br\/<\/a><\/li>\n<\/ul>\n\n\n\n<ul class=\"wp-block-list\">\n<li>Clique na seta ao lado do nome do usu\u00e1rio no menu superior direito.<\/li>\n<\/ul>\n\n\n\n<ul class=\"wp-block-list\">\n<li>Selecione &#8220;Acesso Usu\u00e1rio&#8221;.<\/li>\n<\/ul>\n\n\n\n<ul class=\"wp-block-list\">\n<li>No menu seguinte, escolha &#8220;Base de dados&#8221;.<\/li>\n<\/ul>\n\n\n\n<ul class=\"wp-block-list\">\n<li>Em seguida, selecione a base de dados que deseja consultar.<\/li>\n<\/ul>\n\n\n\n<p><\/p>\n","protected":false},"excerpt":{"rendered":"<p>A UFMG agora conta com acesso \u00e0 Plataforma Multidisciplinar Minha Biblioteca, oferecendo uma vasta cole\u00e7\u00e3o de t\u00edtulos que abrangem todas &hellip; <\/p>\n","protected":false},"author":1,"featured_media":2388,"parent":0,"menu_order":0,"comment_status":"closed","ping_status":"closed","template":"","meta":{"_themeisle_gutenberg_block_has_review":false,"footnotes":""},"class_list":["post-2354","page","type-page","status-publish","has-post-thumbnail","hentry"],"_links":{"self":[{"href":"https:\/\/www.bu.ufmg.br\/bcentral\/wp-json\/wp\/v2\/pages\/2354","targetHints":{"allow":["GET"]}}],"collection":[{"href":"https:\/\/www.bu.ufmg.br\/bcentral\/wp-json\/wp\/v2\/pages"}],"about":[{"href":"https:\/\/www.bu.ufmg.br\/bcentral\/wp-json\/wp\/v2\/types\/page"}],"author":[{"embeddable":true,"href":"https:\/\/www.bu.ufmg.br\/bcentral\/wp-json\/wp\/v2\/users\/1"}],"replies":[{"embeddable":true,"href":"https:\/\/www.bu.ufmg.br\/bcentral\/wp-json\/wp\/v2\/comments?post=2354"}],"version-history":[{"count":9,"href":"https:\/\/www.bu.ufmg.br\/bcentral\/wp-json\/wp\/v2\/pages\/2354\/revisions"}],"predecessor-version":[{"id":3169,"href":"https:\/\/www.bu.ufmg.br\/bcentral\/wp-json\/wp\/v2\/pages\/2354\/revisions\/3169"}],"wp:featuredmedia":[{"embeddable":true,"href":"https:\/\/www.bu.ufmg.br\/bcentral\/wp-json\/wp\/v2\/media\/2388"}],"wp:attachment":[{"href":"https:\/\/www.bu.ufmg.br\/bcentral\/wp-json\/wp\/v2\/media?parent=2354"}],"curies":[{"name":"wp","href":"https:\/\/api.w.org\/{rel}","templated":true}]}}