{"id":2353,"date":"2022-11-26T13:57:22","date_gmt":"2022-11-26T16:57:22","guid":{"rendered":"https:\/\/www.bu.ufmg.br\/bcentral\/?page_id=2353"},"modified":"2026-03-16T16:11:11","modified_gmt":"2026-03-16T19:11:11","slug":"plataforma-de-e-books","status":"publish","type":"page","link":"https:\/\/www.bu.ufmg.br\/bcentral\/plataforma-de-e-books\/","title":{"rendered":"EBOOKS"},"content":{"rendered":"\n<div id=\"wp-block-themeisle-blocks-advanced-columns-e22600c8\" class=\"wp-block-themeisle-blocks-advanced-columns alignfull has-2-columns has-desktop-equal-layout has-tablet-equal-layout has-mobile-collapsedRows-layout has-vertical-center ticss-a2946a77\"><div class=\"wp-block-themeisle-blocks-advanced-columns-overlay\"><\/div><div class=\"innerblocks-wrap\">\n<section id=\"wp-block-themeisle-blocks-advanced-column-bffbbd13\" class=\"wp-block-themeisle-blocks-advanced-column\">\n<figure class=\"wp-block-image size-full\"><img loading=\"lazy\" decoding=\"async\" width=\"203\" height=\"262\" src=\"https:\/\/www.bu.ufmg.br\/bcentral\/wp-content\/uploads\/2026\/03\/Proquest.jpg\" alt=\"\" class=\"wp-image-3546\" srcset=\"https:\/\/www.bu.ufmg.br\/bcentral\/wp-content\/uploads\/2026\/03\/Proquest.jpg 203w, https:\/\/www.bu.ufmg.br\/bcentral\/wp-content\/uploads\/2026\/03\/Proquest-46x60.jpg 46w\" sizes=\"auto, (max-width: 203px) 100vw, 203px\" \/><\/figure>\n<\/section>\n\n\n\n<div id=\"wp-block-themeisle-blocks-advanced-column-e3cd011b\" class=\"wp-block-themeisle-blocks-advanced-column ticss-2c306f0c\">\n<h3 id=\"wp-block-themeisle-blocks-advanced-heading-f737c811\" class=\"wp-block-themeisle-blocks-advanced-heading wp-block-themeisle-blocks-advanced-heading-f737c811\">ProQuest<\/h3>\n\n\n\n<p class=\"has-text-align-left has-black-color has-text-color\"><strong>Proquest &#8211; Base de dados de eBooks [recurso eletr\u00f4nico] \/ 2026<\/strong> <strong>&#8211;&nbsp;ProQuest<\/strong>&nbsp;<\/p>\n\n\n\n<p class=\"has-text-align-left has-black-color has-text-color\">Livros eletr\u00f4nicos de acesso exclusivo da comunidade acad\u00eamica da UFMG, apresentando solu\u00e7\u00f5es de conte\u00fados em todas as \u00e1reas do conhecimento.<\/p>\n\n\n\n<p class=\"has-text-align-center has-black-color has-text-color\"><\/p>\n\n\n\n<div class=\"wp-block-group ticss-535bcfae is-content-justification-center is-nowrap is-layout-flex wp-container-core-group-is-layout-94bc23d7 wp-block-group-is-layout-flex\">\n<a href=\"https:\/\/ebookcentral.proquest.com\/lib\/ufmgbr\/home.action\" class=\"btn-readmore\" role=\"link\">Acessar ProQuest<\/a>\n\n\n\n<div style=\"height:100px;width:0px\" aria-hidden=\"true\" class=\"wp-block-spacer wp-container-content-6388d5dc\"><\/div>\n<\/div>\n<\/div>\n<\/div><\/div>\n\n\n\n<div style=\"height:68px\" aria-hidden=\"true\" class=\"wp-block-spacer\"><\/div>\n\n\n\n<div id=\"wp-block-themeisle-blocks-advanced-columns-b573dbb2\" class=\"wp-block-themeisle-blocks-advanced-columns alignfull has-2-columns has-desktop-equal-layout has-tablet-equal-layout has-mobile-collapsedRows-layout has-vertical-center ticss-a2946a77\"><div class=\"wp-block-themeisle-blocks-advanced-columns-overlay\"><\/div><div class=\"innerblocks-wrap\">\n<section id=\"wp-block-themeisle-blocks-advanced-column-a5ff9d31\" class=\"wp-block-themeisle-blocks-advanced-column ticss-637950c9\">\n<figure class=\"wp-block-image size-full\"><img loading=\"lazy\" decoding=\"async\" width=\"227\" height=\"134\" src=\"https:\/\/www.bu.ufmg.br\/bcentral\/wp-content\/uploads\/2026\/03\/MINHA-BIBLIOTECA_2024-1.jpg\" alt=\"\" class=\"wp-image-3560\" srcset=\"https:\/\/www.bu.ufmg.br\/bcentral\/wp-content\/uploads\/2026\/03\/MINHA-BIBLIOTECA_2024-1.jpg 227w, https:\/\/www.bu.ufmg.br\/bcentral\/wp-content\/uploads\/2026\/03\/MINHA-BIBLIOTECA_2024-1-102x60.jpg 102w\" sizes=\"auto, (max-width: 227px) 100vw, 227px\" \/><\/figure>\n<\/section>\n\n\n\n<div id=\"wp-block-themeisle-blocks-advanced-column-d7bd5037\" class=\"wp-block-themeisle-blocks-advanced-column ticss-2c306f0c\">\n<h3 id=\"wp-block-themeisle-blocks-advanced-heading-95981793\" class=\"wp-block-themeisle-blocks-advanced-heading wp-block-themeisle-blocks-advanced-heading-95981793\">Minha Biblioteca<\/h3>\n\n\n\n<p class=\"has-text-align-left has-black-color has-text-color\"><strong>Base de dados de eBooks [recurso eletr\u00f4nico] \/ 2024<\/strong> <strong>&#8211; Minha Biblioteca<\/strong><\/p>\n\n\n\n<p class=\"has-text-align-left has-black-color has-text-color\">Livros eletr\u00f4nicos de acesso exclusivo da comunidade acad\u00eamica da UFMG, apresentando solu\u00e7\u00f5es de conte\u00fados em todas as \u00e1reas do conhecimento. A Minha Biblioteca \u00e9 uma plataforma digital formada pelas principais editoras do Brasil: Grupo A, Grupo Gen-Atlas, Manole, Saraiva, Cengage Learning, Zahar, Grupo Aut\u00eantica, Editora Cortez, entre outras. Tudo isso em uma plataforma pr\u00e1tica e inovadora que pode ser usada em computadores, tablets e smartphones.<\/p>\n\n\n\n<p><\/p>\n\n\n\n<div class=\"wp-block-group ticss-535bcfae is-content-justification-center is-nowrap is-layout-flex wp-container-core-group-is-layout-94bc23d7 wp-block-group-is-layout-flex\">\n<a href=\"https:\/\/app.minhabiblioteca.com.br\/home\/dashboard\" class=\"btn-readmore\" role=\"link\">Acessar Minha Biblioteca <\/a>\n<\/div>\n\n\n\n<div style=\"height:100px\" aria-hidden=\"true\" class=\"wp-block-spacer\"><\/div>\n<\/div>\n<\/div><\/div>\n\n\n\n<div style=\"height:100px;width:0px\" aria-hidden=\"true\" class=\"wp-block-spacer\"><\/div>\n\n\n\n<div id=\"wp-block-themeisle-blocks-advanced-columns-fa9276e0\" class=\"wp-block-themeisle-blocks-advanced-columns alignfull has-2-columns has-desktop-equal-layout has-tablet-equal-layout has-mobile-collapsedRows-layout has-vertical-center ticss-a2946a77\"><div class=\"wp-block-themeisle-blocks-advanced-columns-overlay\"><\/div><div class=\"innerblocks-wrap\">\n<section id=\"wp-block-themeisle-blocks-advanced-column-60972c39\" class=\"wp-block-themeisle-blocks-advanced-column ticss-637950c9\">\n<figure class=\"wp-block-image size-full is-resized\"><img loading=\"lazy\" decoding=\"async\" width=\"179\" height=\"78\" src=\"https:\/\/www.bu.ufmg.br\/bcentral\/wp-content\/uploads\/2026\/03\/Cengage_1.jpg\" alt=\"\" class=\"wp-image-3548\" style=\"width:217px;height:auto\" srcset=\"https:\/\/www.bu.ufmg.br\/bcentral\/wp-content\/uploads\/2026\/03\/Cengage_1.jpg 179w, https:\/\/www.bu.ufmg.br\/bcentral\/wp-content\/uploads\/2026\/03\/Cengage_1-138x60.jpg 138w\" sizes=\"auto, (max-width: 179px) 100vw, 179px\" \/><\/figure>\n<\/section>\n\n\n\n<div id=\"wp-block-themeisle-blocks-advanced-column-be781013\" class=\"wp-block-themeisle-blocks-advanced-column ticss-2c306f0c\">\n<h3 id=\"wp-block-themeisle-blocks-advanced-heading-e2abf078\" class=\"wp-block-themeisle-blocks-advanced-heading wp-block-themeisle-blocks-advanced-heading-e2abf078\">Cengage<\/h3>\n\n\n\n<p class=\"has-text-align-left has-black-color has-text-color\"><strong>Base de dados de eBooks [recurso eletr\u00f4nico] \/ 2024<\/strong> <strong>&#8211; Cengage Learning<\/strong><\/p>\n\n\n\n<p class=\"has-text-align-left has-black-color has-text-color\">Livros eletr\u00f4nicos de acesso exclusivo da comunidade acad\u00eamica da UFMG, apresentando solu\u00e7\u00f5es de conte\u00fados em todas as \u00e1reas do conhecimento. <\/p>\n\n\n\n<div class=\"wp-block-group ticss-535bcfae is-content-justification-center is-nowrap is-layout-flex wp-container-core-group-is-layout-94bc23d7 wp-block-group-is-layout-flex\">\n<a href=\"https:\/\/catalogusfull.vitalsource.com\/home\/dashboard\" class=\"btn-readmore\" role=\"link\">Acessar Cengage<\/a>\n\n\n\n<div style=\"height:100px;width:0px\" aria-hidden=\"true\" class=\"wp-block-spacer wp-container-content-6388d5dc\"><\/div>\n\n\n\n<div style=\"height:100px;width:0px\" aria-hidden=\"true\" class=\"wp-block-spacer wp-container-content-6388d5dc\"><\/div>\n<\/div>\n<\/div>\n<\/div><\/div>\n\n\n\n<div style=\"height:100px\" aria-hidden=\"true\" class=\"wp-block-spacer\"><\/div>\n\n\n\n<div class=\"wp-block-columns is-layout-flex wp-container-core-columns-is-layout-9d6595d7 wp-block-columns-is-layout-flex\">\n<div class=\"wp-block-column is-layout-flow wp-block-column-is-layout-flow\" style=\"flex-basis:50%\"><\/div>\n<\/div>\n\n\n\n<p class=\"ticss-9d6074e3\"><\/p>\n\n\n\n<p><\/p>\n","protected":false},"excerpt":{"rendered":"","protected":false},"author":1,"featured_media":2378,"parent":0,"menu_order":0,"comment_status":"closed","ping_status":"closed","template":"","meta":{"_themeisle_gutenberg_block_has_review":false,"footnotes":""},"class_list":["post-2353","page","type-page","status-publish","has-post-thumbnail","hentry"],"_links":{"self":[{"href":"https:\/\/www.bu.ufmg.br\/bcentral\/wp-json\/wp\/v2\/pages\/2353","targetHints":{"allow":["GET"]}}],"collection":[{"href":"https:\/\/www.bu.ufmg.br\/bcentral\/wp-json\/wp\/v2\/pages"}],"about":[{"href":"https:\/\/www.bu.ufmg.br\/bcentral\/wp-json\/wp\/v2\/types\/page"}],"author":[{"embeddable":true,"href":"https:\/\/www.bu.ufmg.br\/bcentral\/wp-json\/wp\/v2\/users\/1"}],"replies":[{"embeddable":true,"href":"https:\/\/www.bu.ufmg.br\/bcentral\/wp-json\/wp\/v2\/comments?post=2353"}],"version-history":[{"count":25,"href":"https:\/\/www.bu.ufmg.br\/bcentral\/wp-json\/wp\/v2\/pages\/2353\/revisions"}],"predecessor-version":[{"id":3565,"href":"https:\/\/www.bu.ufmg.br\/bcentral\/wp-json\/wp\/v2\/pages\/2353\/revisions\/3565"}],"wp:featuredmedia":[{"embeddable":true,"href":"https:\/\/www.bu.ufmg.br\/bcentral\/wp-json\/wp\/v2\/media\/2378"}],"wp:attachment":[{"href":"https:\/\/www.bu.ufmg.br\/bcentral\/wp-json\/wp\/v2\/media?parent=2353"}],"curies":[{"name":"wp","href":"https:\/\/api.w.org\/{rel}","templated":true}]}}