{"id":2216,"date":"2022-11-15T21:03:32","date_gmt":"2022-11-16T00:03:32","guid":{"rendered":"https:\/\/www.bu.ufmg.br\/bcentral\/?page_id=2216"},"modified":"2022-11-27T20:00:02","modified_gmt":"2022-11-27T23:00:02","slug":"mapa-do-site","status":"publish","type":"page","link":"https:\/\/www.bu.ufmg.br\/bcentral\/mapa-do-site\/","title":{"rendered":"Mapa do Site"},"content":{"rendered":"\n<div id=\"wp-block-themeisle-blocks-accordion-46ff2069\" class=\"wp-block-themeisle-blocks-accordion is-style-boxed\">\n<details class=\"wp-block-themeisle-blocks-accordion-item\"><summary class=\"wp-block-themeisle-blocks-accordion-item__title\"><div><a href=\"https:\/\/www.bu.ufmg.br\/bcentral\/institucional\/\" target=\"_blank\" rel=\"noreferrer noopener\"><strong>Institucional<\/strong><\/a><\/div><\/summary><div class=\"wp-block-themeisle-blocks-accordion-item__content\">\n<ul class=\"wp-block-list\">\n<li><a href=\"https:\/\/www.bu.ufmg.br\/bcentral\/sobre-a-bc\/\" target=\"_blank\" rel=\"noreferrer noopener\">Sobre a Biblioteca Central<\/a><\/li>\n\n\n\n<li><a href=\"https:\/\/www.bu.ufmg.br\/bcentral\/diferenca-entre-bc-e-bu\/\" target=\"_blank\" rel=\"noreferrer noopener\">Rela\u00e7\u00e3o entre BC e BU<\/a><\/li>\n\n\n\n<li><a href=\"https:\/\/www.bu.ufmg.br\/bcentral\/missao-visao-valores-e-objetivos-2\/\" target=\"_blank\" rel=\"noreferrer noopener\">Miss\u00e3o, Vis\u00e3o, Valores e Objetivos<\/a><\/li>\n\n\n\n<li><a href=\"https:\/\/www.bu.ufmg.br\/bcentral\/organograma-da-biblioteca-central\/\" target=\"_blank\" rel=\"noreferrer noopener\">Organograma da Biblioteca Central<\/a><\/li>\n\n\n\n<li><a href=\"https:\/\/www.bu.ufmg.br\/bcentral\/equipe-e-contatos\/\" target=\"_blank\" rel=\"noreferrer noopener\">Equipe e Contatos<\/a><\/li>\n<\/ul>\n\n\n\n<p><\/p>\n<\/div><\/details>\n\n\n\n<details class=\"wp-block-themeisle-blocks-accordion-item\"><summary class=\"wp-block-themeisle-blocks-accordion-item__title\"><div><a href=\"https:\/\/www.bu.ufmg.br\/bcentral\/produtos\/\" target=\"_blank\" rel=\"noreferrer noopener\"><strong>Produtos<\/strong><\/a><\/div><\/summary><div class=\"wp-block-themeisle-blocks-accordion-item__content\">\n<ul class=\"wp-block-list\">\n<li><a href=\"https:\/\/www.bu.ufmg.br\/bcentral\/catalogo-online\/\" target=\"_blank\" rel=\"noreferrer noopener\">Cat\u00e1logo Online<\/a><\/li>\n\n\n\n<li><a href=\"https:\/\/www.bu.ufmg.br\/bcentral\/portal-capes\/\" target=\"_blank\" rel=\"noreferrer noopener\">Portal Capes<\/a><\/li>\n\n\n\n<li><a href=\"https:\/\/www.bu.ufmg.br\/bcentral\/repositorio-institucional\/\" target=\"_blank\" rel=\"noreferrer noopener\">Reposit\u00f3rio Institucional<\/a><\/li>\n\n\n\n<li><a href=\"https:\/\/www.bu.ufmg.br\/bcentral\/guia-do-usuario\/\" target=\"_blank\" rel=\"noreferrer noopener\">Guia do Usu\u00e1rio<\/a><\/li>\n\n\n\n<li><a href=\"https:\/\/www.bu.ufmg.br\/bcentral\/boletim-novas-aquisicoes\/\" target=\"_blank\" rel=\"noreferrer noopener\">Boletim Novas Aquisi\u00e7\u00f5es<\/a><\/li>\n<\/ul>\n\n\n\n<p><\/p>\n<\/div><\/details>\n\n\n\n<details class=\"wp-block-themeisle-blocks-accordion-item\"><summary class=\"wp-block-themeisle-blocks-accordion-item__title\"><div><a href=\"https:\/\/www.bu.ufmg.br\/bcentral\/servicos\/\" target=\"_blank\" rel=\"noreferrer noopener\"><strong>Servi\u00e7os<\/strong><\/a><\/div><\/summary><div class=\"wp-block-themeisle-blocks-accordion-item__content\">\n<ul class=\"wp-block-list\">\n<li><a href=\"https:\/\/www.bu.ufmg.br\/bcentral\/emprestimo\/\" target=\"_blank\" rel=\"noreferrer noopener\">Empr\u00e9stimo<\/a>\n<ul class=\"wp-block-list\">\n<li><a href=\"https:\/\/www.bu.ufmg.br\/bcentral\/reserva-de-emprestimos\/\" target=\"_blank\" rel=\"noreferrer noopener\">Reserva de Empr\u00e9stimos<\/a><\/li>\n\n\n\n<li><a href=\"https:\/\/www.bu.ufmg.br\/bcentral\/renovacao\/\" target=\"_blank\" rel=\"noreferrer noopener\">Renova\u00e7\u00e3o<\/a><\/li>\n<\/ul>\n<\/li>\n\n\n\n<li><a href=\"https:\/\/www.bu.ufmg.br\/bcentral\/cadasto-de-usuarios\/\" target=\"_blank\" rel=\"noreferrer noopener\">Cadastro de Usu\u00e1rios<\/a><\/li>\n\n\n\n<li><a href=\"https:\/\/www.bu.ufmg.br\/bcentral\/treinamento-de-usuarios\/\" target=\"_blank\" rel=\"noreferrer noopener\">Treinamento de Usu\u00e1rios<\/a><\/li>\n\n\n\n<li><a href=\"https:\/\/www.bu.ufmg.br\/bcentral\/pagamento-de-taxas-e-multas-gru\/\" target=\"_blank\" rel=\"noreferrer noopener\">Pagamento de Taxas e Multas (GRU)<\/a><\/li>\n\n\n\n<li><a href=\"https:\/\/www.bu.ufmg.br\/bcentral\/emissao-de-nada-consta\/\" target=\"_blank\" rel=\"noreferrer noopener\">Emiss\u00e3o de Nada Consta<\/a><\/li>\n\n\n\n<li><a href=\"https:\/\/www.bu.ufmg.br\/bcentral\/visita-guiada\/\" target=\"_blank\" rel=\"noreferrer noopener\">Visita Guiada<\/a><\/li>\n\n\n\n<li><a href=\"https:\/\/www.bu.ufmg.br\/bcentral\/normalizacao\/\" target=\"_blank\" rel=\"noreferrer noopener\">Normaliza\u00e7\u00e3o<\/a><\/li>\n\n\n\n<li><a href=\"https:\/\/www.bu.ufmg.br\/bcentral\/ficha-catalografica\/\" target=\"_blank\" rel=\"noreferrer noopener\">Ficha Catalogr\u00e1fica<\/a><\/li>\n\n\n\n<li><a href=\"https:\/\/www.bu.ufmg.br\/bcentral\/comut\/\" target=\"_blank\" rel=\"noreferrer noopener\">COMUT<\/a><\/li>\n<\/ul>\n\n\n\n<p><\/p>\n<\/div><\/details>\n\n\n\n<details class=\"wp-block-themeisle-blocks-accordion-item\"><summary class=\"wp-block-themeisle-blocks-accordion-item__title\"><div><strong><a href=\"https:\/\/www.bu.ufmg.br\/bcentral\/portal-da-biblioteca\/\" target=\"_blank\" rel=\"noreferrer noopener\">Portal<\/a><\/strong><\/div><\/summary><div class=\"wp-block-themeisle-blocks-accordion-item__content\">\n<ul class=\"wp-block-list\">\n<li><a href=\"https:\/\/www.bu.ufmg.br\/bcentral\/noticias\/\" target=\"_blank\" rel=\"noreferrer noopener\">Not\u00edcias<\/a><\/li>\n\n\n\n<li><a href=\"https:\/\/www.bu.ufmg.br\/bcentral\/acessibilidade\/\" target=\"_blank\" rel=\"noreferrer noopener\">Acessibilidade<\/a><\/li>\n\n\n\n<li><a href=\"https:\/\/www.bu.ufmg.br\/bcentral\/espacos\/\" target=\"_blank\" rel=\"noreferrer noopener\">Espa\u00e7os<\/a>\n<ul class=\"wp-block-list\">\n<li><a href=\"https:\/\/www.bu.ufmg.br\/bcentral\/espaco-de-estudo\/\" target=\"_blank\" rel=\"noreferrer noopener\">Espa\u00e7os de Estudo<\/a><\/li>\n\n\n\n<li><a href=\"https:\/\/www.bu.ufmg.br\/bcentral\/espaco-de-leitura\/\" target=\"_blank\" rel=\"noreferrer noopener\">Espa\u00e7os de Leitura<\/a><\/li>\n\n\n\n<li><a href=\"https:\/\/www.bu.ufmg.br\/bcentral\/espaco-expositivos\/\" target=\"_blank\" rel=\"noreferrer noopener\">Espa\u00e7os Expositivos<\/a><\/li>\n<\/ul>\n<\/li>\n\n\n\n<li><a href=\"https:\/\/www.bu.ufmg.br\/bcentral\/acervo-historico\/\" target=\"_blank\" rel=\"noreferrer noopener\">Acervo Hist\u00f3rico<\/a><\/li>\n\n\n\n<li><a href=\"https:\/\/www.bu.ufmg.br\/bcentral\/acervo-tecnico\/\" target=\"_blank\" rel=\"noreferrer noopener\">Acervo T\u00e9cnico<\/a><\/li>\n<\/ul>\n\n\n\n<p><\/p>\n<\/div><\/details>\n\n\n\n<details class=\"wp-block-themeisle-blocks-accordion-item\"><summary class=\"wp-block-themeisle-blocks-accordion-item__title\"><div><strong><a href=\"https:\/\/www.bu.ufmg.br\/bcentral\/normas-e-regulamentos\/\" target=\"_blank\" rel=\"noreferrer noopener\">Normas e Regulamentos<\/a><\/strong><\/div><\/summary><div class=\"wp-block-themeisle-blocks-accordion-item__content\">\n<p><\/p>\n<\/div><\/details>\n\n\n\n<details class=\"wp-block-themeisle-blocks-accordion-item\"><summary class=\"wp-block-themeisle-blocks-accordion-item__title\"><div><strong><a href=\"https:\/\/www.bu.ufmg.br\/bcentral\/para-voce\/\" target=\"_blank\" rel=\"noreferrer noopener\">Para Voc\u00ea<\/a><\/strong><\/div><\/summary><div class=\"wp-block-themeisle-blocks-accordion-item__content\">\n<ul class=\"wp-block-list\">\n<li><a href=\"https:\/\/www.bu.ufmg.br\/bcentral\/publicacoes-ufmg-revistas\/\" target=\"_blank\" rel=\"noreferrer noopener\">Publica\u00e7\u00f5es UFMG (Revistas)<\/a><\/li>\n\n\n\n<li><a href=\"https:\/\/www.bu.ufmg.br\/bcentral\/bases-de-dados\/\" target=\"_blank\" rel=\"noreferrer noopener\">Bases de dados<\/a><\/li>\n\n\n\n<li><a href=\"https:\/\/www.bu.ufmg.br\/bcentral\/informacoes-e-servicos-comunitarios\/\" target=\"_blank\" rel=\"noreferrer noopener\">Informa\u00e7\u00f5es e Servi\u00e7os Comunit\u00e1rios<\/a><\/li>\n\n\n\n<li><a href=\"https:\/\/www.bu.ufmg.br\/bcentral\/tutoriais\/\" target=\"_blank\" rel=\"noreferrer noopener\">Tutoriais<\/a><\/li>\n\n\n\n<li><a href=\"https:\/\/www.bu.ufmg.br\/bcentral\/plataforma-de-e-books\/\" target=\"_blank\" rel=\"noreferrer noopener\">E-books<\/a>\n<ul class=\"wp-block-list\">\n<li><a rel=\"noreferrer noopener\" href=\"https:\/\/www.bu.ufmg.br\/bcentral\/colecao-de-e-books-proquest\/\" target=\"_blank\">ProQuest<\/a><\/li>\n\n\n\n<li><a rel=\"noreferrer noopener\" href=\"https:\/\/www.bu.ufmg.br\/bcentral\/minha-biblioteca\/\" target=\"_blank\">Minha Biblioteca<\/a><\/li>\n<\/ul>\n<\/li>\n\n\n\n<li><a href=\"https:\/\/www.bu.ufmg.br\/bcentral\/sugestao-para-aquisicao-para-o-acervo\/\" target=\"_blank\" rel=\"noreferrer noopener\">Sugest\u00e3o de Aquisi\u00e7\u00e3o para o Acervo<\/a><\/li>\n\n\n\n<li><a href=\"https:\/\/www.bu.ufmg.br\/bcentral\/fica-a-dica\/\" target=\"_blank\" rel=\"noreferrer noopener\">Fica a Dica<\/a><\/li>\n\n\n\n<li><a href=\"https:\/\/www.bu.ufmg.br\/bcentral\/galeria-de-fotos\/\" target=\"_blank\" rel=\"noreferrer noopener\">Galeria de Fotos<\/a><\/li>\n\n\n\n<li><a href=\"https:\/\/www.bu.ufmg.br\/bcentral\/ajuda\/\" target=\"_blank\" rel=\"noreferrer noopener\">Ajuda<\/a>\n<ul class=\"wp-block-list\">\n<li><a href=\"https:\/\/www.bu.ufmg.br\/bcentral\/duvidas-faq\/\" target=\"_blank\" rel=\"noreferrer noopener\">D\u00favidas (FAQ)<\/a><\/li>\n\n\n\n<li><a href=\"https:\/\/www.bu.ufmg.br\/bcentral\/fale-conosco\/\" target=\"_blank\" rel=\"noreferrer noopener\">Fale Conosco<\/a><\/li>\n<\/ul>\n<\/li>\n<\/ul>\n\n\n\n<p><\/p>\n<\/div><\/details>\n<\/div>\n\n\n\n<div data-wp-interactive=\"core\/file\" class=\"wp-block-file\"><object data-wp-bind--hidden=\"!state.hasPdfPreview\" hidden class=\"wp-block-file__embed\" data=\"https:\/\/www.bu.ufmg.br\/bcentral\/wp-content\/uploads\/2022\/11\/Mapa_do_Site_BC_UFMG-2-2.pdf\" type=\"application\/pdf\" style=\"width:100%;height:280px\" aria-label=\"Incorporado de Mapa do Site BC UFMG.\"><\/object><a id=\"wp-block-file--media-db70d326-3622-4e46-8649-5d72d0d4b36a\" href=\"https:\/\/www.bu.ufmg.br\/bcentral\/wp-content\/uploads\/2022\/11\/Mapa_do_Site_BC_UFMG-2-2.pdf\">Mapa do Site BC UFMG<\/a><a href=\"https:\/\/www.bu.ufmg.br\/bcentral\/wp-content\/uploads\/2022\/11\/Mapa_do_Site_BC_UFMG-2-2.pdf\" class=\"wp-block-file__button wp-element-button\" download aria-describedby=\"wp-block-file--media-db70d326-3622-4e46-8649-5d72d0d4b36a\">Baixar<\/a><\/div>\n","protected":false},"excerpt":{"rendered":"","protected":false},"author":1,"featured_media":2229,"parent":0,"menu_order":0,"comment_status":"closed","ping_status":"closed","template":"","meta":{"_themeisle_gutenberg_block_has_review":false,"footnotes":""},"class_list":["post-2216","page","type-page","status-publish","has-post-thumbnail","hentry"],"_links":{"self":[{"href":"https:\/\/www.bu.ufmg.br\/bcentral\/wp-json\/wp\/v2\/pages\/2216","targetHints":{"allow":["GET"]}}],"collection":[{"href":"https:\/\/www.bu.ufmg.br\/bcentral\/wp-json\/wp\/v2\/pages"}],"about":[{"href":"https:\/\/www.bu.ufmg.br\/bcentral\/wp-json\/wp\/v2\/types\/page"}],"author":[{"embeddable":true,"href":"https:\/\/www.bu.ufmg.br\/bcentral\/wp-json\/wp\/v2\/users\/1"}],"replies":[{"embeddable":true,"href":"https:\/\/www.bu.ufmg.br\/bcentral\/wp-json\/wp\/v2\/comments?post=2216"}],"version-history":[{"count":25,"href":"https:\/\/www.bu.ufmg.br\/bcentral\/wp-json\/wp\/v2\/pages\/2216\/revisions"}],"predecessor-version":[{"id":2656,"href":"https:\/\/www.bu.ufmg.br\/bcentral\/wp-json\/wp\/v2\/pages\/2216\/revisions\/2656"}],"wp:featuredmedia":[{"embeddable":true,"href":"https:\/\/www.bu.ufmg.br\/bcentral\/wp-json\/wp\/v2\/media\/2229"}],"wp:attachment":[{"href":"https:\/\/www.bu.ufmg.br\/bcentral\/wp-json\/wp\/v2\/media?parent=2216"}],"curies":[{"name":"wp","href":"https:\/\/api.w.org\/{rel}","templated":true}]}}