{"id":125,"date":"2022-10-10T21:57:57","date_gmt":"2022-10-11T00:57:57","guid":{"rendered":"https:\/\/www.bu.ufmg.br\/bcentral\/?page_id=125"},"modified":"2024-09-27T12:34:50","modified_gmt":"2024-09-27T15:34:50","slug":"colecao-de-e-books-proquest","status":"publish","type":"page","link":"https:\/\/www.bu.ufmg.br\/bcentral\/colecao-de-e-books-proquest\/","title":{"rendered":"ProQuest"},"content":{"rendered":"\n<p><strong>ProQuest&#8217;s Arts E-book Subscription \u00e9 uma plataforma com&nbsp;conte\u00fados que abrangem gradua\u00e7\u00e3o e p\u00f3s-gradua\u00e7\u00e3o. <\/strong><\/p>\n\n\n\n<p>Para acessar a plataforma, \u00e9 necess\u00e1rio clicar em <strong>\u201csolicitar conta\u201d<\/strong> por meio do bot\u00e3o a seguir, <strong>preencher o formul\u00e1rio e\u00a0aguardar a aprova\u00e7\u00e3o.<\/strong><\/p>\n\n\n\n<div class=\"wp-block-buttons has-custom-font-size animated bounce has-medium-font-size is-horizontal is-content-justification-center is-layout-flex wp-container-core-buttons-is-layout-ddb39544 wp-block-buttons-is-layout-flex\">\n<div class=\"wp-block-button has-custom-width wp-block-button__width-50 is-style-outline is-style-outline--1\"><a class=\"wp-block-button__link has-white-color has-text-color has-background wp-element-button\" href=\"https:\/\/ebookcentral.proquest.com\/lib\/ufmgbr\/home.action\" style=\"background-color:#9cbe9c\" target=\"_blank\" rel=\"noreferrer noopener\">Acessar ProQuest Ebook Central<\/a><\/div>\n<\/div>\n\n\n\n<figure class=\"wp-block-image size-full\"><img loading=\"lazy\" decoding=\"async\" width=\"800\" height=\"400\" src=\"https:\/\/www.bu.ufmg.br\/bcentral\/wp-content\/uploads\/2022\/11\/ProQuest-Ebook-Central.jpg\" alt=\"\" class=\"wp-image-1326\" srcset=\"https:\/\/www.bu.ufmg.br\/bcentral\/wp-content\/uploads\/2022\/11\/ProQuest-Ebook-Central.jpg 800w, https:\/\/www.bu.ufmg.br\/bcentral\/wp-content\/uploads\/2022\/11\/ProQuest-Ebook-Central-300x150.jpg 300w, https:\/\/www.bu.ufmg.br\/bcentral\/wp-content\/uploads\/2022\/11\/ProQuest-Ebook-Central-768x384.jpg 768w, https:\/\/www.bu.ufmg.br\/bcentral\/wp-content\/uploads\/2022\/11\/ProQuest-Ebook-Central-120x60.jpg 120w\" sizes=\"auto, (max-width: 800px) 100vw, 800px\" \/><\/figure>\n","protected":false},"excerpt":{"rendered":"<p>ProQuest&#8217;s Arts E-book Subscription \u00e9 uma plataforma com&nbsp;conte\u00fados que abrangem gradua\u00e7\u00e3o e p\u00f3s-gradua\u00e7\u00e3o. Para acessar a plataforma, \u00e9 necess\u00e1rio clicar &hellip; <\/p>\n","protected":false},"author":1,"featured_media":1330,"parent":0,"menu_order":0,"comment_status":"closed","ping_status":"closed","template":"","meta":{"_themeisle_gutenberg_block_has_review":false,"footnotes":""},"class_list":["post-125","page","type-page","status-publish","has-post-thumbnail","hentry"],"_links":{"self":[{"href":"https:\/\/www.bu.ufmg.br\/bcentral\/wp-json\/wp\/v2\/pages\/125","targetHints":{"allow":["GET"]}}],"collection":[{"href":"https:\/\/www.bu.ufmg.br\/bcentral\/wp-json\/wp\/v2\/pages"}],"about":[{"href":"https:\/\/www.bu.ufmg.br\/bcentral\/wp-json\/wp\/v2\/types\/page"}],"author":[{"embeddable":true,"href":"https:\/\/www.bu.ufmg.br\/bcentral\/wp-json\/wp\/v2\/users\/1"}],"replies":[{"embeddable":true,"href":"https:\/\/www.bu.ufmg.br\/bcentral\/wp-json\/wp\/v2\/comments?post=125"}],"version-history":[{"count":12,"href":"https:\/\/www.bu.ufmg.br\/bcentral\/wp-json\/wp\/v2\/pages\/125\/revisions"}],"predecessor-version":[{"id":3188,"href":"https:\/\/www.bu.ufmg.br\/bcentral\/wp-json\/wp\/v2\/pages\/125\/revisions\/3188"}],"wp:featuredmedia":[{"embeddable":true,"href":"https:\/\/www.bu.ufmg.br\/bcentral\/wp-json\/wp\/v2\/media\/1330"}],"wp:attachment":[{"href":"https:\/\/www.bu.ufmg.br\/bcentral\/wp-json\/wp\/v2\/media?parent=125"}],"curies":[{"name":"wp","href":"https:\/\/api.w.org\/{rel}","templated":true}]}}