{"id":123,"date":"2022-10-10T21:57:57","date_gmt":"2022-10-11T00:57:57","guid":{"rendered":"https:\/\/www.bu.ufmg.br\/bcentral\/?page_id=123"},"modified":"2024-09-19T13:39:40","modified_gmt":"2024-09-19T16:39:40","slug":"tutoriais","status":"publish","type":"page","link":"https:\/\/www.bu.ufmg.br\/bcentral\/tutoriais\/","title":{"rendered":"Tutoriais"},"content":{"rendered":"\n<h2 class=\"wp-block-heading animated backInLeft has-text-color\" style=\"color:#9cbe9c\"><strong><strong>Acesso \u00e0s Normas T\u00e9cnicas ABNT via cat\u00e1logo online do SB\/UFMG<\/strong><\/strong><\/h2>\n\n\n\n<p>Neste tutorial voc\u00ea aprende a acessar as Normas T\u00e9cnicas da Associa\u00e7\u00e3o Brasileira de Normas T\u00e9cnicas (ABNT) atrav\u00e9s do cat\u00e1logo online do Sistema de Bibliotecas da Universidade Federal de Minas Gerais (SB\/UFMG). Leia, abra ou fa\u00e7a o download do documento a seguir:<\/p>\n\n\n\n<div data-wp-interactive=\"core\/file\" class=\"wp-block-file\"><object data-wp-bind--hidden=\"!state.hasPdfPreview\" hidden class=\"wp-block-file__embed\" data=\"https:\/\/www.bu.ufmg.br\/bcentral\/wp-content\/uploads\/2022\/11\/Acesso-as-Normas-Tecnicas-ABNT-via-catalogo-on-line-do-SB_UFMG.pdf\" type=\"application\/pdf\" style=\"width:100%;height:600px\" aria-label=\"Incorporado de Acessar documento no navegador.\"><\/object><a id=\"wp-block-file--media-68b121dd-9285-486e-b48f-f566301aca95\" href=\"https:\/\/www.bu.ufmg.br\/bcentral\/wp-content\/uploads\/2022\/11\/Acesso-as-Normas-Tecnicas-ABNT-via-catalogo-on-line-do-SB_UFMG.pdf\" target=\"_blank\" rel=\"noreferrer noopener\">Acessar documento no navegador<\/a><a href=\"https:\/\/www.bu.ufmg.br\/bcentral\/wp-content\/uploads\/2022\/11\/Acesso-as-Normas-Tecnicas-ABNT-via-catalogo-on-line-do-SB_UFMG.pdf\" class=\"wp-block-file__button wp-element-button\" download aria-describedby=\"wp-block-file--media-68b121dd-9285-486e-b48f-f566301aca95\">Baixar<\/a><\/div>\n","protected":false},"excerpt":{"rendered":"<p>Acesso \u00e0s Normas T\u00e9cnicas ABNT via cat\u00e1logo online do SB\/UFMG Neste tutorial voc\u00ea aprende a acessar as Normas T\u00e9cnicas da &hellip; <\/p>\n","protected":false},"author":1,"featured_media":1319,"parent":0,"menu_order":0,"comment_status":"closed","ping_status":"closed","template":"","meta":{"_themeisle_gutenberg_block_has_review":false,"footnotes":""},"class_list":["post-123","page","type-page","status-publish","has-post-thumbnail","hentry"],"_links":{"self":[{"href":"https:\/\/www.bu.ufmg.br\/bcentral\/wp-json\/wp\/v2\/pages\/123","targetHints":{"allow":["GET"]}}],"collection":[{"href":"https:\/\/www.bu.ufmg.br\/bcentral\/wp-json\/wp\/v2\/pages"}],"about":[{"href":"https:\/\/www.bu.ufmg.br\/bcentral\/wp-json\/wp\/v2\/types\/page"}],"author":[{"embeddable":true,"href":"https:\/\/www.bu.ufmg.br\/bcentral\/wp-json\/wp\/v2\/users\/1"}],"replies":[{"embeddable":true,"href":"https:\/\/www.bu.ufmg.br\/bcentral\/wp-json\/wp\/v2\/comments?post=123"}],"version-history":[{"count":19,"href":"https:\/\/www.bu.ufmg.br\/bcentral\/wp-json\/wp\/v2\/pages\/123\/revisions"}],"predecessor-version":[{"id":3031,"href":"https:\/\/www.bu.ufmg.br\/bcentral\/wp-json\/wp\/v2\/pages\/123\/revisions\/3031"}],"wp:featuredmedia":[{"embeddable":true,"href":"https:\/\/www.bu.ufmg.br\/bcentral\/wp-json\/wp\/v2\/media\/1319"}],"wp:attachment":[{"href":"https:\/\/www.bu.ufmg.br\/bcentral\/wp-json\/wp\/v2\/media?parent=123"}],"curies":[{"name":"wp","href":"https:\/\/api.w.org\/{rel}","templated":true}]}}