{"id":121,"date":"2022-10-10T21:57:57","date_gmt":"2022-10-11T00:57:57","guid":{"rendered":"https:\/\/www.bu.ufmg.br\/bcentral\/?page_id=121"},"modified":"2024-09-19T14:18:26","modified_gmt":"2024-09-19T17:18:26","slug":"bases-de-dados","status":"publish","type":"page","link":"https:\/\/www.bu.ufmg.br\/bcentral\/bases-de-dados\/","title":{"rendered":"Bases de dados"},"content":{"rendered":"\n<p>Aqui voc\u00ea pode consultar bases de dados de acesso livre selecionadas  pela nossa equipe de bibliotec\u00e1rios. Trata-se de bases de dados relevantes para a pesquisa e estudos em diversas \u00e1reas. Confira a seguir:<\/p>\n\n\n\n<div id=\"wp-block-themeisle-blocks-accordion-23a73762\" class=\"wp-block-themeisle-blocks-accordion exclusive is-style-boxed\">\n<details class=\"wp-block-themeisle-blocks-accordion-item\"><summary class=\"wp-block-themeisle-blocks-accordion-item__title\"><div><strong>BDTD &#8211; Biblioteca Digital Brasileira de Teses e Disserta\u00e7\u00f5es<\/strong><\/div><\/summary><div class=\"wp-block-themeisle-blocks-accordion-item__content\">\n<p>Re\u00fane os textos completos das teses e disserta\u00e7\u00f5es defendidas nas institui\u00e7\u00f5es brasileiras de ensino e pesquisa.<br><strong>Link para acesso<\/strong>: <a rel=\"noreferrer noopener\" href=\"https:\/\/bdtd.ibict.br\/vufind\/\" target=\"_blank\">https:\/\/bdtd.ibict.br\/vufind\/<\/a><\/p>\n<\/div><\/details>\n\n\n\n<details class=\"wp-block-themeisle-blocks-accordion-item\"><summary class=\"wp-block-themeisle-blocks-accordion-item__title\"><div><strong>CAPES &#8211; Coordena\u00e7\u00e3o de Aperfei\u00e7oamento de Pessoal de N\u00edvel Superior<\/strong><\/div><\/summary><div class=\"wp-block-themeisle-blocks-accordion-item__content\">\n<p>Bbiblioteca virtual que re\u00fane e disponibiliza, para institui\u00e7\u00f5es de ensino e pesquisa no Brasil, importantes publica\u00e7\u00f5es cient\u00edficas, nacionais e\u00a0 internacionais.<\/p>\n\n\n\n<p><strong>Link para acesso ao CAPES:<\/strong> <a rel=\"noreferrer noopener\" href=\"https:\/\/www-periodicos-capes-gov-br.ezl.periodicos.capes.gov.br\/index.php?\" target=\"_blank\">https:\/\/www-periodicos-capes-gov-br.ezl.periodicos.capes.gov.br\/index.php?<\/a><\/p>\n\n\n\n<p><strong>Lista de bases:<\/strong> As bases de dados re\u00fanem diversos tipos de conte\u00fado cient\u00edfico, sejam artigos, resumos, refer\u00eancias, estat\u00edsticas, teses, disserta\u00e7\u00f5es, material audiovisual, dentre outros. A pesquisa por bases permite a consulta de tr\u00eas formas: por t\u00edtulo, por \u00e1rea do conhecimento ou avan\u00e7ada, na qual \u00e9 poss\u00edvel combinar algumas informa\u00e7\u00f5es.<\/p>\n\n\n\n<p><strong>Link para acesso \u00e0 lista de bases:<\/strong> <a href=\"https:\/\/www-periodicos-capes-gov-br.ezl.periodicos.capes.gov.br\/index.php\/acervo\/lista-a-z-bases.html\" target=\"_blank\" rel=\"noreferrer noopener\">https:\/\/www-periodicos-capes-gov-br.ezl.periodicos.capes.gov.br\/index.php\/acervo\/lista-a-z-bases.html<\/a><br><\/p>\n<\/div><\/details>\n\n\n\n<details class=\"wp-block-themeisle-blocks-accordion-item\"><summary class=\"wp-block-themeisle-blocks-accordion-item__title\"><div><strong>DOAB &#8211; Directory of Open Access Books<\/strong><\/div><\/summary><div class=\"wp-block-themeisle-blocks-accordion-item__content\">\n<p>O Diret\u00f3rio de Livros de Acesso Aberto permite acessar livros acad\u00eamicos revisados por pares.<br><strong>Link para acesso: <\/strong><a href=\"https:\/\/www.doabooks.org\/\" target=\"_blank\" rel=\"noreferrer noopener\">https:\/\/www.doabooks.org\/<\/a><\/p>\n<\/div><\/details>\n\n\n\n<details class=\"wp-block-themeisle-blocks-accordion-item\"><summary class=\"wp-block-themeisle-blocks-accordion-item__title\"><div><strong>DOAJ &#8211; Directory of Open Access Journals<\/strong><\/div><\/summary><div class=\"wp-block-themeisle-blocks-accordion-item__content\">\n<p>O Diret\u00f3rio de Peri\u00f3dicos de Acesso Aberto \u00e9 uma base de dados multidisciplinar que promove o acesso gratuito a revistas cient\u00edficas e acad\u00eamicas, mantido pela Lund University Libraries na Su\u00e9cia.<br><strong>Link para acesso: <\/strong> <a href=\"https:\/\/doaj.org\/\" target=\"_blank\" rel=\"noreferrer noopener\">https:\/\/doaj.org\/<\/a><\/p>\n<\/div><\/details>\n\n\n\n<details class=\"wp-block-themeisle-blocks-accordion-item\"><summary class=\"wp-block-themeisle-blocks-accordion-item__title\"><div><strong>LA Referencia &#8211; Red de Repositorios de Acceso abierta a la Ciencia<\/strong><\/div><\/summary><div class=\"wp-block-themeisle-blocks-accordion-item__content\">\n<p>A Rede Federada de Reposit\u00f3rios Institucionais de Publica\u00e7\u00f5es Cient\u00edficas permite o acesso \u00e0 produ\u00e7\u00e3o cient\u00edfica da Am\u00e9rica Latina.<br><strong>Link para acesso: <\/strong><a rel=\"noreferrer noopener\" href=\"https:\/\/www.lareferencia.info\/pt\/\" target=\"_blank\">https:\/\/www.lareferencia.info\/pt\/<\/a><\/p>\n<\/div><\/details>\n\n\n\n<details class=\"wp-block-themeisle-blocks-accordion-item\"><summary class=\"wp-block-themeisle-blocks-accordion-item__title\"><div><strong>Oasisbr &#8211; Portal Brasileiro de Publica\u00e7\u00f5es e Dados Cient\u00edficos em Acesso Aberto<\/strong><\/div><\/summary><div class=\"wp-block-themeisle-blocks-accordion-item__content\">\n<p>Portal nacional, multidisciplinar,\u00a0 que permite a busca da produ\u00e7\u00e3o cient\u00edfica, como artigos, teses e disserta\u00e7\u00f5es, de autores vinculados a universidades e institutos de pesquisa brasileiros. \u00c9 poss\u00edvel tamb\u00e9m realizar buscas por conte\u00fados da produ\u00e7\u00e3o cient\u00edfica portuguesa.<br><strong>Link para acesso: <\/strong> <a href=\"https:\/\/oasisbr.ibict.br\/vufind\/\" target=\"_blank\" rel=\"noreferrer noopener\">https:\/\/oasisbr.ibict.br\/vufind\/<\/a><\/p>\n<\/div><\/details>\n\n\n\n<details class=\"wp-block-themeisle-blocks-accordion-item\"><summary class=\"wp-block-themeisle-blocks-accordion-item__title\"><div><strong>Reposit\u00f3rio UFMG<\/strong><\/div><\/summary><div class=\"wp-block-themeisle-blocks-accordion-item__content\">\n<p>O Reposit\u00f3rio visa unificar em plataforma comum, preservar, dar visibilidade e acesso a toda produ\u00e7\u00e3o intelectual da UFMG. Isso abrange tanto as publica\u00e7\u00f5es cient\u00edficas, quanto as culturais, recursos educacionais, teses, disserta\u00e7\u00f5es e documentos de gest\u00e3o. Por meio dele, ser\u00e1 poss\u00edvel ter acesso ao documento completo das publica\u00e7\u00f5es cient\u00edficas, quando elas estiverem em acesso aberto. Quando n\u00e3o estiverem, ser\u00e3o disponibilizados links para os editores das publica\u00e7\u00f5es.<br><strong>Link para acesso:<\/strong> <a href=\"https:\/\/repositorio.ufmg.br\/\" target=\"_blank\" rel=\"noreferrer noopener\">https:\/\/repositorio.ufmg.br\/<\/a><\/p>\n<\/div><\/details>\n\n\n\n<details class=\"wp-block-themeisle-blocks-accordion-item\"><summary class=\"wp-block-themeisle-blocks-accordion-item__title\"><div><strong>SciELO &#8211; Scientific Electronic Library Online<\/strong><\/div><\/summary><div class=\"wp-block-themeisle-blocks-accordion-item__content\">\n<p>Biblioteca eletr\u00f4nica que abrange cole\u00e7\u00e3o selecionada de peri\u00f3dicos cient\u00edficos brasileiros, que permite acesso aberto aos conte\u00fados de peri\u00f3dicos cient\u00edficos.<\/p>\n\n\n\n<p><strong>Link para acesso:<\/strong> <a href=\"https:\/\/www.scielo.br\/\" target=\"_blank\" rel=\"noreferrer noopener\">https:\/\/www.scielo.br\/<\/a><\/p>\n\n\n\n<p><strong>Scielo Livros<\/strong> &#8211; <strong>A Rede SciELO Livros<\/strong> apresenta publica\u00e7\u00e3o online de cole\u00e7\u00f5es nacionais e tem\u00e1ticas de livros acad\u00eamicos. A maior parte dos t\u00edtulos est\u00e1 dispon\u00edvel em acesso aberto.<\/p>\n\n\n\n<p><strong>Link para acesso:<\/strong> <a href=\"https:\/\/books.scielo.org\/\" target=\"_blank\" rel=\"noreferrer noopener\">https:\/\/books.scielo.org<\/a><br><\/p>\n<\/div><\/details>\n<\/div>\n","protected":false},"excerpt":{"rendered":"<p>Aqui voc\u00ea pode consultar bases de dados de acesso livre selecionadas pela nossa equipe de bibliotec\u00e1rios. Trata-se de bases de &hellip; <\/p>\n","protected":false},"author":1,"featured_media":1269,"parent":0,"menu_order":0,"comment_status":"closed","ping_status":"closed","template":"","meta":{"_themeisle_gutenberg_block_has_review":false,"footnotes":""},"class_list":["post-121","page","type-page","status-publish","has-post-thumbnail","hentry"],"_links":{"self":[{"href":"https:\/\/www.bu.ufmg.br\/bcentral\/wp-json\/wp\/v2\/pages\/121","targetHints":{"allow":["GET"]}}],"collection":[{"href":"https:\/\/www.bu.ufmg.br\/bcentral\/wp-json\/wp\/v2\/pages"}],"about":[{"href":"https:\/\/www.bu.ufmg.br\/bcentral\/wp-json\/wp\/v2\/types\/page"}],"author":[{"embeddable":true,"href":"https:\/\/www.bu.ufmg.br\/bcentral\/wp-json\/wp\/v2\/users\/1"}],"replies":[{"embeddable":true,"href":"https:\/\/www.bu.ufmg.br\/bcentral\/wp-json\/wp\/v2\/comments?post=121"}],"version-history":[{"count":15,"href":"https:\/\/www.bu.ufmg.br\/bcentral\/wp-json\/wp\/v2\/pages\/121\/revisions"}],"predecessor-version":[{"id":3035,"href":"https:\/\/www.bu.ufmg.br\/bcentral\/wp-json\/wp\/v2\/pages\/121\/revisions\/3035"}],"wp:featuredmedia":[{"embeddable":true,"href":"https:\/\/www.bu.ufmg.br\/bcentral\/wp-json\/wp\/v2\/media\/1269"}],"wp:attachment":[{"href":"https:\/\/www.bu.ufmg.br\/bcentral\/wp-json\/wp\/v2\/media?parent=121"}],"curies":[{"name":"wp","href":"https:\/\/api.w.org\/{rel}","templated":true}]}}