{"id":120,"date":"2022-10-10T21:57:57","date_gmt":"2022-10-11T00:57:57","guid":{"rendered":"https:\/\/www.bu.ufmg.br\/bcentral\/?page_id=120"},"modified":"2024-09-19T15:06:03","modified_gmt":"2024-09-19T18:06:03","slug":"publicacoes-ufmg-revistas","status":"publish","type":"page","link":"https:\/\/www.bu.ufmg.br\/bcentral\/publicacoes-ufmg-revistas\/","title":{"rendered":"Publica\u00e7\u00f5es UFMG (Revistas Cient\u00edficas)"},"content":{"rendered":"\n<p>O Portal de Peri\u00f3dicos UFMG re\u00fane informa\u00e7\u00f5es sobre os peri\u00f3dicos cient\u00edficos institucionalmente vinculados \u00e0 UFMG. Al\u00e9m de dar acesso livre aos peri\u00f3dicos, apresenta not\u00edcias sobre editora\u00e7\u00e3o cient\u00edfica e\/ou relacionada ao universo dos peri\u00f3dicos cient\u00edficos.<\/p>\n\n\n\n<p>Voc\u00ea pode acessar as publica\u00e7\u00f5es clicando no bot\u00e3o a seguir:<\/p>\n\n\n\n<div class=\"wp-block-buttons has-custom-font-size animated bounce has-medium-font-size is-horizontal is-content-justification-center is-layout-flex wp-container-core-buttons-is-layout-ddb39544 wp-block-buttons-is-layout-flex\">\n<div class=\"wp-block-button has-custom-width wp-block-button__width-50 is-style-outline is-style-outline--1\"><a class=\"wp-block-button__link has-white-color has-text-color has-background wp-element-button\" href=\"https:\/\/www.ufmg.br\/periodicos\/\" style=\"background-color:#9cbe9c\" target=\"_blank\" rel=\"noreferrer noopener\"> Peri\u00f3dicos UFMG<\/a><\/div>\n<\/div>\n\n\n\n<div class=\"wp-block-columns alignfull has-text-color has-background is-layout-flex wp-container-core-columns-is-layout-9d6595d7 wp-block-columns-is-layout-flex\" style=\"color:#000000;background-color:#ffffff\">\n<div class=\"wp-block-column is-layout-flow wp-block-column-is-layout-flow\"><div class=\"wp-block-image is-style-default\">\n<figure class=\"aligncenter size-full\"><img loading=\"lazy\" decoding=\"async\" width=\"630\" height=\"382\" src=\"https:\/\/www.bu.ufmg.br\/bcentral\/wp-content\/uploads\/2022\/11\/periodicos-1.png\" alt=\"\" class=\"wp-image-1261\" srcset=\"https:\/\/www.bu.ufmg.br\/bcentral\/wp-content\/uploads\/2022\/11\/periodicos-1.png 630w, https:\/\/www.bu.ufmg.br\/bcentral\/wp-content\/uploads\/2022\/11\/periodicos-1-300x182.png 300w, https:\/\/www.bu.ufmg.br\/bcentral\/wp-content\/uploads\/2022\/11\/periodicos-1-99x60.png 99w\" sizes=\"auto, (max-width: 630px) 100vw, 630px\" \/><\/figure>\n<\/div><\/div>\n<\/div>\n\n\n\n<p>Para  maiores informa\u00e7\u00f5es, entre em contato com a equipe respons\u00e1vel, atrav\u00e9s do e-mail: <strong><a href=\"mailto:portalperiodicos@prpq.ufmg.br\" target=\"_blank\" rel=\"noreferrer noopener\">portalperiodicos@prpq.ufmg.br<\/a> <\/strong>ou pelo telefone: (31) 3409-4038.<\/p>\n\n\n\n<p><\/p>\n","protected":false},"excerpt":{"rendered":"<p>O Portal de Peri\u00f3dicos UFMG re\u00fane informa\u00e7\u00f5es sobre os peri\u00f3dicos cient\u00edficos institucionalmente vinculados \u00e0 UFMG. Al\u00e9m de dar acesso livre &hellip; <\/p>\n","protected":false},"author":1,"featured_media":1261,"parent":0,"menu_order":0,"comment_status":"closed","ping_status":"closed","template":"","meta":{"_themeisle_gutenberg_block_has_review":false,"footnotes":""},"class_list":["post-120","page","type-page","status-publish","has-post-thumbnail","hentry"],"_links":{"self":[{"href":"https:\/\/www.bu.ufmg.br\/bcentral\/wp-json\/wp\/v2\/pages\/120","targetHints":{"allow":["GET"]}}],"collection":[{"href":"https:\/\/www.bu.ufmg.br\/bcentral\/wp-json\/wp\/v2\/pages"}],"about":[{"href":"https:\/\/www.bu.ufmg.br\/bcentral\/wp-json\/wp\/v2\/types\/page"}],"author":[{"embeddable":true,"href":"https:\/\/www.bu.ufmg.br\/bcentral\/wp-json\/wp\/v2\/users\/1"}],"replies":[{"embeddable":true,"href":"https:\/\/www.bu.ufmg.br\/bcentral\/wp-json\/wp\/v2\/comments?post=120"}],"version-history":[{"count":16,"href":"https:\/\/www.bu.ufmg.br\/bcentral\/wp-json\/wp\/v2\/pages\/120\/revisions"}],"predecessor-version":[{"id":3038,"href":"https:\/\/www.bu.ufmg.br\/bcentral\/wp-json\/wp\/v2\/pages\/120\/revisions\/3038"}],"wp:featuredmedia":[{"embeddable":true,"href":"https:\/\/www.bu.ufmg.br\/bcentral\/wp-json\/wp\/v2\/media\/1261"}],"wp:attachment":[{"href":"https:\/\/www.bu.ufmg.br\/bcentral\/wp-json\/wp\/v2\/media?parent=120"}],"curies":[{"name":"wp","href":"https:\/\/api.w.org\/{rel}","templated":true}]}}