{"id":112,"date":"2022-10-10T21:57:56","date_gmt":"2022-10-11T00:57:56","guid":{"rendered":"https:\/\/www.bu.ufmg.br\/bcentral\/?page_id=112"},"modified":"2024-09-19T15:56:44","modified_gmt":"2024-09-19T18:56:44","slug":"acervo-tecnico","status":"publish","type":"page","link":"https:\/\/www.bu.ufmg.br\/bcentral\/acervo-tecnico\/","title":{"rendered":"Acervo T\u00e9cnico"},"content":{"rendered":"\n<p>A Biblioteca Central tem por finalidade proporcionar ao corpo docente e discente dos cursos de gradua\u00e7\u00e3o do Instituto de Ci\u00eancias Biol\u00f3gicas (ICB) e Instituto Ci\u00eancias Exatas (ICEx)  acesso aos recursos informacionais de suas respectivas \u00e1reas de atua\u00e7\u00e3o.<\/p>\n\n\n\n<div id=\"wp-block-themeisle-blocks-slider-86cec233\" class=\"wp-block-themeisle-blocks-slider glide\" data-per-view=\"1\" data-gap=\"0\" data-peek=\"0\" data-autoplay=\"true\" data-height=\"496px\" data-hide-arrows=\"false\"><div class=\"glide__track\" data-glide-el=\"track\"><div class=\"glide__slides\"><div class=\"wp-block-themeisle-blocks-slider-item-wrapper glide__slide\" tabindex=\"0\"><figure><img decoding=\"async\" class=\"wp-block-themeisle-blocks-slider-item\" src=\"https:\/\/www.bu.ufmg.br\/bcentral\/wp-content\/uploads\/2022\/11\/WhatsApp-Image-2022-11-01-at-12.58.58-PM-1.jpeg\" alt=\"\" title=\"\" data-id=\"1202\"\/><\/figure><\/div><div class=\"wp-block-themeisle-blocks-slider-item-wrapper glide__slide\" tabindex=\"0\"><figure><img decoding=\"async\" class=\"wp-block-themeisle-blocks-slider-item\" src=\"https:\/\/www.bu.ufmg.br\/bcentral\/wp-content\/uploads\/2022\/11\/WhatsApp-Image-2022-11-01-at-12.58.58-PM.jpeg\" alt=\"\" title=\"\" data-id=\"1204\"\/><\/figure><\/div><div class=\"wp-block-themeisle-blocks-slider-item-wrapper glide__slide\" tabindex=\"0\"><figure><img decoding=\"async\" class=\"wp-block-themeisle-blocks-slider-item\" src=\"https:\/\/www.bu.ufmg.br\/bcentral\/wp-content\/uploads\/2022\/11\/WhatsApp-Image-2022-11-01-at-11.44.08-AM.jpeg\" alt=\"\" title=\"\" data-id=\"1201\"\/><\/figure><\/div><div class=\"wp-block-themeisle-blocks-slider-item-wrapper glide__slide\" tabindex=\"0\"><figure><img decoding=\"async\" class=\"wp-block-themeisle-blocks-slider-item\" src=\"https:\/\/www.bu.ufmg.br\/bcentral\/wp-content\/uploads\/2022\/11\/WhatsApp-Image-2022-11-01-at-12.58.58-PM-2.jpeg\" alt=\"\" title=\"\" data-id=\"1203\"\/><\/figure><\/div><div class=\"wp-block-themeisle-blocks-slider-item-wrapper glide__slide\" tabindex=\"0\"><figure><img decoding=\"async\" class=\"wp-block-themeisle-blocks-slider-item\" src=\"https:\/\/www.bu.ufmg.br\/bcentral\/wp-content\/uploads\/2022\/11\/WhatsApp-Image-2022-11-01-at-12.58.59-PM-1.jpeg\" alt=\"\" title=\"\" data-id=\"1205\"\/><\/figure><\/div><div class=\"wp-block-themeisle-blocks-slider-item-wrapper glide__slide\" tabindex=\"0\"><figure><img decoding=\"async\" class=\"wp-block-themeisle-blocks-slider-item\" src=\"https:\/\/www.bu.ufmg.br\/bcentral\/wp-content\/uploads\/2022\/11\/WhatsApp-Image-2022-11-01-at-12.58.59-PM.jpeg\" alt=\"\" title=\"\" data-id=\"1206\"\/><\/figure><\/div><\/div><div class=\"glide__bullets\" data-glide-el=\"controls[nav]\"><button class=\"glide__bullet\" data-glide-dir=\"=0\"><\/button><button class=\"glide__bullet\" data-glide-dir=\"=1\"><\/button><button class=\"glide__bullet\" data-glide-dir=\"=2\"><\/button><button class=\"glide__bullet\" data-glide-dir=\"=3\"><\/button><button class=\"glide__bullet\" data-glide-dir=\"=4\"><\/button><button class=\"glide__bullet\" data-glide-dir=\"=5\"><\/button><\/div><\/div><\/div>\n\n\n\n<p class=\"has-text-align-center has-small-font-size\">Carrossel contendo imagens do acervo t\u00e9cnico de Ci\u00eancias Biol\u00f3gicas e Exatas da Biblioteca Central da UFMG (Autoria: Cleide Vieira de Faria (Acervo hist\u00f3rico\/BC-UFMG)<\/p>\n","protected":false},"excerpt":{"rendered":"<p>A Biblioteca Central tem por finalidade proporcionar ao corpo docente e discente dos cursos de gradua\u00e7\u00e3o do Instituto de Ci\u00eancias &hellip; <\/p>\n","protected":false},"author":1,"featured_media":1210,"parent":0,"menu_order":0,"comment_status":"closed","ping_status":"closed","template":"","meta":{"_themeisle_gutenberg_block_has_review":false,"footnotes":""},"class_list":["post-112","page","type-page","status-publish","has-post-thumbnail","hentry"],"_links":{"self":[{"href":"https:\/\/www.bu.ufmg.br\/bcentral\/wp-json\/wp\/v2\/pages\/112","targetHints":{"allow":["GET"]}}],"collection":[{"href":"https:\/\/www.bu.ufmg.br\/bcentral\/wp-json\/wp\/v2\/pages"}],"about":[{"href":"https:\/\/www.bu.ufmg.br\/bcentral\/wp-json\/wp\/v2\/types\/page"}],"author":[{"embeddable":true,"href":"https:\/\/www.bu.ufmg.br\/bcentral\/wp-json\/wp\/v2\/users\/1"}],"replies":[{"embeddable":true,"href":"https:\/\/www.bu.ufmg.br\/bcentral\/wp-json\/wp\/v2\/comments?post=112"}],"version-history":[{"count":6,"href":"https:\/\/www.bu.ufmg.br\/bcentral\/wp-json\/wp\/v2\/pages\/112\/revisions"}],"predecessor-version":[{"id":3050,"href":"https:\/\/www.bu.ufmg.br\/bcentral\/wp-json\/wp\/v2\/pages\/112\/revisions\/3050"}],"wp:featuredmedia":[{"embeddable":true,"href":"https:\/\/www.bu.ufmg.br\/bcentral\/wp-json\/wp\/v2\/media\/1210"}],"wp:attachment":[{"href":"https:\/\/www.bu.ufmg.br\/bcentral\/wp-json\/wp\/v2\/media?parent=112"}],"curies":[{"name":"wp","href":"https:\/\/api.w.org\/{rel}","templated":true}]}}