{"id":108,"date":"2022-10-10T21:57:56","date_gmt":"2022-10-11T00:57:56","guid":{"rendered":"https:\/\/www.bu.ufmg.br\/bcentral\/?page_id=108"},"modified":"2022-11-09T23:32:12","modified_gmt":"2022-11-10T02:32:12","slug":"espaco-de-leitura","status":"publish","type":"page","link":"https:\/\/www.bu.ufmg.br\/bcentral\/espaco-de-leitura\/","title":{"rendered":"Espa\u00e7os de Leitura"},"content":{"rendered":"\n<p>\u00c9 um ambiente destinado \u00e0 <strong>leitura de lazer <\/strong>para a comunidade acad\u00eamica da UFMG e para a comunidade externa. <strong>Inaugurado no dia 10 de setembro de 2009<\/strong>, conta com um acervo de aproximadamente 8.067 exemplares, formados por obras liter\u00e1rias de variados g\u00eaneros:\u00a0 cl\u00e1ssicos, best-sellers, poesia, literatura infanto-juvenil, romances, obras para deficientes visuais, entre outras.\u00a0<\/p>\n\n\n\n<p>\u202fA proposta desse local \u00e9 a disponibiliza\u00e7\u00e3o de acervo de lazer, pretendendo ser um ambiente prop\u00edcio para <strong>leitura aut\u00f3noma e livre de obriga\u00e7\u00f5es<\/strong>. Esta \u00e9 uma das caracter\u00edsticas que diferencia o Espa\u00e7o de Leitura das demais bibliotecas do Sistema.\u00a0<\/p>\n\n\n\n<p>Proporciona atividades culturais que promovem o incentivo \u00e0 leitur<strong>a<\/strong> e ao lazer, al\u00e9m de possibilitar o <strong>acesso \u00e0 literatura, cultura e informa\u00e7\u00e3o<\/strong>, tornando-se um ambiente de intera\u00e7\u00e3o e entretenimento na Universidade.\u00a0<\/p>\n\n\n\n<p><strong>\u202fAcesse nosso blog e perfil no Twitter para conhecer mais sobre o Espa\u00e7o:\u00a0<\/strong><\/p>\n\n\n\n<ul class=\"wp-block-social-links has-visible-labels has-icon-color is-style-logos-only is-content-justification-left is-layout-flex wp-container-core-social-links-is-layout-fdcfc74e wp-block-social-links-is-layout-flex\"><li style=\"color:#9cbe9c;\" class=\"wp-social-link wp-social-link-chain  ticss-0365c909 wp-block-social-link\"><a rel=\"noopener nofollow\" target=\"_blank\" href=\"https:\/\/espacoleituraufmg.wordpress.com\/\" class=\"wp-block-social-link-anchor\"><svg width=\"24\" height=\"24\" viewBox=\"0 0 24 24\" version=\"1.1\" xmlns=\"http:\/\/www.w3.org\/2000\/svg\" aria-hidden=\"true\" focusable=\"false\"><path d=\"M15.6,7.2H14v1.5h1.6c2,0,3.7,1.7,3.7,3.7s-1.7,3.7-3.7,3.7H14v1.5h1.6c2.8,0,5.2-2.3,5.2-5.2,0-2.9-2.3-5.2-5.2-5.2zM4.7,12.4c0-2,1.7-3.7,3.7-3.7H10V7.2H8.4c-2.9,0-5.2,2.3-5.2,5.2,0,2.9,2.3,5.2,5.2,5.2H10v-1.5H8.4c-2,0-3.7-1.7-3.7-3.7zm4.6.9h5.3v-1.5H9.3v1.5z\"><\/path><\/svg><span class=\"wp-block-social-link-label\">Espaco Leitura UFMG<\/span><\/a><\/li>\n\n<li style=\"color:#9cbe9c;\" class=\"wp-social-link wp-social-link-twitter  wp-block-social-link\"><a rel=\"noopener nofollow\" target=\"_blank\" href=\"https:\/\/twitter.com\/espacoleitura\" class=\"wp-block-social-link-anchor\"><svg width=\"24\" height=\"24\" viewBox=\"0 0 24 24\" version=\"1.1\" xmlns=\"http:\/\/www.w3.org\/2000\/svg\" aria-hidden=\"true\" focusable=\"false\"><path d=\"M22.23,5.924c-0.736,0.326-1.527,0.547-2.357,0.646c0.847-0.508,1.498-1.312,1.804-2.27 c-0.793,0.47-1.671,0.812-2.606,0.996C18.324,4.498,17.257,4,16.077,4c-2.266,0-4.103,1.837-4.103,4.103 c0,0.322,0.036,0.635,0.106,0.935C8.67,8.867,5.647,7.234,3.623,4.751C3.27,5.357,3.067,6.062,3.067,6.814 c0,1.424,0.724,2.679,1.825,3.415c-0.673-0.021-1.305-0.206-1.859-0.513c0,0.017,0,0.034,0,0.052c0,1.988,1.414,3.647,3.292,4.023 c-0.344,0.094-0.707,0.144-1.081,0.144c-0.264,0-0.521-0.026-0.772-0.074c0.522,1.63,2.038,2.816,3.833,2.85 c-1.404,1.1-3.174,1.756-5.096,1.756c-0.331,0-0.658-0.019-0.979-0.057c1.816,1.164,3.973,1.843,6.29,1.843 c7.547,0,11.675-6.252,11.675-11.675c0-0.178-0.004-0.355-0.012-0.531C20.985,7.47,21.68,6.747,22.23,5.924z\"><\/path><\/svg><span class=\"wp-block-social-link-label\">Twitter<\/span><\/a><\/li><\/ul>\n\n\n\n<div id=\"wp-block-themeisle-blocks-slider-efd296c8\" class=\"wp-block-themeisle-blocks-slider glide\" data-per-view=\"1\" data-gap=\"0\" data-peek=\"0\" data-autoplay=\"3000\" data-height=\"850px\" data-hide-arrows=\"false\"><div class=\"glide__track\" data-glide-el=\"track\"><div class=\"glide__slides\"><div class=\"wp-block-themeisle-blocks-slider-item-wrapper glide__slide\" tabindex=\"0\"><figure><img decoding=\"async\" class=\"wp-block-themeisle-blocks-slider-item\" src=\"https:\/\/www.bu.ufmg.br\/bcentral\/wp-content\/uploads\/2022\/10\/20210303_182319-1-scaled.jpg\" alt=\"\" title=\"\" data-id=\"989\"\/><\/figure><\/div><div class=\"wp-block-themeisle-blocks-slider-item-wrapper glide__slide\" tabindex=\"0\"><figure><img decoding=\"async\" class=\"wp-block-themeisle-blocks-slider-item\" src=\"https:\/\/www.bu.ufmg.br\/bcentral\/wp-content\/uploads\/2022\/10\/20210303_182411-2-scaled.jpg\" alt=\"\" title=\"\" data-id=\"990\"\/><\/figure><\/div><div class=\"wp-block-themeisle-blocks-slider-item-wrapper glide__slide\" tabindex=\"0\"><figure><img decoding=\"async\" class=\"wp-block-themeisle-blocks-slider-item\" src=\"https:\/\/www.bu.ufmg.br\/bcentral\/wp-content\/uploads\/2022\/10\/20210303_182937-3-scaled.jpg\" alt=\"\" title=\"\" data-id=\"998\"\/><\/figure><\/div><div class=\"wp-block-themeisle-blocks-slider-item-wrapper glide__slide\" tabindex=\"0\"><figure><img decoding=\"async\" class=\"wp-block-themeisle-blocks-slider-item\" src=\"https:\/\/www.bu.ufmg.br\/bcentral\/wp-content\/uploads\/2022\/10\/20210709_101937-1-scaled.jpg\" alt=\"\" title=\"\" data-id=\"1001\"\/><\/figure><\/div><div class=\"wp-block-themeisle-blocks-slider-item-wrapper glide__slide\" tabindex=\"0\"><figure><img decoding=\"async\" class=\"wp-block-themeisle-blocks-slider-item\" src=\"https:\/\/www.bu.ufmg.br\/bcentral\/wp-content\/uploads\/2022\/10\/20210709_101932-3-scaled.jpg\" alt=\"\" title=\"\" data-id=\"1000\"\/><\/figure><\/div><div class=\"wp-block-themeisle-blocks-slider-item-wrapper glide__slide\" tabindex=\"0\"><figure><img decoding=\"async\" class=\"wp-block-themeisle-blocks-slider-item\" src=\"https:\/\/www.bu.ufmg.br\/bcentral\/wp-content\/uploads\/2022\/10\/20210303_181913-1-scaled.jpg\" alt=\"\" title=\"\" data-id=\"984\"\/><\/figure><\/div><div class=\"wp-block-themeisle-blocks-slider-item-wrapper glide__slide\" tabindex=\"0\"><figure><img decoding=\"async\" class=\"wp-block-themeisle-blocks-slider-item\" src=\"https:\/\/www.bu.ufmg.br\/bcentral\/wp-content\/uploads\/2022\/10\/20210303_182011-1-scaled.jpg\" alt=\"\" title=\"\" data-id=\"985\"\/><\/figure><\/div><div class=\"wp-block-themeisle-blocks-slider-item-wrapper glide__slide\" tabindex=\"0\"><figure><img decoding=\"async\" class=\"wp-block-themeisle-blocks-slider-item\" src=\"https:\/\/www.bu.ufmg.br\/bcentral\/wp-content\/uploads\/2022\/10\/20220223_083140-1-scaled.jpg\" alt=\"\" title=\"\" data-id=\"1004\"\/><\/figure><\/div><div class=\"wp-block-themeisle-blocks-slider-item-wrapper glide__slide\" tabindex=\"0\"><figure><img decoding=\"async\" class=\"wp-block-themeisle-blocks-slider-item\" src=\"https:\/\/www.bu.ufmg.br\/bcentral\/wp-content\/uploads\/2022\/10\/20210303_182053-1-scaled.jpg\" alt=\"\" title=\"\" data-id=\"986\"\/><\/figure><\/div><div class=\"wp-block-themeisle-blocks-slider-item-wrapper glide__slide\" tabindex=\"0\"><figure><img decoding=\"async\" class=\"wp-block-themeisle-blocks-slider-item\" src=\"https:\/\/www.bu.ufmg.br\/bcentral\/wp-content\/uploads\/2022\/10\/20210303_182057-1-scaled.jpg\" alt=\"\" title=\"\" data-id=\"987\"\/><\/figure><\/div><div class=\"wp-block-themeisle-blocks-slider-item-wrapper glide__slide\" tabindex=\"0\"><figure><img decoding=\"async\" class=\"wp-block-themeisle-blocks-slider-item\" src=\"https:\/\/www.bu.ufmg.br\/bcentral\/wp-content\/uploads\/2022\/10\/20210303_182438-1-scaled.jpg\" alt=\"\" title=\"\" data-id=\"991\"\/><\/figure><\/div><div class=\"wp-block-themeisle-blocks-slider-item-wrapper glide__slide\" tabindex=\"0\"><figure><img decoding=\"async\" class=\"wp-block-themeisle-blocks-slider-item\" src=\"https:\/\/www.bu.ufmg.br\/bcentral\/wp-content\/uploads\/2022\/10\/20210303_182448-1-scaled.jpg\" alt=\"\" title=\"\" data-id=\"992\"\/><\/figure><\/div><div class=\"wp-block-themeisle-blocks-slider-item-wrapper glide__slide\" tabindex=\"0\"><figure><img decoding=\"async\" class=\"wp-block-themeisle-blocks-slider-item\" src=\"https:\/\/www.bu.ufmg.br\/bcentral\/wp-content\/uploads\/2022\/10\/20210303_182730-1-scaled.jpg\" alt=\"\" title=\"\" data-id=\"994\"\/><\/figure><\/div><div class=\"wp-block-themeisle-blocks-slider-item-wrapper glide__slide\" tabindex=\"0\"><figure><img decoding=\"async\" class=\"wp-block-themeisle-blocks-slider-item\" src=\"https:\/\/www.bu.ufmg.br\/bcentral\/wp-content\/uploads\/2022\/10\/20210709_102213-1-scaled.jpg\" alt=\"\" title=\"\" data-id=\"1002\"\/><\/figure><\/div><div class=\"wp-block-themeisle-blocks-slider-item-wrapper glide__slide\" tabindex=\"0\"><figure><img decoding=\"async\" class=\"wp-block-themeisle-blocks-slider-item\" src=\"https:\/\/www.bu.ufmg.br\/bcentral\/wp-content\/uploads\/2022\/10\/20210709_102507-2-scaled.jpg\" alt=\"\" title=\"\" data-id=\"1003\"\/><\/figure><\/div><div class=\"wp-block-themeisle-blocks-slider-item-wrapper glide__slide\" tabindex=\"0\"><figure><img decoding=\"async\" class=\"wp-block-themeisle-blocks-slider-item\" src=\"https:\/\/www.bu.ufmg.br\/bcentral\/wp-content\/uploads\/2022\/10\/20210303_182925-1-scaled.jpg\" alt=\"\" title=\"\" data-id=\"997\"\/><\/figure><\/div><div class=\"wp-block-themeisle-blocks-slider-item-wrapper glide__slide\" tabindex=\"0\"><figure><img decoding=\"async\" class=\"wp-block-themeisle-blocks-slider-item\" src=\"https:\/\/www.bu.ufmg.br\/bcentral\/wp-content\/uploads\/2022\/10\/20210303_182837-1-scaled.jpg\" alt=\"\" title=\"\" data-id=\"995\"\/><\/figure><\/div><\/div><div class=\"glide__bullets\" data-glide-el=\"controls[nav]\"><button class=\"glide__bullet\" data-glide-dir=\"=0\"><\/button><button class=\"glide__bullet\" data-glide-dir=\"=1\"><\/button><button class=\"glide__bullet\" data-glide-dir=\"=2\"><\/button><button class=\"glide__bullet\" data-glide-dir=\"=3\"><\/button><button class=\"glide__bullet\" data-glide-dir=\"=4\"><\/button><button class=\"glide__bullet\" data-glide-dir=\"=5\"><\/button><button class=\"glide__bullet\" data-glide-dir=\"=6\"><\/button><button class=\"glide__bullet\" data-glide-dir=\"=7\"><\/button><button class=\"glide__bullet\" data-glide-dir=\"=8\"><\/button><button class=\"glide__bullet\" data-glide-dir=\"=9\"><\/button><button class=\"glide__bullet\" data-glide-dir=\"=10\"><\/button><button class=\"glide__bullet\" data-glide-dir=\"=11\"><\/button><button class=\"glide__bullet\" data-glide-dir=\"=12\"><\/button><button class=\"glide__bullet\" data-glide-dir=\"=13\"><\/button><button class=\"glide__bullet\" data-glide-dir=\"=14\"><\/button><button class=\"glide__bullet\" data-glide-dir=\"=15\"><\/button><button class=\"glide__bullet\" data-glide-dir=\"=16\"><\/button><\/div><\/div><\/div>\n\n\n\n<p class=\"has-text-align-center has-small-font-size\">Carrossel contendo as imagens do Espa\u00e7o de Leitura da Biblioteca Central (Autoria: Cleide Vieira de Faria)<\/p>\n\n\n\n<lottie-player autoplay loop count=\"0\" speed=\"1\" direction=\"1\" trigger=\"none\" data-loop=\"false\" mode=\"normal\" id=\"wp-block-themeisle-blocks-lottie-a1e90207\" src=\"https:\/\/www.bu.ufmg.br\/bcentral\/wp-content\/plugins\/otter-blocks\/assets\/images\/placeholder.jpg\" class=\"wp-block-themeisle-blocks-lottie\"><\/lottie-player>\n","protected":false},"excerpt":{"rendered":"<p>\u00c9 um ambiente destinado \u00e0 leitura de lazer para a comunidade acad\u00eamica da UFMG e para a comunidade externa. Inaugurado &hellip; <\/p>\n","protected":false},"author":1,"featured_media":880,"parent":0,"menu_order":0,"comment_status":"closed","ping_status":"closed","template":"","meta":{"_themeisle_gutenberg_block_has_review":false,"footnotes":""},"class_list":["post-108","page","type-page","status-publish","has-post-thumbnail","hentry"],"_links":{"self":[{"href":"https:\/\/www.bu.ufmg.br\/bcentral\/wp-json\/wp\/v2\/pages\/108","targetHints":{"allow":["GET"]}}],"collection":[{"href":"https:\/\/www.bu.ufmg.br\/bcentral\/wp-json\/wp\/v2\/pages"}],"about":[{"href":"https:\/\/www.bu.ufmg.br\/bcentral\/wp-json\/wp\/v2\/types\/page"}],"author":[{"embeddable":true,"href":"https:\/\/www.bu.ufmg.br\/bcentral\/wp-json\/wp\/v2\/users\/1"}],"replies":[{"embeddable":true,"href":"https:\/\/www.bu.ufmg.br\/bcentral\/wp-json\/wp\/v2\/comments?post=108"}],"version-history":[{"count":22,"href":"https:\/\/www.bu.ufmg.br\/bcentral\/wp-json\/wp\/v2\/pages\/108\/revisions"}],"predecessor-version":[{"id":1900,"href":"https:\/\/www.bu.ufmg.br\/bcentral\/wp-json\/wp\/v2\/pages\/108\/revisions\/1900"}],"wp:featuredmedia":[{"embeddable":true,"href":"https:\/\/www.bu.ufmg.br\/bcentral\/wp-json\/wp\/v2\/media\/880"}],"wp:attachment":[{"href":"https:\/\/www.bu.ufmg.br\/bcentral\/wp-json\/wp\/v2\/media?parent=108"}],"curies":[{"name":"wp","href":"https:\/\/api.w.org\/{rel}","templated":true}]}}