{"id":102,"date":"2022-10-10T21:57:56","date_gmt":"2022-10-11T00:57:56","guid":{"rendered":"https:\/\/www.bu.ufmg.br\/bcentral\/?page_id=102"},"modified":"2024-09-30T14:49:32","modified_gmt":"2024-09-30T17:49:32","slug":"repositorio-institucional","status":"publish","type":"page","link":"https:\/\/www.bu.ufmg.br\/bcentral\/repositorio-institucional\/","title":{"rendered":"Reposit\u00f3rio Institucional"},"content":{"rendered":"\n<p><strong>O Reposit\u00f3rio Institucional da UFMG \u00e9 um ambiente digital que re\u00fane todo o conte\u00fado cient\u00edfico e intelectual produzido nas \u00e1reas de ensino, pesquisa, extens\u00e3o e gest\u00e3o da UFMG. <\/strong>Com acesso aberto para consulta p\u00fablica, al\u00e9m dos trabalhos acad\u00eamicos \u2013 cole\u00e7\u00f5es de teses, disserta\u00e7\u00f5es e monografias.&nbsp;<\/p>\n\n\n\n<p><strong>Clique no bot\u00e3o a seguir, para acessar agora o Reposit\u00f3rio Institucional da UFMG<\/strong> com os conte\u00fado cient\u00edfico da UFMG na \u00edntegra:<\/p>\n\n\n\n<div class=\"wp-block-buttons has-custom-font-size animated bounce has-medium-font-size is-horizontal is-content-justification-center is-layout-flex wp-container-core-buttons-is-layout-ddb39544 wp-block-buttons-is-layout-flex\">\n<div class=\"wp-block-button has-custom-width wp-block-button__width-50 is-style-outline is-style-outline--1\"><a class=\"wp-block-button__link has-white-color has-text-color has-background wp-element-button\" href=\"https:\/\/repositorio.ufmg.br\/\" style=\"background-color:#9cbe9c\" target=\"_blank\" rel=\"noreferrer noopener\">Acessar Reposit\u00f3rio<\/a><\/div>\n<\/div>\n\n\n\n<div style=\"height:43px\" aria-hidden=\"true\" class=\"wp-block-spacer\"><\/div>\n\n\n\n<p><strong>Dica:<\/strong> o v\u00eddeo a seguir\u00a0traz o passo a passo dos novos procedimentos para depositar a vers\u00e3o final de teses, disserta\u00e7\u00f5es e monografias de especializa\u00e7\u00e3o no Reposit\u00f3rio.<\/p>\n\n\n\n<figure class=\"wp-block-embed is-type-video is-provider-youtube wp-block-embed-youtube wp-embed-aspect-16-9 wp-has-aspect-ratio\"><div class=\"wp-block-embed__wrapper\">\n<iframe loading=\"lazy\" title=\"Autoarquivamento de trabalhos acad\u00eamicos no RI-UFMG\" width=\"767\" height=\"431\" src=\"https:\/\/www.youtube.com\/embed\/Bd8YPRWfLa0?feature=oembed\" frameborder=\"0\" allow=\"accelerometer; autoplay; clipboard-write; encrypted-media; gyroscope; picture-in-picture; web-share\" referrerpolicy=\"strict-origin-when-cross-origin\" allowfullscreen><\/iframe>\n<\/div><\/figure>\n\n\n\n<p class=\"has-text-align-center has-small-font-size\">Autoarquivamento de trabalhos acad\u00eamicos no Reposit\u00f3rio Institucional da UFMG (Fonte: Biblioteca Universit\u00e1ria UFMG)<\/p>\n","protected":false},"excerpt":{"rendered":"<p>O Reposit\u00f3rio Institucional da UFMG \u00e9 um ambiente digital que re\u00fane todo o conte\u00fado cient\u00edfico e intelectual produzido nas \u00e1reas &hellip; <\/p>\n","protected":false},"author":1,"featured_media":1113,"parent":0,"menu_order":0,"comment_status":"closed","ping_status":"closed","template":"","meta":{"_themeisle_gutenberg_block_has_review":false,"footnotes":""},"class_list":["post-102","page","type-page","status-publish","has-post-thumbnail","hentry"],"_links":{"self":[{"href":"https:\/\/www.bu.ufmg.br\/bcentral\/wp-json\/wp\/v2\/pages\/102","targetHints":{"allow":["GET"]}}],"collection":[{"href":"https:\/\/www.bu.ufmg.br\/bcentral\/wp-json\/wp\/v2\/pages"}],"about":[{"href":"https:\/\/www.bu.ufmg.br\/bcentral\/wp-json\/wp\/v2\/types\/page"}],"author":[{"embeddable":true,"href":"https:\/\/www.bu.ufmg.br\/bcentral\/wp-json\/wp\/v2\/users\/1"}],"replies":[{"embeddable":true,"href":"https:\/\/www.bu.ufmg.br\/bcentral\/wp-json\/wp\/v2\/comments?post=102"}],"version-history":[{"count":41,"href":"https:\/\/www.bu.ufmg.br\/bcentral\/wp-json\/wp\/v2\/pages\/102\/revisions"}],"predecessor-version":[{"id":3198,"href":"https:\/\/www.bu.ufmg.br\/bcentral\/wp-json\/wp\/v2\/pages\/102\/revisions\/3198"}],"wp:featuredmedia":[{"embeddable":true,"href":"https:\/\/www.bu.ufmg.br\/bcentral\/wp-json\/wp\/v2\/media\/1113"}],"wp:attachment":[{"href":"https:\/\/www.bu.ufmg.br\/bcentral\/wp-json\/wp\/v2\/media?parent=102"}],"curies":[{"name":"wp","href":"https:\/\/api.w.org\/{rel}","templated":true}]}}