{"id":101,"date":"2022-10-10T21:57:56","date_gmt":"2022-10-11T00:57:56","guid":{"rendered":"https:\/\/www.bu.ufmg.br\/bcentral\/?page_id=101"},"modified":"2022-11-27T14:01:50","modified_gmt":"2022-11-27T17:01:50","slug":"portal-capes","status":"publish","type":"page","link":"https:\/\/www.bu.ufmg.br\/bcentral\/portal-capes\/","title":{"rendered":"Portal Capes"},"content":{"rendered":"\n<p>O Portal de Peri\u00f3dicos da Coordena\u00e7\u00e3o de Aperfei\u00e7oamento de Pessoal de N\u00edvel Superior (CAPES) \u00e9 uma <strong>biblioteca virtual que re\u00fane e disponibiliza a institui\u00e7\u00f5es de ensino e pesquisa no Brasil, o melhor da produ\u00e7\u00e3o cient\u00edfica nacional e&nbsp; internacional. <\/strong><\/p>\n\n\n\n<p>Por meio da <a href=\"https:\/\/www.rnp.br\/servicos\/cafe\" target=\"_blank\" rel=\"noreferrer noopener\"><strong>Comunidade Acad\u00eamica Federada (CAFe)<\/strong><\/a>, \u00e9 poss\u00edvel acessar remotamente, de qualquer lugar e a qualquer hora,\u00a0o acervo da CAPES, bastando para isso estar conectado \u00e0 internet. <strong>O usu\u00e1rio ser\u00e1 identificado atrav\u00e9s do cadastro no <a rel=\"noreferrer noopener\" href=\"https:\/\/sistemas.ufmg.br\/idp\/login.jsp\" data-type=\"URL\" data-id=\"https:\/\/sistemas.ufmg.br\/idp\/login.jsp\" target=\"_blank\">minhaUFMG<\/a>.<\/strong><\/p>\n\n\n\n<p>Salientamos que as d\u00favidas sobre o funcionamento do Portal ou sobre a possibilidade de indicar conte\u00fados para compor o acervo da biblioteca virtual podem ser feitas pelo:<\/p>\n\n\n\n<ul class=\"wp-block-list\">\n<li>Canal de atendimento &#8220;Fale Conosco&#8221; do&nbsp;<a rel=\"noreferrer noopener\" href=\"http:\/\/www-periodicos-capes-gov-br.ez3.periodicos.capes.gov.br\/index.php?\" target=\"_blank\"><strong>Portal ou do site da CAPES<\/strong><\/a>;<\/li>\n\n\n\n<li>Liga\u00e7\u00f5es para o 0800-616161 (n\u00famero da Central do MEC), selecionando a op\u00e7\u00e3o &#8220;6&#8221;.<\/li>\n<\/ul>\n\n\n\n<p><strong>Voc\u00ea pode acessar o o Portal de Peri\u00f3dicos da CAPES clicando no bot\u00e3o a seguir:<\/strong><\/p>\n\n\n\n<div class=\"wp-block-buttons has-custom-font-size animated bounce has-medium-font-size is-horizontal is-content-justification-center is-layout-flex wp-container-core-buttons-is-layout-ddb39544 wp-block-buttons-is-layout-flex\">\n<div class=\"wp-block-button has-custom-width wp-block-button__width-50 is-style-outline is-style-outline--1\"><a class=\"wp-block-button__link has-white-color has-text-color has-background wp-element-button\" href=\"https:\/\/www-periodicos-capes-gov-br.ezl.periodicos.capes.gov.br\/index.php?\" style=\"background-color:#9cbe9c\" target=\"_blank\" rel=\"noreferrer noopener\">Acessar Peri\u00f3dicos da CAPES<\/a><\/div>\n<\/div>\n\n\n\n<div class=\"wp-block-columns alignfull has-text-color has-background is-layout-flex wp-container-core-columns-is-layout-9d6595d7 wp-block-columns-is-layout-flex\" style=\"color:#000000;background-color:#ffffff\">\n<div class=\"wp-block-column is-layout-flow wp-block-column-is-layout-flow\"><div class=\"wp-block-image is-style-default\">\n<figure class=\"aligncenter size-large is-resized\"><img loading=\"lazy\" decoding=\"async\" src=\"https:\/\/www.bu.ufmg.br\/bcentral\/wp-content\/uploads\/2022\/10\/capesperiodicos-1024x512.png\" alt=\"Logo do Portal de Peri\u00f3dicos da Coordena\u00e7\u00e3o de Aperfei\u00e7oamento de Pessoal de N\u00edvel Superior (CAPES).\" class=\"wp-image-557\" width=\"516\" height=\"258\" srcset=\"https:\/\/www.bu.ufmg.br\/bcentral\/wp-content\/uploads\/2022\/10\/capesperiodicos-1024x512.png 1024w, https:\/\/www.bu.ufmg.br\/bcentral\/wp-content\/uploads\/2022\/10\/capesperiodicos-300x150.png 300w, https:\/\/www.bu.ufmg.br\/bcentral\/wp-content\/uploads\/2022\/10\/capesperiodicos-768x384.png 768w, https:\/\/www.bu.ufmg.br\/bcentral\/wp-content\/uploads\/2022\/10\/capesperiodicos-120x60.png 120w, https:\/\/www.bu.ufmg.br\/bcentral\/wp-content\/uploads\/2022\/10\/capesperiodicos.png 1292w\" sizes=\"auto, (max-width: 516px) 100vw, 516px\" \/><\/figure>\n<\/div><\/div>\n<\/div>\n","protected":false},"excerpt":{"rendered":"<p>O Portal de Peri\u00f3dicos da Coordena\u00e7\u00e3o de Aperfei\u00e7oamento de Pessoal de N\u00edvel Superior (CAPES) \u00e9 uma biblioteca virtual que re\u00fane &hellip; <\/p>\n","protected":false},"author":1,"featured_media":1115,"parent":0,"menu_order":0,"comment_status":"closed","ping_status":"closed","template":"","meta":{"_themeisle_gutenberg_block_has_review":false,"footnotes":""},"class_list":["post-101","page","type-page","status-publish","has-post-thumbnail","hentry"],"_links":{"self":[{"href":"https:\/\/www.bu.ufmg.br\/bcentral\/wp-json\/wp\/v2\/pages\/101","targetHints":{"allow":["GET"]}}],"collection":[{"href":"https:\/\/www.bu.ufmg.br\/bcentral\/wp-json\/wp\/v2\/pages"}],"about":[{"href":"https:\/\/www.bu.ufmg.br\/bcentral\/wp-json\/wp\/v2\/types\/page"}],"author":[{"embeddable":true,"href":"https:\/\/www.bu.ufmg.br\/bcentral\/wp-json\/wp\/v2\/users\/1"}],"replies":[{"embeddable":true,"href":"https:\/\/www.bu.ufmg.br\/bcentral\/wp-json\/wp\/v2\/comments?post=101"}],"version-history":[{"count":18,"href":"https:\/\/www.bu.ufmg.br\/bcentral\/wp-json\/wp\/v2\/pages\/101\/revisions"}],"predecessor-version":[{"id":2526,"href":"https:\/\/www.bu.ufmg.br\/bcentral\/wp-json\/wp\/v2\/pages\/101\/revisions\/2526"}],"wp:featuredmedia":[{"embeddable":true,"href":"https:\/\/www.bu.ufmg.br\/bcentral\/wp-json\/wp\/v2\/media\/1115"}],"wp:attachment":[{"href":"https:\/\/www.bu.ufmg.br\/bcentral\/wp-json\/wp\/v2\/media?parent=101"}],"curies":[{"name":"wp","href":"https:\/\/api.w.org\/{rel}","templated":true}]}}