{"id":100,"date":"2022-10-10T21:57:56","date_gmt":"2022-10-11T00:57:56","guid":{"rendered":"https:\/\/www.bu.ufmg.br\/bcentral\/?page_id=100"},"modified":"2024-10-10T11:32:20","modified_gmt":"2024-10-10T14:32:20","slug":"catalogo-online","status":"publish","type":"page","link":"https:\/\/www.bu.ufmg.br\/bcentral\/catalogo-online\/","title":{"rendered":"Cat\u00e1logo Online"},"content":{"rendered":"\n<p>O cat\u00e1logo online permite a pesquisa, a reserva e a renova\u00e7\u00e3o de t\u00edtulos do acervo do Sistema de Bibliotecas da UFMG.\u00a0<strong>Utilizando o n\u00famero de matr\u00edcula e a senha, o usu\u00e1rio pode fazer login e realizar as seguintes a\u00e7\u00f5es:<\/strong><\/p>\n\n\n\n<ul class=\"wp-block-list\">\n<li>Renovar os materiais emprestados;<\/li>\n\n\n\n<li>Verificar a situa\u00e7\u00e3o (status) das reservas efetuadas;<\/li>\n\n\n\n<li>Consultar multas referentes \u00e0 devolu\u00e7\u00e3o de materiais em atraso;<\/li>\n\n\n\n<li>Gerar a Guia de Recolhimento da Uni\u00e3o &#8211; GRU para quitar d\u00e9bitos.<br><\/li>\n<\/ul>\n\n\n\n<p><strong>Voc\u00ea pode acessar o cat\u00e1logo online  Pergamum clicando no bot\u00e3o a seguir, ou atrav\u00e9s do QR CODE: <\/strong><img loading=\"lazy\" decoding=\"async\" width=\"150\" height=\"150\" class=\"wp-image-3059\" style=\"width: 150px;\" src=\"https:\/\/www.bu.ufmg.br\/bcentral\/wp-content\/uploads\/2024\/09\/Design-sem-nome-32.jpg\" alt=\"\" srcset=\"https:\/\/www.bu.ufmg.br\/bcentral\/wp-content\/uploads\/2024\/09\/Design-sem-nome-32.jpg 1080w, https:\/\/www.bu.ufmg.br\/bcentral\/wp-content\/uploads\/2024\/09\/Design-sem-nome-32-300x300.jpg 300w, https:\/\/www.bu.ufmg.br\/bcentral\/wp-content\/uploads\/2024\/09\/Design-sem-nome-32-1024x1024.jpg 1024w, https:\/\/www.bu.ufmg.br\/bcentral\/wp-content\/uploads\/2024\/09\/Design-sem-nome-32-150x150.jpg 150w, https:\/\/www.bu.ufmg.br\/bcentral\/wp-content\/uploads\/2024\/09\/Design-sem-nome-32-768x768.jpg 768w, https:\/\/www.bu.ufmg.br\/bcentral\/wp-content\/uploads\/2024\/09\/Design-sem-nome-32-60x60.jpg 60w\" sizes=\"auto, (max-width: 150px) 100vw, 150px\" \/><\/p>\n\n\n\n<div class=\"wp-block-buttons has-custom-font-size animated bounce has-medium-font-size is-horizontal is-content-justification-center is-layout-flex wp-container-core-buttons-is-layout-ddb39544 wp-block-buttons-is-layout-flex\">\n<div class=\"wp-block-button has-custom-width wp-block-button__width-50 is-style-outline is-style-outline--1\"><a class=\"wp-block-button__link has-white-color has-text-color has-background wp-element-button\" href=\"https:\/\/catalogobiblioteca.ufmg.br\/pergamum\/biblioteca\/index.php\" style=\"background-color:#9cbe9c\" target=\"_blank\" rel=\"noreferrer noopener\">Cat\u00e1logo online UFMG<\/a><\/div>\n<\/div>\n","protected":false},"excerpt":{"rendered":"<p>O cat\u00e1logo online permite a pesquisa, a reserva e a renova\u00e7\u00e3o de t\u00edtulos do acervo do Sistema de Bibliotecas da &hellip; <\/p>\n","protected":false},"author":1,"featured_media":552,"parent":0,"menu_order":0,"comment_status":"closed","ping_status":"closed","template":"","meta":{"_themeisle_gutenberg_block_has_review":false,"footnotes":""},"class_list":["post-100","page","type-page","status-publish","has-post-thumbnail","hentry"],"_links":{"self":[{"href":"https:\/\/www.bu.ufmg.br\/bcentral\/wp-json\/wp\/v2\/pages\/100","targetHints":{"allow":["GET"]}}],"collection":[{"href":"https:\/\/www.bu.ufmg.br\/bcentral\/wp-json\/wp\/v2\/pages"}],"about":[{"href":"https:\/\/www.bu.ufmg.br\/bcentral\/wp-json\/wp\/v2\/types\/page"}],"author":[{"embeddable":true,"href":"https:\/\/www.bu.ufmg.br\/bcentral\/wp-json\/wp\/v2\/users\/1"}],"replies":[{"embeddable":true,"href":"https:\/\/www.bu.ufmg.br\/bcentral\/wp-json\/wp\/v2\/comments?post=100"}],"version-history":[{"count":25,"href":"https:\/\/www.bu.ufmg.br\/bcentral\/wp-json\/wp\/v2\/pages\/100\/revisions"}],"predecessor-version":[{"id":3212,"href":"https:\/\/www.bu.ufmg.br\/bcentral\/wp-json\/wp\/v2\/pages\/100\/revisions\/3212"}],"wp:featuredmedia":[{"embeddable":true,"href":"https:\/\/www.bu.ufmg.br\/bcentral\/wp-json\/wp\/v2\/media\/552"}],"wp:attachment":[{"href":"https:\/\/www.bu.ufmg.br\/bcentral\/wp-json\/wp\/v2\/media?parent=100"}],"curies":[{"name":"wp","href":"https:\/\/api.w.org\/{rel}","templated":true}]}}